{"id":9002,"date":"2020-12-14T13:56:06","date_gmt":"2020-12-14T13:56:06","guid":{"rendered":"https:\/\/companyhub.liquid-themes.com\/staging\/?page_id=9002"},"modified":"2023-02-26T03:48:43","modified_gmt":"2023-02-26T00:48:43","slug":"iletisim","status":"publish","type":"page","link":"https:\/\/klisef.com.tr\/yeni\/iletisim\/","title":{"rendered":"\u0130leti\u015fim"},"content":{"rendered":"\t\t<div data-elementor-type=\"wp-page\" data-elementor-id=\"9002\" class=\"elementor elementor-9002\">\n\t\t\t\t\t\t\t<div class=\"elementor-element elementor-element-04da40a e-con-boxed e-con\" data-id=\"04da40a\" data-element_type=\"container\" data-settings=\"{&quot;content_width&quot;:&quot;boxed&quot;}\">\n\t\t\t\t\t<div class=\"e-con-inner\">\n\t\t<div class=\"elementor-element elementor-element-7ee8076 e-con-full e-con\" data-id=\"7ee8076\" data-element_type=\"container\" data-settings=\"{&quot;content_width&quot;:&quot;full&quot;}\">\n\t\t\t\t<div class=\"elementor-element elementor-element-57c07bd elementor-widget elementor-widget-hub_fancy_heading\" data-id=\"57c07bd\" data-element_type=\"widget\" data-widget_type=\"hub_fancy_heading.default\">\n\t\t\t\t<div class=\"elementor-widget-container\">\n\t\t\t\n\t\t<div id=\"ld-fancy-heading-69f0a629b1774\" class=\"ld-fancy-heading pos-rel\">\n\t\t\t<h6 class=\"ld-fh-element d-inline-block pos-rel  elementor-heading-title lqd-highlight-classic lqd-highlight-grow-left h6\"  > Klisef klima<\/h6>\t\t<\/div>\n\n\t\t\t\t<\/div>\n\t\t\t\t<\/div>\n\t\t\t\t<div class=\"elementor-element elementor-element-e47477a elementor-widget elementor-widget-hub_fancy_heading\" data-id=\"e47477a\" data-element_type=\"widget\" data-widget_type=\"hub_fancy_heading.default\">\n\t\t\t\t<div class=\"elementor-widget-container\">\n\t\t\t\n\t\t<div id=\"ld-fancy-heading-69f0a629b2674\" class=\"ld-fancy-heading pos-rel\">\n\t\t\t<h2 class=\"ld-fh-element d-inline-block pos-rel  elementor-heading-title lqd-highlight-classic lqd-highlight-grow-left h2\"  > \u0130leti\u015fim Bilgilerimiz<\/h2>\t\t<\/div>\n\n\t\t\t\t<\/div>\n\t\t\t\t<\/div>\n\t\t\t\t<div class=\"elementor-element elementor-element-f938377 elementor-widget elementor-widget-text-editor\" data-id=\"f938377\" data-element_type=\"widget\" data-widget_type=\"text-editor.default\">\n\t\t\t\t<div class=\"elementor-widget-container\">\n\t\t\t<style>\/*! elementor - v3.8.1 - 13-11-2022 *\/\n.elementor-widget-text-editor.elementor-drop-cap-view-stacked .elementor-drop-cap{background-color:#818a91;color:#fff}.elementor-widget-text-editor.elementor-drop-cap-view-framed .elementor-drop-cap{color:#818a91;border:3px solid;background-color:transparent}.elementor-widget-text-editor:not(.elementor-drop-cap-view-default) .elementor-drop-cap{margin-top:8px}.elementor-widget-text-editor:not(.elementor-drop-cap-view-default) .elementor-drop-cap-letter{width:1em;height:1em}.elementor-widget-text-editor .elementor-drop-cap{float:left;text-align:center;line-height:1;font-size:50px}.elementor-widget-text-editor .elementor-drop-cap-letter{display:inline-block}<\/style>\t\t\t\t<p>M\u00fc\u015fteri memnuniyeti birinci \u00f6nceli\u011fimizdir. Hafta i\u00e7i ve Cumartesi g\u00fcn\u00fc 08:00-18:00 saatleri aras\u0131nda M\u00fc\u015fteri Hizmetleri Departman\u0131m\u0131za ula\u015fabilirsiniz.<\/p>\t\t\t\t\t\t<\/div>\n\t\t\t\t<\/div>\n\t\t\t\t<div class=\"elementor-element elementor-element-f0c7627 elementor-align-left elementor-widget elementor-widget-ld_icon_box\" data-id=\"f0c7627\" data-element_type=\"widget\" data-widget_type=\"ld_icon_box.default\">\n\t\t\t\t<div class=\"elementor-widget-container\">\n\t\t\t\n\t\t\t<div id=\"ld_icon_box_f0c7627\" class=\"iconbox d-flex flex-grow-1 pos-rel align-items-center iconbox-side\"   >\n\t\t\t\t\n\t\t\t\t\t\n\t\t\t\t\n\t\t\t\t<div class=\"iconbox-icon-wrap  \"><div class=\"iconbox-icon-container d-inline-flex   \"><i aria-hidden=\"true\" class=\"fas fa-phone-alt\"><\/i><\/div><\/div>\t\t\t\t\n\t\t\t\t\t\t\t\t\n\t\t\t\t<div class=\"contents \">\t\t\t\t\n\t\t\t\t\t\t\t\t\n\t\t\t\t<p class=\"lqd-iconbox-heading \" >\u0130rtibat <\/p>\t\t\t\t<p>+90 312 395 14 50\u200b<\/p>\n\t\t\t\t\t\t\t\t\n\t\t\t\t<\/div>\t\t\t\t\n\t\t\t\t\n\t\t\t<\/div>\n\n\t\t\t\t<\/div>\n\t\t\t\t<\/div>\n\t\t\t\t<div class=\"elementor-element elementor-element-141491b elementor-align-left elementor-widget elementor-widget-ld_icon_box\" data-id=\"141491b\" data-element_type=\"widget\" data-widget_type=\"ld_icon_box.default\">\n\t\t\t\t<div class=\"elementor-widget-container\">\n\t\t\t\n\t\t\t<div id=\"ld_icon_box_141491b\" class=\"iconbox d-flex flex-grow-1 pos-rel align-items-center iconbox-side\"   >\n\t\t\t\t\n\t\t\t\t\t\n\t\t\t\t\n\t\t\t\t<div class=\"iconbox-icon-wrap  \"><div class=\"iconbox-icon-container d-inline-flex   \"><i aria-hidden=\"true\" class=\"fab fa-whatsapp\"><\/i><\/div><\/div>\t\t\t\t\n\t\t\t\t\t\t\t\t\n\t\t\t\t<div class=\"contents \">\t\t\t\t\n\t\t\t\t\t\t\t\t\n\t\t\t\t<p class=\"lqd-iconbox-heading \" >\u0130rtibat <\/p>\t\t\t\t<p>+90 (555) 111 22 33\u200b<\/p>\n\t\t\t\t\t\t\t\t\n\t\t\t\t<\/div>\t\t\t\t\n\t\t\t\t\n\t\t\t<\/div>\n\n\t\t\t\t<\/div>\n\t\t\t\t<\/div>\n\t\t\t\t<div class=\"elementor-element elementor-element-85925c7 elementor-align-left elementor-widget elementor-widget-ld_icon_box\" data-id=\"85925c7\" data-element_type=\"widget\" data-widget_type=\"ld_icon_box.default\">\n\t\t\t\t<div class=\"elementor-widget-container\">\n\t\t\t\n\t\t\t<div id=\"ld_icon_box_85925c7\" class=\"iconbox d-flex flex-grow-1 pos-rel align-items-center iconbox-side\"   >\n\t\t\t\t\n\t\t\t\t\t\n\t\t\t\t\n\t\t\t\t<div class=\"iconbox-icon-wrap  \"><div class=\"iconbox-icon-container d-inline-flex   \"><i aria-hidden=\"true\" class=\"far fa-envelope\"><\/i><\/div><\/div>\t\t\t\t\n\t\t\t\t\t\t\t\t\n\t\t\t\t<div class=\"contents \">\t\t\t\t\n\t\t\t\t\t\t\t\t\n\t\t\t\t<p class=\"lqd-iconbox-heading \" >E-Posta <\/p>\t\t\t\t<p>info@klisef.com.tr\u200b<\/p>\n\t\t\t\t\t\t\t\t\n\t\t\t\t<\/div>\t\t\t\t\n\t\t\t\t\n\t\t\t<\/div>\n\n\t\t\t\t<\/div>\n\t\t\t\t<\/div>\n\t\t\t\t<div class=\"elementor-element elementor-element-1c1dc4d elementor-align-left elementor-widget elementor-widget-ld_icon_box\" data-id=\"1c1dc4d\" data-element_type=\"widget\" data-widget_type=\"ld_icon_box.default\">\n\t\t\t\t<div class=\"elementor-widget-container\">\n\t\t\t\n\t\t\t<div id=\"ld_icon_box_1c1dc4d\" class=\"iconbox d-flex flex-grow-1 pos-rel align-items-center iconbox-side\"   >\n\t\t\t\t\n\t\t\t\t\t\n\t\t\t\t\n\t\t\t\t<div class=\"iconbox-icon-wrap  \"><div class=\"iconbox-icon-container d-inline-flex   \"><i aria-hidden=\"true\" class=\"fas fa-map-marker-alt\"><\/i><\/div><\/div>\t\t\t\t\n\t\t\t\t\t\t\t\t\n\t\t\t\t<div class=\"contents \">\t\t\t\t\n\t\t\t\t\t\t\t\t\n\t\t\t\t<p class=\"lqd-iconbox-heading \" >Adres <\/p>\t\t\t\t<p>Saracalar Mah. 57. Cadde No : 19 Akyurt \/ANKARA\u200b<\/p>\n\t\t\t\t\t\t\t\t\n\t\t\t\t<\/div>\t\t\t\t\n\t\t\t\t\n\t\t\t<\/div>\n\n\t\t\t\t<\/div>\n\t\t\t\t<\/div>\n\t\t\t\t<\/div>\n\t\t<div class=\"elementor-element elementor-element-720c7c1 e-con-full e-con\" data-id=\"720c7c1\" data-element_type=\"container\" data-settings=\"{&quot;content_width&quot;:&quot;full&quot;}\">\n\t\t\t\t<div class=\"elementor-element elementor-element-a22488e elementor-widget elementor-widget-hub_fancy_heading\" data-id=\"a22488e\" data-element_type=\"widget\" data-widget_type=\"hub_fancy_heading.default\">\n\t\t\t\t<div class=\"elementor-widget-container\">\n\t\t\t\n\t\t<div id=\"ld-fancy-heading-69f0a629c2a73\" class=\"ld-fancy-heading pos-rel\">\n\t\t\t<h6 class=\"ld-fh-element d-inline-block pos-rel  elementor-heading-title lqd-highlight-classic lqd-highlight-grow-left h6\"  > Klisef klima<\/h6>\t\t<\/div>\n\n\t\t\t\t<\/div>\n\t\t\t\t<\/div>\n\t\t\t\t<div class=\"elementor-element elementor-element-16263f7 elementor-widget elementor-widget-hub_fancy_heading\" data-id=\"16263f7\" data-element_type=\"widget\" data-widget_type=\"hub_fancy_heading.default\">\n\t\t\t\t<div class=\"elementor-widget-container\">\n\t\t\t\n\t\t<div id=\"ld-fancy-heading-69f0a629c33e7\" class=\"ld-fancy-heading pos-rel\">\n\t\t\t<h2 class=\"ld-fh-element d-inline-block pos-rel  elementor-heading-title lqd-highlight-classic lqd-highlight-grow-left h2\"  > \u0130leti\u015fim Formu<\/h2>\t\t<\/div>\n\n\t\t\t\t<\/div>\n\t\t\t\t<\/div>\n\t\t\t\t<div class=\"elementor-element elementor-element-d414318 elementor-widget elementor-widget-ld_cf722\" data-id=\"d414318\" data-element_type=\"widget\" data-widget_type=\"ld_cf722.default\">\n\t\t\t\t<div class=\"elementor-widget-container\">\n\t\t\t\n\t<div class=\"lqd-contact-form\" >\n\t\t<div role=\"form\" class=\"wpcf7\" id=\"wpcf7-f8654-o1\" lang=\"en-US\" dir=\"ltr\">\n<div class=\"screen-reader-response\"><p role=\"status\" aria-live=\"polite\" aria-atomic=\"true\"><\/p> <ul><\/ul><\/div>\n<form action=\"\/yeni\/wp-json\/wp\/v2\/pages\/9002#wpcf7-f8654-o1\" method=\"post\" class=\"wpcf7-form init\" novalidate=\"novalidate\" data-status=\"init\">\n<div style=\"display: none;\">\n<input type=\"hidden\" name=\"_wpcf7\" value=\"8654\" \/>\n<input type=\"hidden\" name=\"_wpcf7_version\" value=\"5.6.4\" \/>\n<input type=\"hidden\" name=\"_wpcf7_locale\" value=\"en_US\" \/>\n<input type=\"hidden\" name=\"_wpcf7_unit_tag\" value=\"wpcf7-f8654-o1\" \/>\n<input type=\"hidden\" name=\"_wpcf7_container_post\" value=\"0\" \/>\n<input type=\"hidden\" name=\"_wpcf7_posted_data_hash\" value=\"\" \/>\n<\/div>\n<div class=\"row\">\n<div class=\"col-md-6\">\n<span class=\"wpcf7-form-control-wrap\" data-name=\"text-619\"><input type=\"text\" name=\"text-619\" value=\"\" size=\"40\" class=\"wpcf7-form-control wpcf7-text wpcf7-validates-as-required\" aria-required=\"true\" aria-invalid=\"false\" placeholder=\"Ad-Soyad\" \/><\/span>\n<\/div>\n<div class=\"col-md-6\">\n<span class=\"wpcf7-form-control-wrap\" data-name=\"email-899\"><input type=\"email\" name=\"email-899\" value=\"\" size=\"40\" class=\"wpcf7-form-control wpcf7-text wpcf7-email wpcf7-validates-as-required wpcf7-validates-as-email\" aria-required=\"true\" aria-invalid=\"false\" placeholder=\"E-Posta\" \/><\/span>\n<\/div>\n<div class=\"col-md-6\">\n<span class=\"wpcf7-form-control-wrap\" data-name=\"phone-899\"><input type=\"text\" name=\"phone-899\" value=\"\" size=\"40\" class=\"wpcf7-form-control wpcf7-text wpcf7-validates-as-required\" aria-required=\"true\" aria-invalid=\"false\" placeholder=\"Telefon\" \/><\/span>\n<\/div>\n<div class=\"col-md-6\">\n<span class=\"wpcf7-form-control-wrap\" data-name=\"menu-251\"><select name=\"menu-251\" class=\"wpcf7-form-control wpcf7-select wpcf7-validates-as-required\" aria-required=\"true\" aria-invalid=\"false\"><option value=\"\u0130lgilendi\u011finiz \u00dcr\u00fcn Grubu\">\u0130lgilendi\u011finiz \u00dcr\u00fcn Grubu<\/option><option value=\"\u00dc-1\">\u00dc-1<\/option><option value=\"\u00dc-2\">\u00dc-2<\/option><option value=\"\u00dc-3\">\u00dc-3<\/option><option value=\"\u00dc-4\">\u00dc-4<\/option><option value=\"\u00dc-5\">\u00dc-5<\/option><\/select><\/span>\n<\/div>\n<div class=\"col-md-12\">\n<span class=\"wpcf7-form-control-wrap\" data-name=\"textarea-889\"><textarea name=\"textarea-889\" cols=\"10\" rows=\"4\" class=\"wpcf7-form-control wpcf7-textarea wpcf7-validates-as-required\" aria-required=\"true\" aria-invalid=\"false\" placeholder=\"Mesaj\u0131n\u0131z\"><\/textarea><\/span>\n<\/div>\n<div class=\"col-md-12\">\n<input type=\"submit\" value=\"G\u00f6nder\" class=\"wpcf7-form-control has-spinner wpcf7-submit\" \/>\n<\/div>\n<\/div>\n<div class=\"wpcf7-response-output\" aria-hidden=\"true\"><\/div><\/form><\/div>\t<\/div>\n\n\t\t\t<\/div>\n\t\t\t\t<\/div>\n\t\t\t\t<\/div>\n\t\t\t\t\t<\/div>\n\t\t\t\t<\/div>\n\t\t<div class=\"elementor-element elementor-element-67803ad e-con-boxed e-con\" data-id=\"67803ad\" data-element_type=\"container\" data-settings=\"{&quot;content_width&quot;:&quot;boxed&quot;}\">\n\t\t\t\t\t<div class=\"e-con-inner\">\n\t\t\t\t<div class=\"elementor-element elementor-element-529e605 elementor-widget elementor-widget-google_maps\" data-id=\"529e605\" data-element_type=\"widget\" data-widget_type=\"google_maps.default\">\n\t\t\t\t<div class=\"elementor-widget-container\">\n\t\t\t<style>\/*! elementor - v3.8.1 - 13-11-2022 *\/\n.elementor-widget-google_maps .elementor-widget-container{overflow:hidden}.elementor-widget-google_maps iframe{height:300px}<\/style>\t\t<div class=\"elementor-custom-embed\">\n\t\t\t<iframe frameborder=\"0\" scrolling=\"no\" marginheight=\"0\" marginwidth=\"0\"\n\t\t\t\t\tsrc=\"https:\/\/maps.google.com\/maps?q=Saracalar%2C%20KL%C4%B0SEF%2C%2057.%20Sokak%2C%20Akyurt%2FAnkara&#038;t=m&#038;z=16&#038;output=embed&#038;iwloc=near\"\n\t\t\t\t\ttitle=\"Saracalar, KL\u0130SEF, 57. Sokak, Akyurt\/Ankara\"\n\t\t\t\t\taria-label=\"Saracalar, KL\u0130SEF, 57. Sokak, Akyurt\/Ankara\"\n\t\t\t><\/iframe>\n\t\t<\/div>\n\t\t\t\t<\/div>\n\t\t\t\t<\/div>\n\t\t\t\t\t<\/div>\n\t\t\t\t<\/div>\n\t\t\t\t\t\t\t<\/div>\n\t\t","protected":false},"excerpt":{"rendered":"<p>Klisef klima \u0130leti\u015fim Bilgilerimiz M\u00fc\u015fteri memnuniyeti birinci \u00f6nceli\u011fimizdir. Hafta i\u00e7i ve Cumartesi g\u00fcn\u00fc 08:00-18:00 saatleri aras\u0131nda M\u00fc\u015fteri Hizmetleri Departman\u0131m\u0131za ula\u015fabilirsiniz. \u0130rtibat +90 312 395 14 50\u200b \u0130rtibat +90 (555) 111 22 33\u200b E-Posta info@klisef.com.tr\u200b Adres Saracalar Mah. 57. Cadde No : 19 Akyurt \/ANKARA\u200b Klisef klima \u0130leti\u015fim Formu \u0130lgilendi\u011finiz \u00dcr\u00fcn Grubu\u00dc-1\u00dc-2\u00dc-3\u00dc-4\u00dc-5<\/p>\n","protected":false},"author":1,"featured_media":0,"parent":0,"menu_order":0,"comment_status":"closed","ping_status":"closed","template":"","meta":{"footnotes":""},"class_list":["post-9002","page","type-page","status-publish","hentry"],"_links":{"self":[{"href":"https:\/\/klisef.com.tr\/yeni\/wp-json\/wp\/v2\/pages\/9002","targetHints":{"allow":["GET"]}}],"collection":[{"href":"https:\/\/klisef.com.tr\/yeni\/wp-json\/wp\/v2\/pages"}],"about":[{"href":"https:\/\/klisef.com.tr\/yeni\/wp-json\/wp\/v2\/types\/page"}],"author":[{"embeddable":true,"href":"https:\/\/klisef.com.tr\/yeni\/wp-json\/wp\/v2\/users\/1"}],"replies":[{"embeddable":true,"href":"https:\/\/klisef.com.tr\/yeni\/wp-json\/wp\/v2\/comments?post=9002"}],"version-history":[{"count":7,"href":"https:\/\/klisef.com.tr\/yeni\/wp-json\/wp\/v2\/pages\/9002\/revisions"}],"predecessor-version":[{"id":11372,"href":"https:\/\/klisef.com.tr\/yeni\/wp-json\/wp\/v2\/pages\/9002\/revisions\/11372"}],"wp:attachment":[{"href":"https:\/\/klisef.com.tr\/yeni\/wp-json\/wp\/v2\/media?parent=9002"}],"curies":[{"name":"wp","href":"https:\/\/api.w.org\/{rel}","templated":true}]}}