{"id":8958,"date":"2020-12-14T07:27:37","date_gmt":"2020-12-14T07:27:37","guid":{"rendered":"https:\/\/companyhub.liquid-themes.com\/staging\/?page_id=8958"},"modified":"2023-02-25T18:48:13","modified_gmt":"2023-02-25T15:48:13","slug":"kurumsal","status":"publish","type":"page","link":"https:\/\/klisef.com.tr\/yeni\/kurumsal\/","title":{"rendered":"Kurumsal"},"content":{"rendered":"\t\t<div data-elementor-type=\"wp-page\" data-elementor-id=\"8958\" class=\"elementor elementor-8958\">\n\t\t\t\t\t\t\t\t\t<section class=\"elementor-section elementor-top-section elementor-element elementor-element-df71ffa elementor-section-content-middle elementor-section-boxed elementor-section-height-default elementor-section-height-default\" data-id=\"df71ffa\" data-element_type=\"section\" data-settings=\"{&quot;background_background&quot;:&quot;classic&quot;}\">\n\t\t\t\t\t\t<div class=\"elementor-container elementor-column-gap-default\">\n\t\t\t\t\t<div class=\"elementor-column elementor-col-50 elementor-top-column elementor-element elementor-element-ef807eb\" data-id=\"ef807eb\" data-element_type=\"column\">\n\t\t\t<div class=\"elementor-widget-wrap elementor-element-populated\">\n\t\t\t\t\t\t\t\t<div class=\"elementor-element elementor-element-99e6870 elementor-widget elementor-widget-hub_fancy_heading\" data-id=\"99e6870\" data-element_type=\"widget\" data-widget_type=\"hub_fancy_heading.default\">\n\t\t\t\t<div class=\"elementor-widget-container\">\n\t\t\t\n\t\t<div id=\"ld-fancy-heading-69f0a6283db2e\" class=\"ld-fancy-heading pos-rel\">\n\t\t\t<h6 class=\"ld-fh-element d-inline-block pos-rel  elementor-heading-title lqd-highlight-classic lqd-highlight-grow-left h6\"  > Klisef klima<\/h6>\t\t<\/div>\n\n\t\t\t\t<\/div>\n\t\t\t\t<\/div>\n\t\t\t\t<div class=\"elementor-element elementor-element-c1fc0f3 elementor-widget elementor-widget-hub_fancy_heading\" data-id=\"c1fc0f3\" data-element_type=\"widget\" data-widget_type=\"hub_fancy_heading.default\">\n\t\t\t\t<div class=\"elementor-widget-container\">\n\t\t\t\n\t\t<div id=\"ld-fancy-heading-69f0a6283f2be\" class=\"ld-fancy-heading pos-rel\">\n\t\t\t<h2 class=\"ld-fh-element d-inline-block pos-rel  elementor-heading-title lqd-highlight-classic lqd-highlight-grow-left h2\"  > Hakk\u0131m\u0131zda<\/h2>\t\t<\/div>\n\n\t\t\t\t<\/div>\n\t\t\t\t<\/div>\n\t\t\t\t<div class=\"elementor-element elementor-element-ed8a463 elementor-widget elementor-widget-text-editor\" data-id=\"ed8a463\" data-element_type=\"widget\" data-widget_type=\"text-editor.default\">\n\t\t\t\t<div class=\"elementor-widget-container\">\n\t\t\t<style>\/*! elementor - v3.8.1 - 13-11-2022 *\/\n.elementor-widget-text-editor.elementor-drop-cap-view-stacked .elementor-drop-cap{background-color:#818a91;color:#fff}.elementor-widget-text-editor.elementor-drop-cap-view-framed .elementor-drop-cap{color:#818a91;border:3px solid;background-color:transparent}.elementor-widget-text-editor:not(.elementor-drop-cap-view-default) .elementor-drop-cap{margin-top:8px}.elementor-widget-text-editor:not(.elementor-drop-cap-view-default) .elementor-drop-cap-letter{width:1em;height:1em}.elementor-widget-text-editor .elementor-drop-cap{float:left;text-align:center;line-height:1;font-size:50px}.elementor-widget-text-editor .elementor-drop-cap-letter{display:inline-block}<\/style>\t\t\t\t<p>Klisef 2015 y\u0131l\u0131nda kurulmu\u015f olup, \u015fu anda Saracalar Mah. 57. Cadde No : 19 Akyurt \/ANKARA \u2018da 12.000 m2 kare a\u00e7\u0131k alan ve 5 000 m2 kapal\u0131 alanda\u00a0 80 \u00e7al\u0131\u015fanl\u0131, m\u00fchendis ve teknik kadrodan olu\u015fan y\u0131ll\u0131k y\u00fczlerce klima santralleri \u00fcretim kapasitesine sahip bir firmad\u0131r.<\/p>\t\t\t\t\t\t<\/div>\n\t\t\t\t<\/div>\n\t\t\t\t<div class=\"elementor-element elementor-element-ad7995b elementor-align-center elementor-widget elementor-widget-ld_button\" data-id=\"ad7995b\" data-element_type=\"widget\" data-widget_type=\"ld_button.default\">\n\t\t\t\t<div class=\"elementor-widget-container\">\n\t\t\t\n\t\t<a  href=\"iletisim\" class=\"elementor-button btn ws-nowrap btn-solid btn-sm btn-icon-left btn-has-label\" >\n\t\t\t\t\t\t\t<span class=\"btn-txt\"  data-text=\"\u0130leti\u015fim\" >\u0130leti\u015fim<\/span>\n\t\t\t\t\t\t\t\t\t\t\t<span class=\"btn-icon\">\n\t\t\t\t\t\t<i aria-hidden=\"true\" class=\"fas fa-phone-square-alt\"><\/i>\t\t\t\t\t<\/span>\n\t\t\t\t\t\t\t<\/a>\n\n\t\t\t\t<\/div>\n\t\t\t\t<\/div>\n\t\t\t\t\t<\/div>\n\t\t<\/div>\n\t\t\t\t<div class=\"elementor-column elementor-col-50 elementor-top-column elementor-element elementor-element-e6731a7\" data-id=\"e6731a7\" data-element_type=\"column\">\n\t\t\t<div class=\"elementor-widget-wrap elementor-element-populated\">\n\t\t\t\t\t\t\t\t<div class=\"elementor-element elementor-element-ac2371d elementor-widget elementor-widget-image\" data-id=\"ac2371d\" data-element_type=\"widget\" data-widget_type=\"image.default\">\n\t\t\t\t<div class=\"elementor-widget-container\">\n\t\t\t<style>\/*! elementor - v3.8.1 - 13-11-2022 *\/\n.elementor-widget-image{text-align:center}.elementor-widget-image a{display:inline-block}.elementor-widget-image a img[src$=\".svg\"]{width:48px}.elementor-widget-image img{vertical-align:middle;display:inline-block}<\/style>\t\t\t\t\t\t\t\t\t\t\t\t<img decoding=\"async\" width=\"700\" height=\"450\" src=\"https:\/\/klisef.com.tr\/yeni\/wp-content\/uploads\/2023\/02\/giris-1-700x450.jpg\" class=\"attachment-liquid-style1-lb size-liquid-style1-lb\" alt=\"\" \/>\t\t\t\t\t\t\t\t\t\t\t\t\t\t\t<\/div>\n\t\t\t\t<\/div>\n\t\t\t\t\t<\/div>\n\t\t<\/div>\n\t\t\t\t\t\t\t<\/div>\n\t\t<\/section>\n\t\t\t\t<section data-custom-animations=\"true\" data-ca-options=\"{&quot;addChildTimelines&quot;:false,&quot;animationTarget&quot;:&quot;:scope &gt; .elementor-container &gt; .elementor-column&quot;,&quot;ease&quot;:[&quot;power4.out&quot;],&quot;initValues&quot;:{&quot;opacity&quot;:0},&quot;animations&quot;:{&quot;opacity&quot;:1}}\" class=\"elementor-section elementor-top-section elementor-element elementor-element-a71e4a5 elementor-section-boxed elementor-section-height-default elementor-section-height-default\" data-id=\"a71e4a5\" data-element_type=\"section\" data-settings=\"{&quot;background_background&quot;:&quot;classic&quot;}\">\n\t\t\t\t\t\t<div class=\"elementor-container elementor-column-gap-default\">\n\t\t\t\t\t<div class=\"elementor-column elementor-col-50 elementor-top-column elementor-element elementor-element-edf1d17\" data-id=\"edf1d17\" data-element_type=\"column\">\n\t\t\t<div class=\"elementor-widget-wrap elementor-element-populated\">\n\t\t\t\t\t\t\t\t<div class=\"elementor-element elementor-element-045e5d0 elementor-align-left elementor-widget elementor-widget-ld_icon_box\" data-id=\"045e5d0\" data-element_type=\"widget\" data-widget_type=\"ld_icon_box.default\">\n\t\t\t\t<div class=\"elementor-widget-container\">\n\t\t\t\n\t\t\t<div id=\"ld_icon_box_045e5d0\" class=\"iconbox d-flex flex-grow-1 pos-rel flex-column iconbox-default iconbox-icon-gradient iconbox-contents-show-onhover\"   data-slideelement-onhover=\"true\" data-slideelement-options='{ \"visibleElement\": \".iconbox-icon-wrap, p, h3\", \"hiddenElement\": \".btn\", \"alignMid\": true, \"triggerElement\": \".elementor-widget-container\" }'>\n\t\t\t\t\n\t\t\t\t\t\n\t\t\t\t\n\t\t\t\t<div class=\"iconbox-icon-wrap  \"><div class=\"iconbox-icon-container d-inline-flex   \"><i aria-hidden=\"true\" class=\"lqd-icn-ess icon-lqd-presentation\"><\/i><\/div><\/div>\t\t\t\t\n\t\t\t\t<h3 class=\"lqd-iconbox-heading \" >Vizyonumuz <\/h3>\t\t\t\t\n\t\t\t\t<div class=\"contents \">\t\t\t\t\n\t\t\t\t\t\t\t\t\n\t\t\t\t\t\t\t\t<p>M\u00fc\u015fteri odakl\u0131l\u0131k prensibi \u00fczerine \u00e7al\u0131\u015fmak En uygun maliyetler ile cihaz imalat\u0131 yapmak Sipari\u015fleri zaman\u0131nda teslim etmek \u00dcst d\u00fczey \u00fcr\u00fcn kalitesine ula\u015fmak M\u00fc\u015fteri ve \u00e7al\u0131\u015fanlar\u0131m\u0131z\u0131n memnuniyetini sa\u011flamak Sat\u0131\u015f sonras\u0131 servis hizmet kolayl\u0131\u011f\u0131n\u0131 en y\u00fcksek seviyeye ula\u015ft\u0131rmak T\u00fcm \u00e7al\u0131\u015fanlar i\u00e7in mutlu ve huzurlu bir ortam yaratmak Hedeflere, beklentilere g\u00f6re b\u00fcy\u00fcme ve yat\u0131r\u0131m planlar\u0131n\u0131 y\u00f6netmek Sat\u0131\u015f sonras\u0131 servis hizmet kolayl\u0131\u011f\u0131n\u0131 en y\u00fcksek seviyeye ula\u015ft\u0131rmak<\/p>\n\t\t\t\t\t\t\t\t\n\t\t\t\t<\/div>\t\t\t\t\n\t\t\t\t\n\t\t\t<\/div>\n\n\t\t\t\t<\/div>\n\t\t\t\t<\/div>\n\t\t\t\t\t<\/div>\n\t\t<\/div>\n\t\t\t\t<div class=\"elementor-column elementor-col-50 elementor-top-column elementor-element elementor-element-16deaff\" data-id=\"16deaff\" data-element_type=\"column\">\n\t\t\t<div class=\"elementor-widget-wrap elementor-element-populated\">\n\t\t\t\t\t\t\t\t<div class=\"elementor-element elementor-element-467098c elementor-align-left elementor-widget elementor-widget-ld_icon_box\" data-id=\"467098c\" data-element_type=\"widget\" data-widget_type=\"ld_icon_box.default\">\n\t\t\t\t<div class=\"elementor-widget-container\">\n\t\t\t\n\t\t\t<div id=\"ld_icon_box_467098c\" class=\"iconbox d-flex flex-grow-1 pos-rel flex-column iconbox-default iconbox-icon-gradient iconbox-contents-show-onhover\"   data-slideelement-onhover=\"true\" data-slideelement-options='{ \"visibleElement\": \".iconbox-icon-wrap, p, h3\", \"hiddenElement\": \".btn\", \"alignMid\": true, \"triggerElement\": \".elementor-widget-container\" }'>\n\t\t\t\t\n\t\t\t\t\t\n\t\t\t\t\n\t\t\t\t<div class=\"iconbox-icon-wrap  \"><div class=\"iconbox-icon-container d-inline-flex   \"><i aria-hidden=\"true\" class=\"lqd-icn-ess icon-lqd-target\"><\/i><\/div><\/div>\t\t\t\t\n\t\t\t\t<h3 class=\"lqd-iconbox-heading \" >Misyonumuz <\/h3>\t\t\t\t\n\t\t\t\t<div class=\"contents \">\t\t\t\t\n\t\t\t\t\t\t\t\t\n\t\t\t\t\t\t\t\t<p>\u00dcr\u00fcn ve hizmetlerinde kaliteden taviz vermeden m\u00fc\u015fteri memnuniyetini \u00f6n planda tutarak topluma ve \u00e7evreye pozitif katk\u0131 sa\u011flayan,faaliyetlerinden elde etti\u011fi ba\u015far\u0131lar ile hedeflerini her ge\u00e7en g\u00fcn y\u00fckseltip, daha geni\u015f kitlelere hizmet sunmay\u0131 kendisine ama\u00e7 edinen \u00f6nc\u00fc bir grup olmak.<br><br><br><\/p>\n\t\t\t\t\t\t\t\t\n\t\t\t\t<\/div>\t\t\t\t\n\t\t\t\t\n\t\t\t<\/div>\n\n\t\t\t\t<\/div>\n\t\t\t\t<\/div>\n\t\t\t\t\t<\/div>\n\t\t<\/div>\n\t\t\t\t\t\t\t<\/div>\n\t\t<\/section>\n\t\t\t\t\t\t\t<\/div>\n\t\t","protected":false},"excerpt":{"rendered":"<p>Klisef klima Hakk\u0131m\u0131zda Klisef 2015 y\u0131l\u0131nda kurulmu\u015f olup, \u015fu anda Saracalar Mah. 57. Cadde No : 19 Akyurt \/ANKARA \u2018da 12.000 m2 kare a\u00e7\u0131k alan ve 5 000 m2 kapal\u0131 alanda\u00a0 80 \u00e7al\u0131\u015fanl\u0131, m\u00fchendis ve teknik kadrodan olu\u015fan y\u0131ll\u0131k y\u00fczlerce klima santralleri \u00fcretim kapasitesine sahip bir firmad\u0131r. \u0130leti\u015fim Vizyonumuz M\u00fc\u015fteri odakl\u0131l\u0131k prensibi \u00fczerine \u00e7al\u0131\u015fmak En [&hellip;]<\/p>\n","protected":false},"author":1,"featured_media":0,"parent":0,"menu_order":0,"comment_status":"closed","ping_status":"closed","template":"","meta":{"footnotes":""},"class_list":["post-8958","page","type-page","status-publish","hentry"],"_links":{"self":[{"href":"https:\/\/klisef.com.tr\/yeni\/wp-json\/wp\/v2\/pages\/8958","targetHints":{"allow":["GET"]}}],"collection":[{"href":"https:\/\/klisef.com.tr\/yeni\/wp-json\/wp\/v2\/pages"}],"about":[{"href":"https:\/\/klisef.com.tr\/yeni\/wp-json\/wp\/v2\/types\/page"}],"author":[{"embeddable":true,"href":"https:\/\/klisef.com.tr\/yeni\/wp-json\/wp\/v2\/users\/1"}],"replies":[{"embeddable":true,"href":"https:\/\/klisef.com.tr\/yeni\/wp-json\/wp\/v2\/comments?post=8958"}],"version-history":[{"count":9,"href":"https:\/\/klisef.com.tr\/yeni\/wp-json\/wp\/v2\/pages\/8958\/revisions"}],"predecessor-version":[{"id":10726,"href":"https:\/\/klisef.com.tr\/yeni\/wp-json\/wp\/v2\/pages\/8958\/revisions\/10726"}],"wp:attachment":[{"href":"https:\/\/klisef.com.tr\/yeni\/wp-json\/wp\/v2\/media?parent=8958"}],"curies":[{"name":"wp","href":"https:\/\/api.w.org\/{rel}","templated":true}]}}