{"id":11290,"date":"2023-03-02T18:45:19","date_gmt":"2023-03-02T15:45:19","guid":{"rendered":"https:\/\/klisef.com.tr\/yeni\/?page_id=11290"},"modified":"2023-03-02T18:46:10","modified_gmt":"2023-03-02T15:46:10","slug":"kalite-belgelerimiz","status":"publish","type":"page","link":"https:\/\/klisef.com.tr\/yeni\/kalite-belgelerimiz\/","title":{"rendered":"Kalite Belgelerimiz"},"content":{"rendered":"\t\t<div data-elementor-type=\"wp-page\" data-elementor-id=\"11290\" class=\"elementor elementor-11290\">\n\t\t\t\t\t\t\t\t\t<section class=\"elementor-section elementor-top-section elementor-element elementor-element-df71ffa elementor-section-content-middle elementor-section-boxed elementor-section-height-default elementor-section-height-default\" data-id=\"df71ffa\" data-element_type=\"section\" data-settings=\"{&quot;background_background&quot;:&quot;classic&quot;}\">\n\t\t\t\t\t\t<div class=\"elementor-container elementor-column-gap-default\">\n\t\t\t\t\t<div class=\"elementor-column elementor-col-100 elementor-top-column elementor-element elementor-element-ef807eb\" data-id=\"ef807eb\" data-element_type=\"column\">\n\t\t\t<div class=\"elementor-widget-wrap elementor-element-populated\">\n\t\t\t\t\t\t\t\t<div class=\"elementor-element elementor-element-99e6870 elementor-widget elementor-widget-hub_fancy_heading\" data-id=\"99e6870\" data-element_type=\"widget\" data-widget_type=\"hub_fancy_heading.default\">\n\t\t\t\t<div class=\"elementor-widget-container\">\n\t\t\t\n\t\t<div id=\"ld-fancy-heading-69f0c2174f2f8\" class=\"ld-fancy-heading pos-rel\">\n\t\t\t<h6 class=\"ld-fh-element d-inline-block pos-rel  elementor-heading-title lqd-highlight-classic lqd-highlight-grow-left h6\"  > Klisef klima<\/h6>\t\t<\/div>\n\n\t\t\t\t<\/div>\n\t\t\t\t<\/div>\n\t\t\t\t<div class=\"elementor-element elementor-element-c1fc0f3 elementor-widget elementor-widget-hub_fancy_heading\" data-id=\"c1fc0f3\" data-element_type=\"widget\" data-widget_type=\"hub_fancy_heading.default\">\n\t\t\t\t<div class=\"elementor-widget-container\">\n\t\t\t\n\t\t<div id=\"ld-fancy-heading-69f0c2174fc4a\" class=\"ld-fancy-heading pos-rel\">\n\t\t\t<h2 class=\"ld-fh-element d-inline-block pos-rel  elementor-heading-title lqd-highlight-classic lqd-highlight-grow-left h2\"  > Kalite Belgelerimiz<\/h2>\t\t<\/div>\n\n\t\t\t\t<\/div>\n\t\t\t\t<\/div>\n\t\t\t\t<div class=\"elementor-element elementor-element-ed8a463 elementor-widget elementor-widget-text-editor\" data-id=\"ed8a463\" data-element_type=\"widget\" data-widget_type=\"text-editor.default\">\n\t\t\t\t<div class=\"elementor-widget-container\">\n\t\t\t<style>\/*! elementor - v3.8.1 - 13-11-2022 *\/\n.elementor-widget-text-editor.elementor-drop-cap-view-stacked .elementor-drop-cap{background-color:#818a91;color:#fff}.elementor-widget-text-editor.elementor-drop-cap-view-framed .elementor-drop-cap{color:#818a91;border:3px solid;background-color:transparent}.elementor-widget-text-editor:not(.elementor-drop-cap-view-default) .elementor-drop-cap{margin-top:8px}.elementor-widget-text-editor:not(.elementor-drop-cap-view-default) .elementor-drop-cap-letter{width:1em;height:1em}.elementor-widget-text-editor .elementor-drop-cap{float:left;text-align:center;line-height:1;font-size:50px}.elementor-widget-text-editor .elementor-drop-cap-letter{display:inline-block}<\/style>\t\t\t\t<div id=\"content\"><div class=\"reading\"><p>Buhar Nemlendirici Cihaz\u0131, Hassas Klima Cihazlar\u0131, So\u011futma Gruplar\u0131, Laminer Hava Ak\u0131\u015f \u00dcnitesi,\u00a0Klima Santrali, Hijyenik Klima Santrali, Su So\u011futma Kulesi, Salon Tipi S\u0131cak Hava Cihaz\u0131,Fan-Coil Cihaz\u0131, Aksiyal Fanl\u0131 S\u0131cak Hava Apareyi, Radyal Fanl\u0131 S\u0131cak Hava Apareyi,Radyal Fanl\u0131 End\u00fcstriyel Tip Vantilat\u00f6r, Aksiyal Fanl\u0131 End\u00fcstriyel Tip Vantilat\u00f6r, \u00c7at\u0131 Tipi Aspirat\u00f6r,Paket Hijyenik Klima Santrali, Kanal Tipi Klima Santrali, Taze Hava \u00dcnitesi,Tasar\u0131m\u0131, \u00dcretimi ve Servis Hizmetleri sunumu faaliyetleri konusunda kalite seviyesi\u00a0y\u00fcksek, rekabet g\u00fcc\u00fc kuvvetli bir i\u015fletme olmakt\u0131r.<\/p><\/div><\/div><aside><div class=\"safirCustomMenu sidebarWidget sub-closed\"><div class=\"mainHeading radius\">\u00a0<\/div><\/div><\/aside>\t\t\t\t\t\t<\/div>\n\t\t\t\t<\/div>\n\t\t\t\t\t<\/div>\n\t\t<\/div>\n\t\t\t\t\t\t\t<\/div>\n\t\t<\/section>\n\t\t\t\t\t\t\t<\/div>\n\t\t","protected":false},"excerpt":{"rendered":"<p>Klisef klima Kalite Belgelerimiz Buhar Nemlendirici Cihaz\u0131, Hassas Klima Cihazlar\u0131, So\u011futma Gruplar\u0131, Laminer Hava Ak\u0131\u015f \u00dcnitesi,\u00a0Klima Santrali, Hijyenik Klima Santrali, Su So\u011futma Kulesi, Salon Tipi S\u0131cak Hava Cihaz\u0131,Fan-Coil Cihaz\u0131, Aksiyal Fanl\u0131 S\u0131cak Hava Apareyi, Radyal Fanl\u0131 S\u0131cak Hava Apareyi,Radyal Fanl\u0131 End\u00fcstriyel Tip Vantilat\u00f6r, Aksiyal Fanl\u0131 End\u00fcstriyel Tip Vantilat\u00f6r, \u00c7at\u0131 Tipi Aspirat\u00f6r,Paket Hijyenik Klima Santrali, Kanal [&hellip;]<\/p>\n","protected":false},"author":1,"featured_media":0,"parent":0,"menu_order":0,"comment_status":"closed","ping_status":"closed","template":"","meta":{"footnotes":""},"class_list":["post-11290","page","type-page","status-publish","hentry"],"_links":{"self":[{"href":"https:\/\/klisef.com.tr\/yeni\/wp-json\/wp\/v2\/pages\/11290","targetHints":{"allow":["GET"]}}],"collection":[{"href":"https:\/\/klisef.com.tr\/yeni\/wp-json\/wp\/v2\/pages"}],"about":[{"href":"https:\/\/klisef.com.tr\/yeni\/wp-json\/wp\/v2\/types\/page"}],"author":[{"embeddable":true,"href":"https:\/\/klisef.com.tr\/yeni\/wp-json\/wp\/v2\/users\/1"}],"replies":[{"embeddable":true,"href":"https:\/\/klisef.com.tr\/yeni\/wp-json\/wp\/v2\/comments?post=11290"}],"version-history":[{"count":4,"href":"https:\/\/klisef.com.tr\/yeni\/wp-json\/wp\/v2\/pages\/11290\/revisions"}],"predecessor-version":[{"id":11294,"href":"https:\/\/klisef.com.tr\/yeni\/wp-json\/wp\/v2\/pages\/11290\/revisions\/11294"}],"wp:attachment":[{"href":"https:\/\/klisef.com.tr\/yeni\/wp-json\/wp\/v2\/media?parent=11290"}],"curies":[{"name":"wp","href":"https:\/\/api.w.org\/{rel}","templated":true}]}}