{"id":11064,"date":"2023-03-01T00:43:04","date_gmt":"2023-02-28T21:43:04","guid":{"rendered":"https:\/\/klisef.com.tr\/yeni\/?page_id=11064"},"modified":"2023-03-04T17:37:27","modified_gmt":"2023-03-04T14:37:27","slug":"panjurlar","status":"publish","type":"page","link":"https:\/\/klisef.com.tr\/yeni\/urunlerimiz\/panjurlar\/","title":{"rendered":"Panjurlar"},"content":{"rendered":"\t\t<div data-elementor-type=\"wp-page\" data-elementor-id=\"11064\" class=\"elementor elementor-11064\">\n\t\t\t\t\t\t\t\t\t<section class=\"elementor-section elementor-top-section elementor-element elementor-element-ebf2625 elementor-reverse-tablet elementor-reverse-mobile elementor-section-boxed elementor-section-height-default elementor-section-height-default\" data-id=\"ebf2625\" data-element_type=\"section\">\n\t\t\t\t\t\t<div class=\"elementor-container elementor-column-gap-default\">\n\t\t\t\t\t<div class=\"lqd-css-sticky-column elementor-column elementor-col-50 elementor-top-column elementor-element elementor-element-a6f0c9b\" style=\"--lqd-sticky-offset:30px\" data-id=\"a6f0c9b\" data-element_type=\"column\">\n\t\t\t<div class=\"elementor-widget-wrap elementor-element-populated\">\n\t\t\t\t\t\t\t\t<div class=\"elementor-element elementor-element-116d0a3 elementor-widget elementor-widget-hub_fancy_heading\" data-id=\"116d0a3\" data-element_type=\"widget\" data-widget_type=\"hub_fancy_heading.default\">\n\t\t\t\t<div class=\"elementor-widget-container\">\n\t\t\t\n\t\t<div id=\"ld-fancy-heading-69f0c218601c3\" class=\"ld-fancy-heading pos-rel\">\n\t\t\t<h4 class=\"ld-fh-element d-inline-block pos-rel  elementor-heading-title lqd-highlight-classic lqd-highlight-grow-left h4\"  > \u00dcr\u00fcn Gruplar\u0131m\u0131z<\/h4>\t\t<\/div>\n\n\t\t\t\t<\/div>\n\t\t\t\t<\/div>\n\t\t\t\t<div class=\"elementor-element elementor-element-e652e82 elementor-widget elementor-widget-ld_custom_menu\" data-id=\"e652e82\" data-element_type=\"widget\" data-widget_type=\"ld_custom_menu.default\">\n\t\t\t\t<div class=\"elementor-widget-container\">\n\t\t\t\n\t\t\t<div  \n\t\t\t\tclass=\"lqd-fancy-menu lqd-custom-menu pos-rel menu-items-has-fill center lqd-menu-td-none\"\n\t\t\t\t\t\t\t>\n\t\t\t\n\t\t\t\t\t\t<ul id=\"e652e82\" class=\"reset-ul   \" itemtype=\"http:\/\/schema.org\/SiteNavigationElement\" itemscope=\"itemscope\"><li id=\"menu-item-10826\" class=\"menu-item menu-item-type-post_type menu-item-object-page menu-item-10826\"><a href=\"https:\/\/klisef.com.tr\/yeni\/klima-santralleri\/\">Klima Santralleri<\/a><\/li>\n<li id=\"menu-item-10828\" class=\"menu-item menu-item-type-post_type menu-item-object-page menu-item-10828\"><a href=\"https:\/\/klisef.com.tr\/yeni\/isi-geri-kazanim-unt\/\">Is\u0131 Geri Kazan\u0131m \u00dcnt.<\/a><\/li>\n<li id=\"menu-item-10827\" class=\"menu-item menu-item-type-post_type menu-item-object-page menu-item-10827\"><a href=\"https:\/\/klisef.com.tr\/yeni\/rooftop\/\">Rooftop<\/a><\/li>\n<li id=\"menu-item-11079\" class=\"menu-item menu-item-type-post_type menu-item-object-page menu-item-11079\"><a href=\"https:\/\/klisef.com.tr\/yeni\/sogutma-gruplari\/\">So\u011futma Gruplar\u0131<\/a><\/li>\n<li id=\"menu-item-11080\" class=\"menu-item menu-item-type-post_type menu-item-object-page menu-item-11080\"><a href=\"https:\/\/klisef.com.tr\/yeni\/havalandirma-ekipmanlari\/\">Ekipmanlar<\/a><\/li>\n<\/ul>\t\t\t\t\t\t\t\t\t<\/div>\n\t\t\t\t<\/div>\n\t\t\t\t<\/div>\n\t\t\t\t<section class=\"elementor-section elementor-inner-section elementor-element elementor-element-de4d133 elementor-section-boxed elementor-section-height-default elementor-section-height-default\" data-id=\"de4d133\" data-element_type=\"section\">\n\t\t\t\t\t\t<div class=\"elementor-container elementor-column-gap-default\">\n\t\t\t\t\t<div class=\"elementor-column elementor-col-100 elementor-inner-column elementor-element elementor-element-6a40fdc\" data-id=\"6a40fdc\" data-element_type=\"column\" data-settings=\"{&quot;background_background&quot;:&quot;classic&quot;}\">\n\t\t\t<div class=\"elementor-widget-wrap elementor-element-populated\">\n\t\t\t\t\t\t\t\t<div class=\"elementor-element elementor-element-c3c5580 elementor-widget elementor-widget-hub_fancy_heading\" data-id=\"c3c5580\" data-element_type=\"widget\" data-widget_type=\"hub_fancy_heading.default\">\n\t\t\t\t<div class=\"elementor-widget-container\">\n\t\t\t\n\t\t<div id=\"ld-fancy-heading-69f0c2186681a\" class=\"ld-fancy-heading pos-rel\">\n\t\t\t<h4 class=\"ld-fh-element d-inline-block pos-rel  elementor-heading-title lqd-highlight-classic lqd-highlight-grow-left h4\"  > \u0130leti\u015fim Formu<\/h4>\t\t<\/div>\n\n\t\t\t\t<\/div>\n\t\t\t\t<\/div>\n\t\t\t\t<div class=\"elementor-element elementor-element-6c950d4 elementor-widget elementor-widget-ld_cf722\" data-id=\"6c950d4\" data-element_type=\"widget\" data-widget_type=\"ld_cf722.default\">\n\t\t\t\t<div class=\"elementor-widget-container\">\n\t\t\t\n\t<div class=\"lqd-contact-form lqd-contact-form-inputs-filled lqd-contact-form-inputs-round lqd-contact-form-button-block\" >\n\t\t<div role=\"form\" class=\"wpcf7\" id=\"wpcf7-f259-o1\" lang=\"en-GB\" dir=\"ltr\">\n<div class=\"screen-reader-response\"><p role=\"status\" aria-live=\"polite\" aria-atomic=\"true\"><\/p> <ul><\/ul><\/div>\n<form action=\"\/yeni\/wp-json\/wp\/v2\/pages\/11064#wpcf7-f259-o1\" method=\"post\" class=\"wpcf7-form init\" novalidate=\"novalidate\" data-status=\"init\">\n<div style=\"display: none;\">\n<input type=\"hidden\" name=\"_wpcf7\" value=\"259\" \/>\n<input type=\"hidden\" name=\"_wpcf7_version\" value=\"5.6.4\" \/>\n<input type=\"hidden\" name=\"_wpcf7_locale\" value=\"en_GB\" \/>\n<input type=\"hidden\" name=\"_wpcf7_unit_tag\" value=\"wpcf7-f259-o1\" \/>\n<input type=\"hidden\" name=\"_wpcf7_container_post\" value=\"0\" \/>\n<input type=\"hidden\" name=\"_wpcf7_posted_data_hash\" value=\"\" \/>\n<\/div>\n<p><span class=\"wpcf7-form-control-wrap\" data-name=\"text-775\"><input type=\"text\" name=\"text-775\" value=\"\" size=\"40\" class=\"wpcf7-form-control wpcf7-text wpcf7-validates-as-required\" aria-required=\"true\" aria-invalid=\"false\" placeholder=\"Ad-Soyad\" \/><\/span><span class=\"wpcf7-form-control-wrap\" data-name=\"email-550\"><input type=\"email\" name=\"email-550\" value=\"\" size=\"40\" class=\"wpcf7-form-control wpcf7-text wpcf7-email wpcf7-validates-as-required wpcf7-validates-as-email\" aria-required=\"true\" aria-invalid=\"false\" placeholder=\"E-Posta\" \/><\/span><span class=\"wpcf7-form-control-wrap\" data-name=\"phone-550\"><input type=\"text\" name=\"phone-550\" value=\"\" size=\"40\" class=\"wpcf7-form-control wpcf7-text wpcf7-validates-as-required\" aria-required=\"true\" aria-invalid=\"false\" placeholder=\"Telefon\" \/><\/span><span class=\"wpcf7-form-control-wrap\" data-name=\"textarea-138\"><textarea name=\"textarea-138\" cols=\"10\" rows=\"4\" class=\"wpcf7-form-control wpcf7-textarea wpcf7-validates-as-required\" aria-required=\"true\" aria-invalid=\"false\" placeholder=\"Mesaj\u0131n\u0131z\"><\/textarea><\/span><input type=\"submit\" value=\"G\u00f6nder\" class=\"wpcf7-form-control has-spinner wpcf7-submit\" \/><\/p>\n<div class=\"wpcf7-response-output\" aria-hidden=\"true\"><\/div><\/form><\/div>\t<\/div>\n\n\t\t\t<\/div>\n\t\t\t\t<\/div>\n\t\t\t\t\t<\/div>\n\t\t<\/div>\n\t\t\t\t\t\t\t<\/div>\n\t\t<\/section>\n\t\t\t\t<div class=\"elementor-element elementor-element-2c03d76 elementor-align-left elementor-widget elementor-widget-ld_icon_box\" data-id=\"2c03d76\" data-element_type=\"widget\" data-widget_type=\"ld_icon_box.default\">\n\t\t\t\t<div class=\"elementor-widget-container\">\n\t\t\t\n\t\t\t<div id=\"ld_icon_box_2c03d76\" class=\"iconbox d-flex flex-grow-1 pos-rel align-items-center iconbox-side iconbox-icon-shaped iconbox-circle\"   >\n\t\t\t\t\n\t\t\t\t\t\n\t\t\t\t\n\t\t\t\t<div class=\"iconbox-icon-wrap  \"><div class=\"iconbox-icon-container d-inline-flex pos-rel z-index-1 border-radius-circle\"><i aria-hidden=\"true\" class=\"fas fa-phone-alt\"><\/i><\/div><\/div>\t\t\t\t\n\t\t\t\t\t\t\t\t\n\t\t\t\t<div class=\"contents \">\t\t\t\t\n\t\t\t\t\t\t\t\t\n\t\t\t\t<h3 class=\"lqd-iconbox-heading \" >\u0130leti\u015fim <\/h3>\t\t\t\t<p><span style=\"font-size: 20px;color: #292929\">+90 312 395 14 50<\/span><\/p>\n\t\t\t\t\t\t\t\t\n\t\t\t\t<\/div>\t\t\t\t\n\t\t\t\t\n\t\t\t<\/div>\n\n\t\t\t\t<\/div>\n\t\t\t\t<\/div>\n\t\t\t\t\t<\/div>\n\t\t<\/div>\n\t\t\t\t<div class=\"elementor-column elementor-col-50 elementor-top-column elementor-element elementor-element-81bea27\" data-id=\"81bea27\" data-element_type=\"column\">\n\t\t\t<div class=\"elementor-widget-wrap elementor-element-populated\">\n\t\t\t\t\t\t\t\t<div class=\"elementor-element elementor-element-4f4c611 elementor-widget elementor-widget-ld_content_box\" data-id=\"4f4c611\" data-element_type=\"widget\" data-widget_type=\"ld_content_box.default\">\n\t\t\t\t<div class=\"elementor-widget-container\">\n\t\t\t \n\n\t\t<div class=\"lqd-fb pos-rel lqd-fb-style-8\"  >\n\t\t\t\t\t<div class=\"lqd-fb-inner\">\n\n\t\t\t\t<div\n\t\t\t\tclass=\"lqd-fb-img border-radius-4 overflow-hidden\"\n\t\t\t\tdata-custom-animations=\"true\"\n\t\t\t\tdata-ca-options='{ \"triggerHandler\": \"inview\", \"animationTarget\": \"figure\", \"duration\": 1200, \"initValues\": { \"scale\": 1.075, \"opacity\": 0 }, \"animations\": { \"scale\": 1, \"opacity\": 1 } }'>\n\t\t\t\t\t<figure class=\"w-100\">\n\t\t\t\t\t\t\t<img decoding=\"async\" class=\"w-100\" src=\"https:\/\/klisef.com.tr\/yeni\/wp-content\/uploads\/2023\/02\/dis-hava-panjuru-1.png\">\t\t\t\t\t\t\t\t\t\t\t\t<\/figure>\n\t\t\t\t<\/div>\n\n\t\t\t\t<div class=\"lqd-fb-content border-radius-4 pos-rel w-60\">\n\t\t\t\t\t<div class=\"lqd-fb-content-inner d-flex flex-wrap align-items-center justify-content-between pos-rel border-radius-4 pt-4 pb-4 ps-5 pe-5\">\n\t\t\t\t\t\t<div class=\"lqd-overlay\" data-reveal=\"true\" data-reveal-options='{ \"direction\": \"bt\", \"delay\": 150, \"duration\": 500, \"coverArea\": 100 }'>\n\t\t\t\t\t\t\t<div class=\"lqd-fb-bg lqd-overlay\"><\/div>\n\t\t\t\t\t\t<\/div>\n\t\t\t\t\t\t\t\t\t\t\t\t<div\n\t\t\t\t\t\tclass=\"lqd-fb-content-holder lqd-fb-content-left w-70 pos-rel\"\n\t\t\t\t\t\tdata-custom-animations=\"true\"\n\t\t\t\t\t\tdata-ca-options='{ \"triggerHandler\": \"inview\", \"animationTarget\": \"all-childs\", \"duration\": 1200, \"delay\": 120,  \"startDelay\": 800, \"initValues\": { \"y\": 30, \"opacity\": 0 }, \"animations\": { \"y\": 0, \"opacity\": 1 } }'>\n\t\t\t\t\t\t\t<h2 class=\"lqd-fb__title mt-0 mb-0 \" data-split-text=\"true\" data-split-options='{ \"type\": \"lines\" }'>HAVALADIRMA EK\u0130PMANLARI<\/h2>\t\t\t\t\t\t<\/div>\n\t\t\t\t\t\t\t\t\t\t\t\t<div\n\t\t\t\t\t\tclass=\"lqd-fb-content-holder lqd-fb-content-right d-flex justify-content-end w-20 pos-rel\"\n\t\t\t\t\t\tdata-custom-animations=\"true\"\n\t\t\t\t\t\tdata-ca-options='{ \"triggerHandler\": \"inview\", \"animationTarget\": \"all-childs\", \"duration\": 1100, \"delay\": 120,  \"startDelay\": 950, \"initValues\": { \"y\": 30, \"opacity\": 0 }, \"animations\": { \"y\": 0, \"opacity\": 1 } }'>\n\t\t\t\t\t\t\t<i aria-hidden=\"true\" class=\"fa fa-star\"><\/i>\t\t\t\t\t\t<\/div>\n\t\t\t\t\t<\/div>\n\t\t\t\t\n\t\t\t\t\t<a  class=\"lqd-overlay\"><\/a>\n\t\t\t\t<\/div>\n\n\t\t\t\t<a  class=\"lqd-overlay\"><\/a>\n\n\t\t\t<\/div>\n\t\t\t \n\t\t<\/div>\n\t\t\t\t<\/div>\n\t\t\t\t<\/div>\n\t\t\t\t<div class=\"elementor-element elementor-element-0220578 elementor-widget elementor-widget-hub_fancy_heading\" data-id=\"0220578\" data-element_type=\"widget\" data-widget_type=\"hub_fancy_heading.default\">\n\t\t\t\t<div class=\"elementor-widget-container\">\n\t\t\t\n\t\t<div id=\"ld-fancy-heading-69f0c2187479d\" class=\"ld-fancy-heading pos-rel\">\n\t\t\t<h3 class=\"ld-fh-element d-inline-block pos-rel  elementor-heading-title lqd-highlight-classic lqd-highlight-grow-left h3\"  > Panjurlar<\/h3>\t\t<\/div>\n\n\t\t\t\t<\/div>\n\t\t\t\t<\/div>\n\t\t\t\t<div class=\"elementor-element elementor-element-26fe870 elementor-widget elementor-widget-text-editor\" data-id=\"26fe870\" data-element_type=\"widget\" data-widget_type=\"text-editor.default\">\n\t\t\t\t<div class=\"elementor-widget-container\">\n\t\t\t<style>\/*! elementor - v3.8.1 - 13-11-2022 *\/\n.elementor-widget-text-editor.elementor-drop-cap-view-stacked .elementor-drop-cap{background-color:#818a91;color:#fff}.elementor-widget-text-editor.elementor-drop-cap-view-framed .elementor-drop-cap{color:#818a91;border:3px solid;background-color:transparent}.elementor-widget-text-editor:not(.elementor-drop-cap-view-default) .elementor-drop-cap{margin-top:8px}.elementor-widget-text-editor:not(.elementor-drop-cap-view-default) .elementor-drop-cap-letter{width:1em;height:1em}.elementor-widget-text-editor .elementor-drop-cap{float:left;text-align:center;line-height:1;font-size:50px}.elementor-widget-text-editor .elementor-drop-cap-letter{display:inline-block}<\/style>\t\t\t\t<div class=\"elementor-text-editor elementor-clearfix\"><div class=\"mainHeading\"><div class=\"mainHeading\"><div id=\"breadcrumb\"><div id=\"crumbs\"><table width=\"100%\"><tbody><tr><td><p><strong>1. DI\u015e HAVA PANJURU<img decoding=\"async\" class=\"size-full wp-image-767 alignright\" src=\"https:\/\/klisef.com.tr\/wp-content\/uploads\/2022\/04\/dis-hava-panjuru.png\" alt=\"\" width=\"219\" height=\"211\" \/><\/strong><\/p><p>Havaland\u0131rma sistemlerinde, d\u0131\u015f ortama a\u00e7\u0131lan \u00fcfleme ve emi\u015f taraflar\u0131nda kullan\u0131lmak \u00fczere tasarlanm\u0131\u015ft\u0131r. \u00d6zel haddelenmi\u015f ekstr\u00fczyon y\u00f6ntemi ile al\u00fcminyum profilden imal edilmektedir. D\u0131\u015f ortamdan kanal sistemine yabanc\u0131 maddelerin girmesini \u00f6nlemek amac\u0131yla panjur arkas\u0131na tel ilavesi yap\u0131lmakta olup, kanat yap\u0131s\u0131ndan dolay\u0131 kanal i\u00e7erisine ya\u011fmur sular\u0131n\u0131n girmesini \u00f6nlemektedir. Malzeme istenilen renkte elektrostatik toz boya ile boyan\u0131r, istenilmesi durumunda eloksal kaplama yap\u0131lmaktad\u0131r.<\/p><\/td><\/tr><\/tbody><\/table><table width=\"100%\"><tbody><tr><td><p><strong>2. \u0130NCE KANATLI PANJUR<img decoding=\"async\" class=\"size-full wp-image-768 alignright\" src=\"https:\/\/klisef.com.tr\/wp-content\/uploads\/2022\/04\/ince-kanatli-panjur.png\" alt=\"\" width=\"217\" height=\"201\" \/><\/strong><\/p><p>Kanal a\u011f\u0131zlar\u0131na veya duvar montaj\u0131 uygulamalar\u0131nda kullan\u0131lmak \u00fczere tasarlanm\u0131\u015flard\u0131r. Dar kanatl\u0131d\u0131rlar, arkas\u0131nda bulunan kafes d\u0131\u015f ortamdan kanal sistemine hava ile u\u00e7u\u015fan b\u00fcy\u00fck par\u00e7ac\u0131klar\u0131n ve hayvanlar\u0131n girmesini engeller. Kanat yap\u0131s\u0131 kanal i\u00e7ine ya\u011fmur sular\u0131n\u0131n giri\u015fini \u00f6nlemektedir. Al\u00fcminyum ekstr\u00fczyon profilden \u00fcretilmektedir.<\/p><\/td><\/tr><\/tbody><\/table><table width=\"100%\"><tbody><tr><td><p><strong>3. E\u011eR\u0130SEL KANATLI PANJUR<img decoding=\"async\" class=\"size-full wp-image-769 alignright\" src=\"https:\/\/klisef.com.tr\/wp-content\/uploads\/2022\/04\/egrisel-kanatli-panjur.png\" alt=\"\" width=\"217\" height=\"202\" \/><\/strong><\/p><p>Kanal a\u011f\u0131zlar\u0131 veya duvar montaj\u0131 uygulamalar\u0131nda kullan\u0131lmak \u00fczere tasarlanm\u0131\u015ft\u0131r. E\u011frisel kesitli ve dar kanatl\u0131d\u0131rlar. Arkas\u0131nda bulunan kafes d\u0131\u015f ortamdan kanal sistemine hava ile u\u00e7u\u015fan b\u00fcy\u00fck par\u00e7ac\u0131klar\u0131n ve hayvanlar\u0131n girmesini engeller. Kanat kanal i\u00e7ine ya\u011fmur sular\u0131n\u0131n giri\u015fini \u00f6nlemektedir. Al\u00fcminyum ekstr\u00fczyon profilden \u00fcretilmektedir.<strong>\u00a0<\/strong><\/p><\/td><\/tr><\/tbody><\/table><table width=\"100%\"><tbody><tr><td><p><strong>4. KAPI PANJURU<img decoding=\"async\" class=\"size-full wp-image-770 alignright\" src=\"https:\/\/klisef.com.tr\/wp-content\/uploads\/2022\/04\/kapi-panjuru.png\" alt=\"\" width=\"223\" height=\"205\" \/><\/strong><\/p><p>Kap\u0131 panjurlar\u0131, kap\u0131 i\u00e7lerinden hava transferlerini ger\u00e7ekle\u015ftirmek amac\u0131yla tasarlanm\u0131\u015flard\u0131r. Kanat grubu bir cepheden bak\u0131ld\u0131\u011f\u0131nda di\u011fer taraf g\u00f6r\u00fcnmeyecek bi\u00e7imde yerle\u015ftirilmi\u015ftir. Kar\u015f\u0131l\u0131k \u00e7er\u00e7evesi kullan\u0131larak minimum 40 mm kal\u0131nl\u0131\u011f\u0131ndaki kap\u0131lara uygulanabilirler. Karanl\u0131k oda uygulamalar\u0131nda, \u0131\u015f\u0131\u011f\u0131n yans\u0131yarak ge\u00e7mesini \u00f6nlemek i\u00e7in 2 s\u0131ral\u0131 olarak kullan\u0131l\u0131rlar. Al\u00fcminyum ekstr\u00fczyon profilden \u00fcretilmektedir.<\/p><\/td><\/tr><\/tbody><\/table><table width=\"100%\"><tbody><tr><td><p><strong>5. AYARLANAB\u0130L\u0130R KANATLI PANJUR<img decoding=\"async\" class=\"size-full wp-image-773 alignright\" src=\"https:\/\/klisef.com.tr\/wp-content\/uploads\/2022\/04\/ayarlanabilir-panjur.png\" alt=\"\" width=\"223\" height=\"205\" \/><\/strong><\/p><p>Ayarlanabilir kanatl\u0131 panjurlar, d\u0131\u015f ortama a\u00e7\u0131lan duvar montaj\u0131 uygulamalar\u0131nda, mek\u00e2n\u0131n i\u00e7 taraf\u0131nda kullan\u0131lmak \u00fczere tasarlanm\u0131\u015flard\u0131r. Banyo panjuru olarak da tan\u0131mlanmaktad\u0131r. E\u011frisel kesitli ve ayarlanabilir kanatl\u0131d\u0131rlar. Arkas\u0131nda bulunan kafes d\u0131\u015f ortamdan i\u00e7eriye hava ile u\u00e7u\u015fan b\u00fcy\u00fck par\u00e7ac\u0131klar\u0131n ve hayvanlar\u0131n girmesini engeller. Al\u00fcminyum ekstr\u00fczyon profilden \u00fcretilmektedir.<strong>\u00a0<\/strong><\/p><\/td><\/tr><\/tbody><\/table><table width=\"100%\"><tbody><tr><td><p><strong>6. KUM TUTUCU PANJUR\u00a0<img decoding=\"async\" class=\"size-full wp-image-774 alignright\" src=\"https:\/\/klisef.com.tr\/wp-content\/uploads\/2022\/04\/kum-tutucu-panjur.png\" alt=\"\" width=\"221\" height=\"214\" \/><\/strong><\/p><p>Kum tutucu panjurlar, toz ve kumun yo\u011fun oldu\u011fu ortamlarda kullan\u0131lmak \u00fczere tasarlanm\u0131\u015ft\u0131r. Y\u00fcksek kapasiteli par\u00e7ac\u0131k tutma \u00f6zelliklidirler. D\u00fc\u015fey olarak ve \u015fa\u015f\u0131rtmal\u0131 bi\u00e7imde yerle\u015ftirilen tutucu kanatlara sahiptirler. Bak\u0131m gerektirmezler. \u00dcr\u00fcn taban\u0131nda par\u00e7ac\u0131k tahliye delikleri bulunmaktad\u0131r. \u00d6n filtre olarak tasarland\u0131\u011f\u0131nda sistemlerde tek ba\u015f\u0131na kullan\u0131lmas\u0131 \u00f6nerilmez. Al\u00fcminyum ekstr\u00fczyon profilden \u00fcretilmektedir.<\/p><\/td><\/tr><\/tbody><\/table><table width=\"100%\"><tbody><tr><td><p><strong>7. AKUST\u0130K PANJUR\u00a0<img decoding=\"async\" class=\"size-full wp-image-775 alignright\" src=\"https:\/\/klisef.com.tr\/wp-content\/uploads\/2022\/04\/akustik-panjur.png\" alt=\"\" width=\"221\" height=\"214\" \/><\/strong><\/p><p>Akustik panjurlar, i\u00e7 ortam ile d\u0131\u015f ortam aras\u0131ndaki ses aktar\u0131m\u0131n\u0131 azaltmak \u00fczere tasarlanm\u0131\u015flard\u0131r. Kanatlar\u0131na yerle\u015ftirilen ses yutucu malzeme i\u00e7 ortam ile d\u0131\u015f ortam aras\u0131ndaki ses aktar\u0131m\u0131n\u0131 azalt\u0131r. Arkas\u0131ndaki galvaniz kafes tel, hava ile u\u00e7u\u015fan b\u00fcy\u00fck par\u00e7ac\u0131klar\u0131n ve hayvanlar\u0131n i\u00e7 ortama giri\u015fini engellemektedir. DKP sacdan \u00fcretilmektedir. Panjur kanad\u0131 \u00e7ift cidarl\u0131d\u0131r. \u0130\u00e7teki cidar delikli sacdand\u0131r. \u0130ki cidar aras\u0131 50 kg\/m\u00b3 yo\u011funluktaki cam y\u00fcn\u00fc ile doldurulmu\u015ftur. Elektrostatik toz boya ile istenilen renge boyan\u0131r.<\/p><\/td><\/tr><\/tbody><\/table><p>\u00a0<\/p><\/div><\/div><\/div><\/div><\/div>\t\t\t\t\t\t<\/div>\n\t\t\t\t<\/div>\n\t\t\t\t<div class=\"elementor-element elementor-element-13416b9 elementor-align-left elementor-widget elementor-widget-ld_icon_box\" data-id=\"13416b9\" data-element_type=\"widget\" data-widget_type=\"ld_icon_box.default\">\n\t\t\t\t<div class=\"elementor-widget-container\">\n\t\t\t\n\t\t\t<div id=\"ld_icon_box_13416b9\" class=\"iconbox d-flex flex-grow-1 pos-rel flex-wrap align-items-center iconbox-inline iconbox-icon-shaped iconbox-square\"   >\n\t\t\t\t\n\t\t\t\t\t\n\t\t\t\t\n\t\t\t\t<div class=\"iconbox-icon-wrap  \"><div class=\"iconbox-icon-container d-inline-flex pos-rel z-index-1 \"><i aria-hidden=\"true\" class=\"far fa-clone\"><\/i><\/div><\/div>\t\t\t\t\n\t\t\t\t<h3 class=\"lqd-iconbox-heading \" >\u00dcR\u00dcN KATALO\u011eUNU \u0130ND\u0130RMEK \u0130\u00c7\u0130N TIKLAYINIZ <\/h3>\t\t\t\t\n\t\t\t\t\t\t\t\t\n\t\t\t\t\t\t\t\t\n\t\t\t\t\t\t\t\t<p><\/p>\n\t\t\t\t\t\t\t\t\n\t\t\t\t\t\t\t\t\n\t\t\t\t<a href=\"https:\/\/klisef.com.tr\/yeni\/wp-content\/uploads\/2023\/03\/Klisef-Havalandirma-Ekipmanlari.pdf\" class=\"lqd-overlay z-index-2\" target=\"_blank&quot;\" rel=\"nofollow\"><\/a>\n\t\t\t<\/div>\n\n\t\t\t\t<\/div>\n\t\t\t\t<\/div>\n\t\t\t\t\t<\/div>\n\t\t<\/div>\n\t\t\t\t\t\t\t<\/div>\n\t\t<\/section>\n\t\t\t\t\t\t\t<\/div>\n\t\t","protected":false},"excerpt":{"rendered":"<p>\u00dcr\u00fcn Gruplar\u0131m\u0131z Klima Santralleri Is\u0131 Geri Kazan\u0131m \u00dcnt. Rooftop So\u011futma Gruplar\u0131 Ekipmanlar \u0130leti\u015fim Formu \u0130leti\u015fim +90 312 395 14 50 HAVALADIRMA EK\u0130PMANLARI Panjurlar 1. DI\u015e HAVA PANJURU Havaland\u0131rma sistemlerinde, d\u0131\u015f ortama a\u00e7\u0131lan \u00fcfleme ve emi\u015f taraflar\u0131nda kullan\u0131lmak \u00fczere tasarlanm\u0131\u015ft\u0131r. \u00d6zel haddelenmi\u015f ekstr\u00fczyon y\u00f6ntemi ile al\u00fcminyum profilden imal edilmektedir. D\u0131\u015f ortamdan kanal sistemine yabanc\u0131 maddelerin girmesini [&hellip;]<\/p>\n","protected":false},"author":1,"featured_media":0,"parent":9101,"menu_order":0,"comment_status":"closed","ping_status":"closed","template":"","meta":{"footnotes":""},"class_list":["post-11064","page","type-page","status-publish","hentry"],"_links":{"self":[{"href":"https:\/\/klisef.com.tr\/yeni\/wp-json\/wp\/v2\/pages\/11064","targetHints":{"allow":["GET"]}}],"collection":[{"href":"https:\/\/klisef.com.tr\/yeni\/wp-json\/wp\/v2\/pages"}],"about":[{"href":"https:\/\/klisef.com.tr\/yeni\/wp-json\/wp\/v2\/types\/page"}],"author":[{"embeddable":true,"href":"https:\/\/klisef.com.tr\/yeni\/wp-json\/wp\/v2\/users\/1"}],"replies":[{"embeddable":true,"href":"https:\/\/klisef.com.tr\/yeni\/wp-json\/wp\/v2\/comments?post=11064"}],"version-history":[{"count":13,"href":"https:\/\/klisef.com.tr\/yeni\/wp-json\/wp\/v2\/pages\/11064\/revisions"}],"predecessor-version":[{"id":11565,"href":"https:\/\/klisef.com.tr\/yeni\/wp-json\/wp\/v2\/pages\/11064\/revisions\/11565"}],"up":[{"embeddable":true,"href":"https:\/\/klisef.com.tr\/yeni\/wp-json\/wp\/v2\/pages\/9101"}],"wp:attachment":[{"href":"https:\/\/klisef.com.tr\/yeni\/wp-json\/wp\/v2\/media?parent=11064"}],"curies":[{"name":"wp","href":"https:\/\/api.w.org\/{rel}","templated":true}]}}