{"id":11029,"date":"2023-03-01T00:29:33","date_gmt":"2023-02-28T21:29:33","guid":{"rendered":"https:\/\/klisef.com.tr\/yeni\/?page_id=11029"},"modified":"2023-03-04T17:36:42","modified_gmt":"2023-03-04T14:36:42","slug":"menfezler","status":"publish","type":"page","link":"https:\/\/klisef.com.tr\/yeni\/urunlerimiz\/menfezler\/","title":{"rendered":"Menfezler"},"content":{"rendered":"\t\t<div data-elementor-type=\"wp-page\" data-elementor-id=\"11029\" class=\"elementor elementor-11029\">\n\t\t\t\t\t\t\t\t\t<section class=\"elementor-section elementor-top-section elementor-element elementor-element-ebf2625 elementor-reverse-tablet elementor-reverse-mobile elementor-section-boxed elementor-section-height-default elementor-section-height-default\" data-id=\"ebf2625\" data-element_type=\"section\">\n\t\t\t\t\t\t<div class=\"elementor-container elementor-column-gap-default\">\n\t\t\t\t\t<div class=\"lqd-css-sticky-column elementor-column elementor-col-50 elementor-top-column elementor-element elementor-element-a6f0c9b\" style=\"--lqd-sticky-offset:30px\" data-id=\"a6f0c9b\" data-element_type=\"column\">\n\t\t\t<div class=\"elementor-widget-wrap elementor-element-populated\">\n\t\t\t\t\t\t\t\t<div class=\"elementor-element elementor-element-116d0a3 elementor-widget elementor-widget-hub_fancy_heading\" data-id=\"116d0a3\" data-element_type=\"widget\" data-widget_type=\"hub_fancy_heading.default\">\n\t\t\t\t<div class=\"elementor-widget-container\">\n\t\t\t\n\t\t<div id=\"ld-fancy-heading-69f0c211243fd\" class=\"ld-fancy-heading pos-rel\">\n\t\t\t<h4 class=\"ld-fh-element d-inline-block pos-rel  elementor-heading-title lqd-highlight-classic lqd-highlight-grow-left h4\"  > \u00dcr\u00fcn Gruplar\u0131m\u0131z<\/h4>\t\t<\/div>\n\n\t\t\t\t<\/div>\n\t\t\t\t<\/div>\n\t\t\t\t<div class=\"elementor-element elementor-element-e652e82 elementor-widget elementor-widget-ld_custom_menu\" data-id=\"e652e82\" data-element_type=\"widget\" data-widget_type=\"ld_custom_menu.default\">\n\t\t\t\t<div class=\"elementor-widget-container\">\n\t\t\t\n\t\t\t<div  \n\t\t\t\tclass=\"lqd-fancy-menu lqd-custom-menu pos-rel menu-items-has-fill center lqd-menu-td-none\"\n\t\t\t\t\t\t\t>\n\t\t\t\n\t\t\t\t\t\t<ul id=\"e652e82\" class=\"reset-ul   \" itemtype=\"http:\/\/schema.org\/SiteNavigationElement\" itemscope=\"itemscope\"><li id=\"menu-item-10826\" class=\"menu-item menu-item-type-post_type menu-item-object-page menu-item-10826\"><a href=\"https:\/\/klisef.com.tr\/yeni\/klima-santralleri\/\">Klima Santralleri<\/a><\/li>\n<li id=\"menu-item-10828\" class=\"menu-item menu-item-type-post_type menu-item-object-page menu-item-10828\"><a href=\"https:\/\/klisef.com.tr\/yeni\/isi-geri-kazanim-unt\/\">Is\u0131 Geri Kazan\u0131m \u00dcnt.<\/a><\/li>\n<li id=\"menu-item-10827\" class=\"menu-item menu-item-type-post_type menu-item-object-page menu-item-10827\"><a href=\"https:\/\/klisef.com.tr\/yeni\/rooftop\/\">Rooftop<\/a><\/li>\n<li id=\"menu-item-11079\" class=\"menu-item menu-item-type-post_type menu-item-object-page menu-item-11079\"><a href=\"https:\/\/klisef.com.tr\/yeni\/sogutma-gruplari\/\">So\u011futma Gruplar\u0131<\/a><\/li>\n<li id=\"menu-item-11080\" class=\"menu-item menu-item-type-post_type menu-item-object-page menu-item-11080\"><a href=\"https:\/\/klisef.com.tr\/yeni\/havalandirma-ekipmanlari\/\">Ekipmanlar<\/a><\/li>\n<\/ul>\t\t\t\t\t\t\t\t\t<\/div>\n\t\t\t\t<\/div>\n\t\t\t\t<\/div>\n\t\t\t\t<section class=\"elementor-section elementor-inner-section elementor-element elementor-element-de4d133 elementor-section-boxed elementor-section-height-default elementor-section-height-default\" data-id=\"de4d133\" data-element_type=\"section\">\n\t\t\t\t\t\t<div class=\"elementor-container elementor-column-gap-default\">\n\t\t\t\t\t<div class=\"elementor-column elementor-col-100 elementor-inner-column elementor-element elementor-element-6a40fdc\" data-id=\"6a40fdc\" data-element_type=\"column\" data-settings=\"{&quot;background_background&quot;:&quot;classic&quot;}\">\n\t\t\t<div class=\"elementor-widget-wrap elementor-element-populated\">\n\t\t\t\t\t\t\t\t<div class=\"elementor-element elementor-element-c3c5580 elementor-widget elementor-widget-hub_fancy_heading\" data-id=\"c3c5580\" data-element_type=\"widget\" data-widget_type=\"hub_fancy_heading.default\">\n\t\t\t\t<div class=\"elementor-widget-container\">\n\t\t\t\n\t\t<div id=\"ld-fancy-heading-69f0c21128a6f\" class=\"ld-fancy-heading pos-rel\">\n\t\t\t<h4 class=\"ld-fh-element d-inline-block pos-rel  elementor-heading-title lqd-highlight-classic lqd-highlight-grow-left h4\"  > \u0130leti\u015fim Formu<\/h4>\t\t<\/div>\n\n\t\t\t\t<\/div>\n\t\t\t\t<\/div>\n\t\t\t\t<div class=\"elementor-element elementor-element-6c950d4 elementor-widget elementor-widget-ld_cf722\" data-id=\"6c950d4\" data-element_type=\"widget\" data-widget_type=\"ld_cf722.default\">\n\t\t\t\t<div class=\"elementor-widget-container\">\n\t\t\t\n\t<div class=\"lqd-contact-form lqd-contact-form-inputs-filled lqd-contact-form-inputs-round lqd-contact-form-button-block\" >\n\t\t<div role=\"form\" class=\"wpcf7\" id=\"wpcf7-f259-o1\" lang=\"en-GB\" dir=\"ltr\">\n<div class=\"screen-reader-response\"><p role=\"status\" aria-live=\"polite\" aria-atomic=\"true\"><\/p> <ul><\/ul><\/div>\n<form action=\"\/yeni\/wp-json\/wp\/v2\/pages\/11029#wpcf7-f259-o1\" method=\"post\" class=\"wpcf7-form init\" novalidate=\"novalidate\" data-status=\"init\">\n<div style=\"display: none;\">\n<input type=\"hidden\" name=\"_wpcf7\" value=\"259\" \/>\n<input type=\"hidden\" name=\"_wpcf7_version\" value=\"5.6.4\" \/>\n<input type=\"hidden\" name=\"_wpcf7_locale\" value=\"en_GB\" \/>\n<input type=\"hidden\" name=\"_wpcf7_unit_tag\" value=\"wpcf7-f259-o1\" \/>\n<input type=\"hidden\" name=\"_wpcf7_container_post\" value=\"0\" \/>\n<input type=\"hidden\" name=\"_wpcf7_posted_data_hash\" value=\"\" \/>\n<\/div>\n<p><span class=\"wpcf7-form-control-wrap\" data-name=\"text-775\"><input type=\"text\" name=\"text-775\" value=\"\" size=\"40\" class=\"wpcf7-form-control wpcf7-text wpcf7-validates-as-required\" aria-required=\"true\" aria-invalid=\"false\" placeholder=\"Ad-Soyad\" \/><\/span><span class=\"wpcf7-form-control-wrap\" data-name=\"email-550\"><input type=\"email\" name=\"email-550\" value=\"\" size=\"40\" class=\"wpcf7-form-control wpcf7-text wpcf7-email wpcf7-validates-as-required wpcf7-validates-as-email\" aria-required=\"true\" aria-invalid=\"false\" placeholder=\"E-Posta\" \/><\/span><span class=\"wpcf7-form-control-wrap\" data-name=\"phone-550\"><input type=\"text\" name=\"phone-550\" value=\"\" size=\"40\" class=\"wpcf7-form-control wpcf7-text wpcf7-validates-as-required\" aria-required=\"true\" aria-invalid=\"false\" placeholder=\"Telefon\" \/><\/span><span class=\"wpcf7-form-control-wrap\" data-name=\"textarea-138\"><textarea name=\"textarea-138\" cols=\"10\" rows=\"4\" class=\"wpcf7-form-control wpcf7-textarea wpcf7-validates-as-required\" aria-required=\"true\" aria-invalid=\"false\" placeholder=\"Mesaj\u0131n\u0131z\"><\/textarea><\/span><input type=\"submit\" value=\"G\u00f6nder\" class=\"wpcf7-form-control has-spinner wpcf7-submit\" \/><\/p>\n<div class=\"wpcf7-response-output\" aria-hidden=\"true\"><\/div><\/form><\/div>\t<\/div>\n\n\t\t\t<\/div>\n\t\t\t\t<\/div>\n\t\t\t\t\t<\/div>\n\t\t<\/div>\n\t\t\t\t\t\t\t<\/div>\n\t\t<\/section>\n\t\t\t\t<div class=\"elementor-element elementor-element-2c03d76 elementor-align-left elementor-widget elementor-widget-ld_icon_box\" data-id=\"2c03d76\" data-element_type=\"widget\" data-widget_type=\"ld_icon_box.default\">\n\t\t\t\t<div class=\"elementor-widget-container\">\n\t\t\t\n\t\t\t<div id=\"ld_icon_box_2c03d76\" class=\"iconbox d-flex flex-grow-1 pos-rel align-items-center iconbox-side iconbox-icon-shaped iconbox-circle\"   >\n\t\t\t\t\n\t\t\t\t\t\n\t\t\t\t\n\t\t\t\t<div class=\"iconbox-icon-wrap  \"><div class=\"iconbox-icon-container d-inline-flex pos-rel z-index-1 border-radius-circle\"><i aria-hidden=\"true\" class=\"fas fa-phone-alt\"><\/i><\/div><\/div>\t\t\t\t\n\t\t\t\t\t\t\t\t\n\t\t\t\t<div class=\"contents \">\t\t\t\t\n\t\t\t\t\t\t\t\t\n\t\t\t\t<h3 class=\"lqd-iconbox-heading \" >\u0130leti\u015fim <\/h3>\t\t\t\t<p><span style=\"font-size: 20px;color: #292929\">+90 312 395 14 50<\/span><\/p>\n\t\t\t\t\t\t\t\t\n\t\t\t\t<\/div>\t\t\t\t\n\t\t\t\t\n\t\t\t<\/div>\n\n\t\t\t\t<\/div>\n\t\t\t\t<\/div>\n\t\t\t\t\t<\/div>\n\t\t<\/div>\n\t\t\t\t<div class=\"elementor-column elementor-col-50 elementor-top-column elementor-element elementor-element-81bea27\" data-id=\"81bea27\" data-element_type=\"column\">\n\t\t\t<div class=\"elementor-widget-wrap elementor-element-populated\">\n\t\t\t\t\t\t\t\t<div class=\"elementor-element elementor-element-4f4c611 elementor-widget elementor-widget-ld_content_box\" data-id=\"4f4c611\" data-element_type=\"widget\" data-widget_type=\"ld_content_box.default\">\n\t\t\t\t<div class=\"elementor-widget-container\">\n\t\t\t \n\n\t\t<div class=\"lqd-fb pos-rel lqd-fb-style-8\"  >\n\t\t\t\t\t<div class=\"lqd-fb-inner\">\n\n\t\t\t\t<div\n\t\t\t\tclass=\"lqd-fb-img border-radius-4 overflow-hidden\"\n\t\t\t\tdata-custom-animations=\"true\"\n\t\t\t\tdata-ca-options='{ \"triggerHandler\": \"inview\", \"animationTarget\": \"figure\", \"duration\": 1200, \"initValues\": { \"scale\": 1.075, \"opacity\": 0 }, \"animations\": { \"scale\": 1, \"opacity\": 1 } }'>\n\t\t\t\t\t<figure class=\"w-100\">\n\t\t\t\t\t\t\t<img decoding=\"async\" class=\"w-100\" src=\"https:\/\/klisef.com.tr\/yeni\/wp-content\/uploads\/2023\/02\/image.png\">\t\t\t\t\t\t\t\t\t\t\t\t<\/figure>\n\t\t\t\t<\/div>\n\n\t\t\t\t<div class=\"lqd-fb-content border-radius-4 pos-rel w-60\">\n\t\t\t\t\t<div class=\"lqd-fb-content-inner d-flex flex-wrap align-items-center justify-content-between pos-rel border-radius-4 pt-4 pb-4 ps-5 pe-5\">\n\t\t\t\t\t\t<div class=\"lqd-overlay\" data-reveal=\"true\" data-reveal-options='{ \"direction\": \"bt\", \"delay\": 150, \"duration\": 500, \"coverArea\": 100 }'>\n\t\t\t\t\t\t\t<div class=\"lqd-fb-bg lqd-overlay\"><\/div>\n\t\t\t\t\t\t<\/div>\n\t\t\t\t\t\t\t\t\t\t\t\t<div\n\t\t\t\t\t\tclass=\"lqd-fb-content-holder lqd-fb-content-left w-70 pos-rel\"\n\t\t\t\t\t\tdata-custom-animations=\"true\"\n\t\t\t\t\t\tdata-ca-options='{ \"triggerHandler\": \"inview\", \"animationTarget\": \"all-childs\", \"duration\": 1200, \"delay\": 120,  \"startDelay\": 800, \"initValues\": { \"y\": 30, \"opacity\": 0 }, \"animations\": { \"y\": 0, \"opacity\": 1 } }'>\n\t\t\t\t\t\t\t<h2 class=\"lqd-fb__title mt-0 mb-0 \" data-split-text=\"true\" data-split-options='{ \"type\": \"lines\" }'>HAVALADIRMA EK\u0130PMANLARI<\/h2>\t\t\t\t\t\t<\/div>\n\t\t\t\t\t\t\t\t\t\t\t\t<div\n\t\t\t\t\t\tclass=\"lqd-fb-content-holder lqd-fb-content-right d-flex justify-content-end w-20 pos-rel\"\n\t\t\t\t\t\tdata-custom-animations=\"true\"\n\t\t\t\t\t\tdata-ca-options='{ \"triggerHandler\": \"inview\", \"animationTarget\": \"all-childs\", \"duration\": 1100, \"delay\": 120,  \"startDelay\": 950, \"initValues\": { \"y\": 30, \"opacity\": 0 }, \"animations\": { \"y\": 0, \"opacity\": 1 } }'>\n\t\t\t\t\t\t\t<i aria-hidden=\"true\" class=\"fa fa-star\"><\/i>\t\t\t\t\t\t<\/div>\n\t\t\t\t\t<\/div>\n\t\t\t\t\n\t\t\t\t\t<a  class=\"lqd-overlay\"><\/a>\n\t\t\t\t<\/div>\n\n\t\t\t\t<a  class=\"lqd-overlay\"><\/a>\n\n\t\t\t<\/div>\n\t\t\t \n\t\t<\/div>\n\t\t\t\t<\/div>\n\t\t\t\t<\/div>\n\t\t\t\t<div class=\"elementor-element elementor-element-0220578 elementor-widget elementor-widget-hub_fancy_heading\" data-id=\"0220578\" data-element_type=\"widget\" data-widget_type=\"hub_fancy_heading.default\">\n\t\t\t\t<div class=\"elementor-widget-container\">\n\t\t\t\n\t\t<div id=\"ld-fancy-heading-69f0c21132dd5\" class=\"ld-fancy-heading pos-rel\">\n\t\t\t<h3 class=\"ld-fh-element d-inline-block pos-rel  elementor-heading-title lqd-highlight-classic lqd-highlight-grow-left h3\"  > Menfezler<\/h3>\t\t<\/div>\n\n\t\t\t\t<\/div>\n\t\t\t\t<\/div>\n\t\t\t\t<div class=\"elementor-element elementor-element-26fe870 elementor-widget elementor-widget-text-editor\" data-id=\"26fe870\" data-element_type=\"widget\" data-widget_type=\"text-editor.default\">\n\t\t\t\t<div class=\"elementor-widget-container\">\n\t\t\t<style>\/*! elementor - v3.8.1 - 13-11-2022 *\/\n.elementor-widget-text-editor.elementor-drop-cap-view-stacked .elementor-drop-cap{background-color:#818a91;color:#fff}.elementor-widget-text-editor.elementor-drop-cap-view-framed .elementor-drop-cap{color:#818a91;border:3px solid;background-color:transparent}.elementor-widget-text-editor:not(.elementor-drop-cap-view-default) .elementor-drop-cap{margin-top:8px}.elementor-widget-text-editor:not(.elementor-drop-cap-view-default) .elementor-drop-cap-letter{width:1em;height:1em}.elementor-widget-text-editor .elementor-drop-cap{float:left;text-align:center;line-height:1;font-size:50px}.elementor-widget-text-editor .elementor-drop-cap-letter{display:inline-block}<\/style>\t\t\t\t<div class=\"elementor-text-editor elementor-clearfix\"><div class=\"mainHeading\"><div class=\"mainHeading\"><div id=\"breadcrumb\"><div id=\"crumbs\"><div class=\"reading\"><table width=\"100%\"><tbody><tr><td><p><strong>MENFEZLER<img decoding=\"async\" class=\"size-full wp-image-679 alignright\" src=\"https:\/\/klisef.com.tr\/wp-content\/uploads\/2022\/04\/Menfez.png\" sizes=\"(max-width: 216px) 100vw, 216px\" srcset=\"https:\/\/klisef.com.tr\/wp-content\/uploads\/2022\/04\/Menfez.png 216w, https:\/\/klisef.com.tr\/wp-content\/uploads\/2022\/04\/Menfez-150x150.png 150w\" alt=\"\" width=\"216\" height=\"215\" \/><\/strong><\/p><p>Menfezler duvar, tavan ve kanal uygulamalar\u0131 i\u00e7in tasarlanm\u0131\u015ft\u0131r. Da\u011f\u0131t\u0131c\u0131 ve toplay\u0131c\u0131 sistemlerde kullan\u0131l\u0131rlar. Ayarlanabilir kanatl\u0131d\u0131rlar, kanat karakteristi\u011fi bak\u0131m\u0131ndan yatay at\u0131\u015flar i\u00e7in uygundur. \u2018Coanda etkisi\u2019 ile istenilen durumlarda tavana yak\u0131n monte edilirler. Kanatlar menfez \u00f6n y\u00fcz\u00fcnden el ile kolayca ayarlanabilir. Da\u011f\u0131t\u0131c\u0131 sistemlerde optimum ve dengeli hava da\u011f\u0131l\u0131m\u0131n yap\u0131labilmesi i\u00e7in aksesuarlar\u0131 ile birlikte kullan\u0131l\u0131r. \u00c7er\u00e7evesi ve kanatlar\u0131 al\u00fcminyum ekstr\u00fczyon profilden imal edilmektedir.<\/p><\/td><\/tr><\/tbody><\/table><table width=\"100%\"><tbody><tr><td><p><strong>\u00a0E\u011eR\u0130SEL KANATLI MENFEZ<img decoding=\"async\" class=\"size-full wp-image-685 alignright\" src=\"https:\/\/klisef.com.tr\/wp-content\/uploads\/2022\/03\/EGRISEL-KANATLI-MENFEZ.png\" alt=\"\" width=\"216\" height=\"203\" \/><\/strong><\/p><p>E\u011frisel kanatl\u0131 menfezler, tavan uygulamalar\u0131 i\u00e7in tasarlanm\u0131\u015flard\u0131r. Uygulama gereksinimlerine ba\u011fl\u0131 olarak hava debisi ayarlamak ve hava da\u011f\u0131l\u0131m\u0131 optimize etmek i\u00e7in kullan\u0131l\u0131rlar. Sabit yap\u0131dad\u0131rlar. Kanat karakteristi\u011fi bak\u0131m\u0131ndan yatay ve dikey at\u0131\u015flara uygundur. Y\u00fcksekli\u011fi 4 metreye kadar olan ortamlar i\u00e7in \u00f6nerilirler. \u00d6nerilen s\u0131cakl\u0131k fark\u0131 +\/-10 \u00b0C\u2019t\u0131r. Havay\u0131 1,2,3, veya 4 y\u00f6ne atacak \u015fekilde \u00fcretilir.<\/p><\/td><\/tr><\/tbody><\/table><table width=\"100%\"><tbody><tr><td><p><strong>DA\u0130RESEL KANAL MENFEZ\u0130<img decoding=\"async\" class=\"size-full wp-image-688 alignright\" src=\"https:\/\/klisef.com.tr\/wp-content\/uploads\/2022\/03\/DAIRESEL-KANAL-MENFEZI.png\" alt=\"\" width=\"216\" height=\"198\" \/><\/strong><\/p><p>Dairesel kanal uygulamalar\u0131 i\u00e7in tasarlanm\u0131\u015ft\u0131r. Da\u011f\u0131t\u0131c\u0131 ve toplay\u0131c\u0131 sistemlerde kullan\u0131l\u0131rlar. Ayarlanabilir kanatl\u0131d\u0131rlar, kanat karakteristi\u011fi bak\u0131m\u0131ndan yatay at\u0131\u015flar i\u00e7in uygundur. \u2018Coanda etkisi\u2019 ile istenilen durumlarda tavana en fazla 30 cm mesafede monte edilirler. Kanatlar \u00fcfleme i\u00e7in 2, emi\u015f i\u00e7in 1 s\u0131ral\u0131 olarak imal edilmektedir.<\/p><\/td><\/tr><\/tbody><\/table><table width=\"100%\"><tbody><tr><td><p><strong>L\u0130NEER MENFEZ<img decoding=\"async\" class=\"wp-image-702 size-full alignright\" src=\"https:\/\/klisef.com.tr\/wp-content\/uploads\/2022\/03\/LINEER-MENFEZ.png\" alt=\"\" width=\"215\" height=\"197\" \/><\/strong><\/p><p>Lineer menfezler, duvar uygulamalar\u0131 i\u00e7in tasarlanm\u0131\u015flard\u0131r. Da\u011f\u0131t\u0131c\u0131 ve toplay\u0131c\u0131 sistemlerde kullan\u0131l\u0131rlar. Sabit kanatl\u0131d\u0131rlar. Kanat karakteristi\u011fi bak\u0131m\u0131ndan duvardan yatay at\u0131\u015flara uygundurlar. Dengeli hava da\u011f\u0131l\u0131m\u0131n\u0131n yap\u0131lmas\u0131 i\u00e7in aksesuarlar\u0131 ile birlikte kullan\u0131l\u0131rlar. \u2018Coanda etkisi\u2019 ile istenilen durumlarda tavana yak\u0131n monte edilirler.<\/p><\/td><\/tr><\/tbody><\/table><table width=\"100%\"><tbody><tr><td><p><strong>L\u0130NEER YER MENFEZ\u0130<img decoding=\"async\" class=\"size-full wp-image-705 alignright\" src=\"https:\/\/klisef.com.tr\/wp-content\/uploads\/2022\/03\/LINEER-YER-MENFEZI.png\" alt=\"\" width=\"223\" height=\"203\" \/><\/strong><\/p><p>D\u00f6\u015feme uygulamalar\u0131 i\u00e7in tasarlanm\u0131\u015flard\u0131r. Da\u011f\u0131t\u0131c\u0131 ve toplay\u0131c\u0131 sistemlerde kullan\u0131l\u0131rlar. Sabit kanatl\u0131d\u0131rlar. \u00c7er\u00e7eveleri bulunmay\u0131p, d\u00f6\u015feme i\u00e7indeki in\u015fai yuvaya oturtulmal\u0131d\u0131rlar. \u0130ste\u011fe ba\u011fl\u0131 \u00e7er\u00e7eveli imalat yap\u0131labilir. Dengeli hava da\u011f\u0131l\u0131m\u0131n\u0131n yap\u0131lmas\u0131 i\u00e7in aksesuarlar\u0131 ile birlikte kullan\u0131l\u0131rlar.<\/p><\/td><\/tr><\/tbody><\/table><table width=\"100%\"><tbody><tr><td><p><strong>KARE PETEK MENFEZ\u00a0\u00a0<img decoding=\"async\" class=\"size-medium wp-image-737 alignright\" src=\"https:\/\/klisef.com.tr\/wp-content\/uploads\/2022\/03\/KARE.png\" alt=\"\" width=\"218\" height=\"208\" \/><\/strong><\/p><p>Kare petek menfez ortamlar aras\u0131 hava transferinin ger\u00e7ekle\u015ftirilmesi ve toplay\u0131c\u0131 sistemlerde kullan\u0131lmak \u00fczere tasarlanm\u0131\u015ft\u0131r. Sabit kanatl\u0131 ve y\u00fcksek serbest alanl\u0131d\u0131r. Kanatlar aras\u0131 12\u00d712 mm\u00b2\u2019dir. \u0130stek \u00fczerine menfez arakas\u0131na damper ve filtre ilavesi yap\u0131labilir. \u00c7er\u00e7eveler ekstr\u00fczyon y\u00f6ntemi ile \u00fcretilen al\u00fcminyum profilden mamuld\u00fcr.<\/p><\/td><\/tr><\/tbody><\/table><table width=\"100%\"><tbody><tr><td><p><strong>PERFORE MENFEZ<img decoding=\"async\" class=\"size-full wp-image-722 alignright\" src=\"https:\/\/klisef.com.tr\/wp-content\/uploads\/2022\/03\/PERFORE-MENFEZ.png\" alt=\"\" width=\"218\" height=\"208\" \/><\/strong><\/p><p>Tavan ve duvar uygulamalar\u0131 i\u00e7in tasarlanm\u0131\u015ft\u0131r. Toplay\u0131c\u0131 sistemlerde kullan\u0131l\u0131rlar. Standart olarak perfore delik \u00e7aplar\u0131 6 mm ve delikler aras\u0131 mesafe 8 mm olarak \u00fcretilir. Perfore menfezi %51\u2019lik alan\u0131ndan hava ge\u00e7i\u015fi sa\u011flan\u0131r. \u00c7er\u00e7evesi al\u00fcminyum ekstr\u00fczyon profilden, g\u00f6bek levhas\u0131 ise perfore sacdan imal edilir.<\/p><\/td><\/tr><\/tbody><\/table><table width=\"100%\"><tbody><tr><td><p><strong>FAN-CO\u0130L EM\u0130\u015e VE M\u00dcDAHALE KAPA\u011eI<img decoding=\"async\" class=\"size-full wp-image-739 alignright\" src=\"https:\/\/klisef.com.tr\/wp-content\/uploads\/2022\/03\/FAN-COIL-EMIS-KAPAGI.png\" alt=\"\" width=\"220\" height=\"210\" \/><\/strong><\/p><p>Fan-coil emi\u015f m\u00fcdahale kapa\u011f\u0131 menfezleri, d\u00f6n\u00fc\u015f havas\u0131 transfer menfezi \u00f6zelli\u011finin yan\u0131 s\u0131ra, fan-coiller i\u00e7in entegre bir m\u00fcdahale kapa\u011f\u0131 olarak kullan\u0131lmak \u00fczere tasarlanm\u0131\u015ft\u0131r. A\u00e7\u0131lan k\u0131s\u0131mlar\u0131 12\u00d712 mm boyutlar\u0131nda karelerden olu\u015fan petek menfezdir. \u0130stek \u00fczerine i\u00e7 tarafa y\u0131kanabilir sentetik elyaftan hava filtresi konulmaktad\u0131r.<\/p><\/td><\/tr><\/tbody><\/table><p>\u00a0<\/p><\/div><div id=\"page-links\">\u00a0<\/div><div class=\"safirShare\">\u00a0<\/div><\/div><\/div><\/div><\/div><\/div>\t\t\t\t\t\t<\/div>\n\t\t\t\t<\/div>\n\t\t\t\t<div class=\"elementor-element elementor-element-b155033 elementor-align-left elementor-widget elementor-widget-ld_icon_box\" data-id=\"b155033\" data-element_type=\"widget\" data-widget_type=\"ld_icon_box.default\">\n\t\t\t\t<div class=\"elementor-widget-container\">\n\t\t\t\n\t\t\t<div id=\"ld_icon_box_b155033\" class=\"iconbox d-flex flex-grow-1 pos-rel flex-wrap align-items-center iconbox-inline iconbox-icon-shaped iconbox-square\"   >\n\t\t\t\t\n\t\t\t\t\t\n\t\t\t\t\n\t\t\t\t<div class=\"iconbox-icon-wrap  \"><div class=\"iconbox-icon-container d-inline-flex pos-rel z-index-1 \"><i aria-hidden=\"true\" class=\"far fa-clone\"><\/i><\/div><\/div>\t\t\t\t\n\t\t\t\t<h3 class=\"lqd-iconbox-heading \" >\u00dcR\u00dcN KATALO\u011eUNU \u0130ND\u0130RMEK \u0130\u00c7\u0130N TIKLAYINIZ <\/h3>\t\t\t\t\n\t\t\t\t\t\t\t\t\n\t\t\t\t\t\t\t\t\n\t\t\t\t\t\t\t\t<p><\/p>\n\t\t\t\t\t\t\t\t\n\t\t\t\t\t\t\t\t\n\t\t\t\t<a href=\"https:\/\/klisef.com.tr\/yeni\/wp-content\/uploads\/2023\/03\/Klisef-Havalandirma-Ekipmanlari.pdf\" class=\"lqd-overlay z-index-2\" target=\"_blank&quot;\" rel=\"nofollow\"><\/a>\n\t\t\t<\/div>\n\n\t\t\t\t<\/div>\n\t\t\t\t<\/div>\n\t\t\t\t\t<\/div>\n\t\t<\/div>\n\t\t\t\t\t\t\t<\/div>\n\t\t<\/section>\n\t\t\t\t\t\t\t<\/div>\n\t\t","protected":false},"excerpt":{"rendered":"<p>\u00dcr\u00fcn Gruplar\u0131m\u0131z Klima Santralleri Is\u0131 Geri Kazan\u0131m \u00dcnt. Rooftop So\u011futma Gruplar\u0131 Ekipmanlar \u0130leti\u015fim Formu \u0130leti\u015fim +90 312 395 14 50 HAVALADIRMA EK\u0130PMANLARI Menfezler MENFEZLER Menfezler duvar, tavan ve kanal uygulamalar\u0131 i\u00e7in tasarlanm\u0131\u015ft\u0131r. Da\u011f\u0131t\u0131c\u0131 ve toplay\u0131c\u0131 sistemlerde kullan\u0131l\u0131rlar. Ayarlanabilir kanatl\u0131d\u0131rlar, kanat karakteristi\u011fi bak\u0131m\u0131ndan yatay at\u0131\u015flar i\u00e7in uygundur. \u2018Coanda etkisi\u2019 ile istenilen durumlarda tavana yak\u0131n monte edilirler. [&hellip;]<\/p>\n","protected":false},"author":1,"featured_media":0,"parent":9101,"menu_order":0,"comment_status":"closed","ping_status":"closed","template":"","meta":{"footnotes":""},"class_list":["post-11029","page","type-page","status-publish","hentry"],"_links":{"self":[{"href":"https:\/\/klisef.com.tr\/yeni\/wp-json\/wp\/v2\/pages\/11029","targetHints":{"allow":["GET"]}}],"collection":[{"href":"https:\/\/klisef.com.tr\/yeni\/wp-json\/wp\/v2\/pages"}],"about":[{"href":"https:\/\/klisef.com.tr\/yeni\/wp-json\/wp\/v2\/types\/page"}],"author":[{"embeddable":true,"href":"https:\/\/klisef.com.tr\/yeni\/wp-json\/wp\/v2\/users\/1"}],"replies":[{"embeddable":true,"href":"https:\/\/klisef.com.tr\/yeni\/wp-json\/wp\/v2\/comments?post=11029"}],"version-history":[{"count":13,"href":"https:\/\/klisef.com.tr\/yeni\/wp-json\/wp\/v2\/pages\/11029\/revisions"}],"predecessor-version":[{"id":11559,"href":"https:\/\/klisef.com.tr\/yeni\/wp-json\/wp\/v2\/pages\/11029\/revisions\/11559"}],"up":[{"embeddable":true,"href":"https:\/\/klisef.com.tr\/yeni\/wp-json\/wp\/v2\/pages\/9101"}],"wp:attachment":[{"href":"https:\/\/klisef.com.tr\/yeni\/wp-json\/wp\/v2\/media?parent=11029"}],"curies":[{"name":"wp","href":"https:\/\/api.w.org\/{rel}","templated":true}]}}