{"id":11024,"date":"2023-03-01T00:28:29","date_gmt":"2023-02-28T21:28:29","guid":{"rendered":"https:\/\/klisef.com.tr\/yeni\/?page_id=11024"},"modified":"2023-03-04T17:34:56","modified_gmt":"2023-03-04T14:34:56","slug":"difizorler","status":"publish","type":"page","link":"https:\/\/klisef.com.tr\/yeni\/urunlerimiz\/difizorler\/","title":{"rendered":"Difiz\u00f6rler"},"content":{"rendered":"\t\t<div data-elementor-type=\"wp-page\" data-elementor-id=\"11024\" class=\"elementor elementor-11024\">\n\t\t\t\t\t\t\t\t\t<section class=\"elementor-section elementor-top-section elementor-element elementor-element-ebf2625 elementor-reverse-tablet elementor-reverse-mobile elementor-section-boxed elementor-section-height-default elementor-section-height-default\" data-id=\"ebf2625\" data-element_type=\"section\">\n\t\t\t\t\t\t<div class=\"elementor-container elementor-column-gap-default\">\n\t\t\t\t\t<div class=\"lqd-css-sticky-column elementor-column elementor-col-50 elementor-top-column elementor-element elementor-element-a6f0c9b\" style=\"--lqd-sticky-offset:30px\" data-id=\"a6f0c9b\" data-element_type=\"column\">\n\t\t\t<div class=\"elementor-widget-wrap elementor-element-populated\">\n\t\t\t\t\t\t\t\t<div class=\"elementor-element elementor-element-116d0a3 elementor-widget elementor-widget-hub_fancy_heading\" data-id=\"116d0a3\" data-element_type=\"widget\" data-widget_type=\"hub_fancy_heading.default\">\n\t\t\t\t<div class=\"elementor-widget-container\">\n\t\t\t\n\t\t<div id=\"ld-fancy-heading-69f0c25007b53\" class=\"ld-fancy-heading pos-rel\">\n\t\t\t<h4 class=\"ld-fh-element d-inline-block pos-rel  elementor-heading-title lqd-highlight-classic lqd-highlight-grow-left h4\"  > \u00dcr\u00fcn Gruplar\u0131m\u0131z<\/h4>\t\t<\/div>\n\n\t\t\t\t<\/div>\n\t\t\t\t<\/div>\n\t\t\t\t<div class=\"elementor-element elementor-element-e652e82 elementor-widget elementor-widget-ld_custom_menu\" data-id=\"e652e82\" data-element_type=\"widget\" data-widget_type=\"ld_custom_menu.default\">\n\t\t\t\t<div class=\"elementor-widget-container\">\n\t\t\t\n\t\t\t<div  \n\t\t\t\tclass=\"lqd-fancy-menu lqd-custom-menu pos-rel menu-items-has-fill center lqd-menu-td-none\"\n\t\t\t\t\t\t\t>\n\t\t\t\n\t\t\t\t\t\t<ul id=\"e652e82\" class=\"reset-ul   \" itemtype=\"http:\/\/schema.org\/SiteNavigationElement\" itemscope=\"itemscope\"><li id=\"menu-item-10826\" class=\"menu-item menu-item-type-post_type menu-item-object-page menu-item-10826\"><a href=\"https:\/\/klisef.com.tr\/yeni\/klima-santralleri\/\">Klima Santralleri<\/a><\/li>\n<li id=\"menu-item-10828\" class=\"menu-item menu-item-type-post_type menu-item-object-page menu-item-10828\"><a href=\"https:\/\/klisef.com.tr\/yeni\/isi-geri-kazanim-unt\/\">Is\u0131 Geri Kazan\u0131m \u00dcnt.<\/a><\/li>\n<li id=\"menu-item-10827\" class=\"menu-item menu-item-type-post_type menu-item-object-page menu-item-10827\"><a href=\"https:\/\/klisef.com.tr\/yeni\/rooftop\/\">Rooftop<\/a><\/li>\n<li id=\"menu-item-11079\" class=\"menu-item menu-item-type-post_type menu-item-object-page menu-item-11079\"><a href=\"https:\/\/klisef.com.tr\/yeni\/sogutma-gruplari\/\">So\u011futma Gruplar\u0131<\/a><\/li>\n<li id=\"menu-item-11080\" class=\"menu-item menu-item-type-post_type menu-item-object-page menu-item-11080\"><a href=\"https:\/\/klisef.com.tr\/yeni\/havalandirma-ekipmanlari\/\">Ekipmanlar<\/a><\/li>\n<\/ul>\t\t\t\t\t\t\t\t\t<\/div>\n\t\t\t\t<\/div>\n\t\t\t\t<\/div>\n\t\t\t\t<section class=\"elementor-section elementor-inner-section elementor-element elementor-element-de4d133 elementor-section-boxed elementor-section-height-default elementor-section-height-default\" data-id=\"de4d133\" data-element_type=\"section\">\n\t\t\t\t\t\t<div class=\"elementor-container elementor-column-gap-default\">\n\t\t\t\t\t<div class=\"elementor-column elementor-col-100 elementor-inner-column elementor-element elementor-element-6a40fdc\" data-id=\"6a40fdc\" data-element_type=\"column\" data-settings=\"{&quot;background_background&quot;:&quot;classic&quot;}\">\n\t\t\t<div class=\"elementor-widget-wrap elementor-element-populated\">\n\t\t\t\t\t\t\t\t<div class=\"elementor-element elementor-element-c3c5580 elementor-widget elementor-widget-hub_fancy_heading\" data-id=\"c3c5580\" data-element_type=\"widget\" data-widget_type=\"hub_fancy_heading.default\">\n\t\t\t\t<div class=\"elementor-widget-container\">\n\t\t\t\n\t\t<div id=\"ld-fancy-heading-69f0c2500b6db\" class=\"ld-fancy-heading pos-rel\">\n\t\t\t<h4 class=\"ld-fh-element d-inline-block pos-rel  elementor-heading-title lqd-highlight-classic lqd-highlight-grow-left h4\"  > \u0130leti\u015fim Formu<\/h4>\t\t<\/div>\n\n\t\t\t\t<\/div>\n\t\t\t\t<\/div>\n\t\t\t\t<div class=\"elementor-element elementor-element-6c950d4 elementor-widget elementor-widget-ld_cf722\" data-id=\"6c950d4\" data-element_type=\"widget\" data-widget_type=\"ld_cf722.default\">\n\t\t\t\t<div class=\"elementor-widget-container\">\n\t\t\t\n\t<div class=\"lqd-contact-form lqd-contact-form-inputs-filled lqd-contact-form-inputs-round lqd-contact-form-button-block\" >\n\t\t<div role=\"form\" class=\"wpcf7\" id=\"wpcf7-f259-o1\" lang=\"en-GB\" dir=\"ltr\">\n<div class=\"screen-reader-response\"><p role=\"status\" aria-live=\"polite\" aria-atomic=\"true\"><\/p> <ul><\/ul><\/div>\n<form action=\"\/yeni\/wp-json\/wp\/v2\/pages\/11024#wpcf7-f259-o1\" method=\"post\" class=\"wpcf7-form init\" novalidate=\"novalidate\" data-status=\"init\">\n<div style=\"display: none;\">\n<input type=\"hidden\" name=\"_wpcf7\" value=\"259\" \/>\n<input type=\"hidden\" name=\"_wpcf7_version\" value=\"5.6.4\" \/>\n<input type=\"hidden\" name=\"_wpcf7_locale\" value=\"en_GB\" \/>\n<input type=\"hidden\" name=\"_wpcf7_unit_tag\" value=\"wpcf7-f259-o1\" \/>\n<input type=\"hidden\" name=\"_wpcf7_container_post\" value=\"0\" \/>\n<input type=\"hidden\" name=\"_wpcf7_posted_data_hash\" value=\"\" \/>\n<\/div>\n<p><span class=\"wpcf7-form-control-wrap\" data-name=\"text-775\"><input type=\"text\" name=\"text-775\" value=\"\" size=\"40\" class=\"wpcf7-form-control wpcf7-text wpcf7-validates-as-required\" aria-required=\"true\" aria-invalid=\"false\" placeholder=\"Ad-Soyad\" \/><\/span><span class=\"wpcf7-form-control-wrap\" data-name=\"email-550\"><input type=\"email\" name=\"email-550\" value=\"\" size=\"40\" class=\"wpcf7-form-control wpcf7-text wpcf7-email wpcf7-validates-as-required wpcf7-validates-as-email\" aria-required=\"true\" aria-invalid=\"false\" placeholder=\"E-Posta\" \/><\/span><span class=\"wpcf7-form-control-wrap\" data-name=\"phone-550\"><input type=\"text\" name=\"phone-550\" value=\"\" size=\"40\" class=\"wpcf7-form-control wpcf7-text wpcf7-validates-as-required\" aria-required=\"true\" aria-invalid=\"false\" placeholder=\"Telefon\" \/><\/span><span class=\"wpcf7-form-control-wrap\" data-name=\"textarea-138\"><textarea name=\"textarea-138\" cols=\"10\" rows=\"4\" class=\"wpcf7-form-control wpcf7-textarea wpcf7-validates-as-required\" aria-required=\"true\" aria-invalid=\"false\" placeholder=\"Mesaj\u0131n\u0131z\"><\/textarea><\/span><input type=\"submit\" value=\"G\u00f6nder\" class=\"wpcf7-form-control has-spinner wpcf7-submit\" \/><\/p>\n<div class=\"wpcf7-response-output\" aria-hidden=\"true\"><\/div><\/form><\/div>\t<\/div>\n\n\t\t\t<\/div>\n\t\t\t\t<\/div>\n\t\t\t\t\t<\/div>\n\t\t<\/div>\n\t\t\t\t\t\t\t<\/div>\n\t\t<\/section>\n\t\t\t\t<div class=\"elementor-element elementor-element-2c03d76 elementor-align-left elementor-widget elementor-widget-ld_icon_box\" data-id=\"2c03d76\" data-element_type=\"widget\" data-widget_type=\"ld_icon_box.default\">\n\t\t\t\t<div class=\"elementor-widget-container\">\n\t\t\t\n\t\t\t<div id=\"ld_icon_box_2c03d76\" class=\"iconbox d-flex flex-grow-1 pos-rel align-items-center iconbox-side iconbox-icon-shaped iconbox-circle\"   >\n\t\t\t\t\n\t\t\t\t\t\n\t\t\t\t\n\t\t\t\t<div class=\"iconbox-icon-wrap  \"><div class=\"iconbox-icon-container d-inline-flex pos-rel z-index-1 border-radius-circle\"><i aria-hidden=\"true\" class=\"fas fa-phone-alt\"><\/i><\/div><\/div>\t\t\t\t\n\t\t\t\t\t\t\t\t\n\t\t\t\t<div class=\"contents \">\t\t\t\t\n\t\t\t\t\t\t\t\t\n\t\t\t\t<h3 class=\"lqd-iconbox-heading \" >\u0130leti\u015fim <\/h3>\t\t\t\t<p><span style=\"font-size: 20px;color: #292929\">+90 312 395 14 50<\/span><\/p>\n\t\t\t\t\t\t\t\t\n\t\t\t\t<\/div>\t\t\t\t\n\t\t\t\t\n\t\t\t<\/div>\n\n\t\t\t\t<\/div>\n\t\t\t\t<\/div>\n\t\t\t\t\t<\/div>\n\t\t<\/div>\n\t\t\t\t<div class=\"elementor-column elementor-col-50 elementor-top-column elementor-element elementor-element-81bea27\" data-id=\"81bea27\" data-element_type=\"column\">\n\t\t\t<div class=\"elementor-widget-wrap elementor-element-populated\">\n\t\t\t\t\t\t\t\t<div class=\"elementor-element elementor-element-4f4c611 elementor-widget elementor-widget-ld_content_box\" data-id=\"4f4c611\" data-element_type=\"widget\" data-widget_type=\"ld_content_box.default\">\n\t\t\t\t<div class=\"elementor-widget-container\">\n\t\t\t \n\n\t\t<div class=\"lqd-fb pos-rel lqd-fb-style-8\"  >\n\t\t\t\t\t<div class=\"lqd-fb-inner\">\n\n\t\t\t\t<div\n\t\t\t\tclass=\"lqd-fb-img border-radius-4 overflow-hidden\"\n\t\t\t\tdata-custom-animations=\"true\"\n\t\t\t\tdata-ca-options='{ \"triggerHandler\": \"inview\", \"animationTarget\": \"figure\", \"duration\": 1200, \"initValues\": { \"scale\": 1.075, \"opacity\": 0 }, \"animations\": { \"scale\": 1, \"opacity\": 1 } }'>\n\t\t\t\t\t<figure class=\"w-100\">\n\t\t\t\t\t\t\t<img decoding=\"async\" class=\"w-100\" src=\"https:\/\/klisef.com.tr\/yeni\/wp-content\/uploads\/2023\/02\/HAVALANDIRMA-KANALLARI.png\">\t\t\t\t\t\t\t\t\t\t\t\t<\/figure>\n\t\t\t\t<\/div>\n\n\t\t\t\t<div class=\"lqd-fb-content border-radius-4 pos-rel w-60\">\n\t\t\t\t\t<div class=\"lqd-fb-content-inner d-flex flex-wrap align-items-center justify-content-between pos-rel border-radius-4 pt-4 pb-4 ps-5 pe-5\">\n\t\t\t\t\t\t<div class=\"lqd-overlay\" data-reveal=\"true\" data-reveal-options='{ \"direction\": \"bt\", \"delay\": 150, \"duration\": 500, \"coverArea\": 100 }'>\n\t\t\t\t\t\t\t<div class=\"lqd-fb-bg lqd-overlay\"><\/div>\n\t\t\t\t\t\t<\/div>\n\t\t\t\t\t\t\t\t\t\t\t\t<div\n\t\t\t\t\t\tclass=\"lqd-fb-content-holder lqd-fb-content-left w-70 pos-rel\"\n\t\t\t\t\t\tdata-custom-animations=\"true\"\n\t\t\t\t\t\tdata-ca-options='{ \"triggerHandler\": \"inview\", \"animationTarget\": \"all-childs\", \"duration\": 1200, \"delay\": 120,  \"startDelay\": 800, \"initValues\": { \"y\": 30, \"opacity\": 0 }, \"animations\": { \"y\": 0, \"opacity\": 1 } }'>\n\t\t\t\t\t\t\t<h2 class=\"lqd-fb__title mt-0 mb-0 \" data-split-text=\"true\" data-split-options='{ \"type\": \"lines\" }'>HAVALADIRMA EK\u0130PMANLARI<\/h2>\t\t\t\t\t\t<\/div>\n\t\t\t\t\t\t\t\t\t\t\t\t<div\n\t\t\t\t\t\tclass=\"lqd-fb-content-holder lqd-fb-content-right d-flex justify-content-end w-20 pos-rel\"\n\t\t\t\t\t\tdata-custom-animations=\"true\"\n\t\t\t\t\t\tdata-ca-options='{ \"triggerHandler\": \"inview\", \"animationTarget\": \"all-childs\", \"duration\": 1100, \"delay\": 120,  \"startDelay\": 950, \"initValues\": { \"y\": 30, \"opacity\": 0 }, \"animations\": { \"y\": 0, \"opacity\": 1 } }'>\n\t\t\t\t\t\t\t<i aria-hidden=\"true\" class=\"fa fa-star\"><\/i>\t\t\t\t\t\t<\/div>\n\t\t\t\t\t<\/div>\n\t\t\t\t\n\t\t\t\t\t<a  class=\"lqd-overlay\"><\/a>\n\t\t\t\t<\/div>\n\n\t\t\t\t<a  class=\"lqd-overlay\"><\/a>\n\n\t\t\t<\/div>\n\t\t\t \n\t\t<\/div>\n\t\t\t\t<\/div>\n\t\t\t\t<\/div>\n\t\t\t\t<div class=\"elementor-element elementor-element-0220578 elementor-widget elementor-widget-hub_fancy_heading\" data-id=\"0220578\" data-element_type=\"widget\" data-widget_type=\"hub_fancy_heading.default\">\n\t\t\t\t<div class=\"elementor-widget-container\">\n\t\t\t\n\t\t<div id=\"ld-fancy-heading-69f0c25012dc6\" class=\"ld-fancy-heading pos-rel\">\n\t\t\t<h3 class=\"ld-fh-element d-inline-block pos-rel  elementor-heading-title lqd-highlight-classic lqd-highlight-grow-left h3\"  > Difiz\u00f6rler<\/h3>\t\t<\/div>\n\n\t\t\t\t<\/div>\n\t\t\t\t<\/div>\n\t\t\t\t<div class=\"elementor-element elementor-element-26fe870 elementor-widget elementor-widget-text-editor\" data-id=\"26fe870\" data-element_type=\"widget\" data-widget_type=\"text-editor.default\">\n\t\t\t\t<div class=\"elementor-widget-container\">\n\t\t\t<style>\/*! elementor - v3.8.1 - 13-11-2022 *\/\n.elementor-widget-text-editor.elementor-drop-cap-view-stacked .elementor-drop-cap{background-color:#818a91;color:#fff}.elementor-widget-text-editor.elementor-drop-cap-view-framed .elementor-drop-cap{color:#818a91;border:3px solid;background-color:transparent}.elementor-widget-text-editor:not(.elementor-drop-cap-view-default) .elementor-drop-cap{margin-top:8px}.elementor-widget-text-editor:not(.elementor-drop-cap-view-default) .elementor-drop-cap-letter{width:1em;height:1em}.elementor-widget-text-editor .elementor-drop-cap{float:left;text-align:center;line-height:1;font-size:50px}.elementor-widget-text-editor .elementor-drop-cap-letter{display:inline-block}<\/style>\t\t\t\t<div class=\"elementor-text-editor elementor-clearfix\"><div class=\"mainHeading\"><div class=\"mainHeading\"><div id=\"breadcrumb\"><div id=\"crumbs\"><table width=\"100%\"><tbody><tr><td><p><strong>1. DA\u0130RESEL D\u0130F\u00dcZ\u00d6R\u00a0<img decoding=\"async\" class=\"size-full wp-image-781 alignright\" src=\"https:\/\/klisef.com.tr\/wp-content\/uploads\/2022\/03\/dairesel-difizor-1.png\" alt=\"\" width=\"207\" height=\"214\" \/><\/strong><\/p><p>Tavan uygulamalar\u0131 i\u00e7in tasarlanm\u0131\u015flard\u0131r. Uygulama gereksinimlerine ba\u011fl\u0131 olarak hava debisini ayarlamak ve hava da\u011f\u0131l\u0131m\u0131n\u0131 optimize etmek i\u00e7in aksesuarlar\u0131 ile birlikte da\u011f\u0131t\u0131c\u0131 ve toplay\u0131c\u0131 sistemlerde kullan\u0131l\u0131rlar. Sabit ve e\u011fri kanatl\u0131 yap\u0131dad\u0131rlar. Kanat karakteristi\u011fi bak\u0131m\u0131ndan yatay olarak her y\u00f6ne at\u0131\u015fa uygundurlar. Y\u00fcksekli\u011fi 4 metreye kadar olan ortamlar i\u00e7in \u00f6nerilirler. Kanat blo\u011fu yayl\u0131 pimlerle \u00e7er\u00e7eveye monte edilen s\u00f6k\u00fclebilir tiptedir. Bu sayede kanat blo\u011funun arkas\u0131ndaki aksesuarlara ula\u015f\u0131labilmektedir. \u00c7er\u00e7eve ve kanatlar al\u00fcminyum plakadan s\u0131vama y\u00f6ntemi ile \u015fekillendirilmektedir.<\/p><\/td><\/tr><\/tbody><\/table><table width=\"100%\"><tbody><tr><td><p><strong>2. D\u0130SK VALF<img decoding=\"async\" class=\"size-full wp-image-782 alignright\" src=\"https:\/\/klisef.com.tr\/wp-content\/uploads\/2022\/03\/disk-valf.png\" alt=\"\" width=\"212\" height=\"204\" \/><\/strong><\/p><p>Tavan ve duvar uygulamalar\u0131 i\u00e7in tasarlanm\u0131\u015flard\u0131r. Toplay\u0131c\u0131 sistemlerde kullan\u0131l\u0131rlar. \u00dcr\u00fcn, norm dairesel kanal \u00e7aplar\u0131na uygun \u00f6l\u00e7\u00fclerde tavan uygulamalar\u0131 i\u00e7in tasarlanm\u0131\u015ft\u0131r. Tavana (kanala) ba\u011fl\u0131 \u00fcst par\u00e7a ve buna ayarlanabilir vidal\u0131 mil ile ba\u011fl\u0131 olan alt par\u00e7adan olu\u015fmaktad\u0131r. D\u0131\u015f g\u00f6vdeye ba\u011fl\u0131 yayl\u0131 t\u0131rnaklar ile asma tavandaki yuvas\u0131na sabitlenir. \u00dcr\u00fcn, DKP sacdan s\u0131vanarak yap\u0131lm\u0131\u015f olup, yaylar\u0131 kaplamal\u0131 yay \u00e7eli\u011findendir.<\/p><\/td><\/tr><\/tbody><\/table><table width=\"100%\"><tbody><tr><td><p><strong>3. KARE D\u0130F\u00dcZ\u00d6R<img decoding=\"async\" class=\"size-full wp-image-783 alignright\" src=\"https:\/\/klisef.com.tr\/wp-content\/uploads\/2022\/03\/kare-difizor.png\" alt=\"\" width=\"215\" height=\"211\" \/><\/strong><\/p><p>Tavan uygulamalar\u0131 i\u00e7in, y\u00fcksekli\u011fi 3,5 ila 4 m\u2019ye kadar olan mekanlarda emi\u015f ve \u00fcfleme ama\u00e7l\u0131 kullan\u0131l\u0131rlar. Kanatlar\u0131n yap\u0131s\u0131ndan dolay\u0131, \u00fcfleme ama\u00e7l\u0131 kullan\u0131mlarda yatay at\u0131\u015flara uygundur. \u2018Coanda etkisi\u2019 yaratmak istenilen durumlarda tavan ile ayn\u0131 d\u00fczlemde monte edilmelidir. Dif\u00fcz\u00f6r\u00fcn \u00e7er\u00e7evesi ekstr\u00fczyon y\u00f6ntemi ile imal edilmi\u015f al\u00fcminyum profildendir. Kanatlar da al\u00fcminyumdan olup; standart olarak 4, istek \u00fczerine 1,2 veya 3 y\u00f6nl\u00fc olarak imal edilmektedir. Hava debisini ayarlamak i\u00e7in \u00e7er\u00e7eve bo\u011faz\u0131na damper ilavesi yap\u0131lmaktad\u0131r.<\/p><\/td><\/tr><\/tbody><\/table><table width=\"100%\"><tbody><tr><td><p><strong>4. SLOT D\u0130F\u00dcZ\u00d6R\u00a0<img decoding=\"async\" class=\"size-full wp-image-784 alignright\" src=\"https:\/\/klisef.com.tr\/wp-content\/uploads\/2022\/03\/slot-difizor.png\" alt=\"\" width=\"215\" height=\"203\" \/><\/strong><\/p><p>Tavan uygulamalar\u0131 i\u00e7in tasarlanm\u0131\u015ft\u0131r. Uygulama gereksinimlerine ba\u011fl\u0131 olarak hava debisini ayarlamak ve hava da\u011f\u0131l\u0131m\u0131n\u0131 optimize etmek i\u00e7in aksesuarlar\u0131 ile birlikte da\u011f\u0131t\u0131c\u0131 ve toplay\u0131c\u0131 sistemlerde kullan\u0131l\u0131rlar. Kanatlar\u0131 ayarlanabilir yap\u0131s\u0131ndan dolay\u0131 yatay ya da d\u00fc\u015fey at\u0131\u015flara uygundurlar. Y\u00fcksekli\u011fi 4 metreye kadar olan ortamlar i\u00e7in \u00f6nerilirler. \u00d6nerilen s\u0131cakl\u0131k fark\u0131 +\/-10 \u00b0C\u2019t\u0131r. Ekstr\u00fcze al\u00fcminyum profilden \u00fcretilmektedir.<\/p><\/td><\/tr><\/tbody><\/table><table width=\"100%\"><tbody><tr><td><p><strong>5. SW\u0130RL D\u0130F\u00dcZ\u00d6R<\/strong><\/p><p>Tavan uygulamalar\u0131 i\u00e7in tasarlanm\u0131\u015flard\u0131r. Da\u011f\u0131t\u0131c\u0131 ve toplay\u0131c\u0131 sistemlerde kullan\u0131l\u0131rlar. Ayarlanabilir kanatl\u0131d\u0131rlar. Kanat karakteristi\u011fi bak\u0131m\u0131ndan yatay ve d\u00fc\u015fey at\u0131\u015flara uygundurlar. Y\u00fcksekli\u011fi 4 m\u2019ye kadar olan ortamlar i\u00e7in \u00f6nerilirler. Dif\u00fcz\u00f6r y\u00fczeyleri mimari tercihlere uygun olarak kare veya dairesel \u015fekilde \u00fcretilmektedirler. Dif\u00fcz\u00f6r y\u00fczeyi DKP sacdan \u015fekillendirilmektedir. Hava ayar kanatlar\u0131 siyah renkli \u2018Propilen CO Polimer\u2019 malzemedendir.<\/p><p><img decoding=\"async\" class=\"wp-image-786 size-full aligncenter\" src=\"https:\/\/klisef.com.tr\/wp-content\/uploads\/2022\/03\/swirl-difizor.png\" sizes=\"(max-width: 877px) 100vw, 877px\" srcset=\"https:\/\/klisef.com.tr\/wp-content\/uploads\/2022\/03\/swirl-difizor.png 877w, https:\/\/klisef.com.tr\/wp-content\/uploads\/2022\/03\/swirl-difizor-300x89.png 300w, https:\/\/klisef.com.tr\/wp-content\/uploads\/2022\/03\/swirl-difizor-768x227.png 768w\" alt=\"\" width=\"877\" height=\"259\" \/><strong>\u00a0<\/strong><\/p><\/td><\/tr><\/tbody><\/table><table width=\"100%\"><tbody><tr><td><p><strong>6. T\u00dcRB\u00dcLANSLI D\u0130F\u00dcZ\u00d6R<img decoding=\"async\" class=\"size-full wp-image-789 alignright\" src=\"https:\/\/klisef.com.tr\/wp-content\/uploads\/2022\/03\/turbulansli-difizor.png\" sizes=\"(max-width: 216px) 100vw, 216px\" srcset=\"https:\/\/klisef.com.tr\/wp-content\/uploads\/2022\/03\/turbulansli-difizor.png 216w, https:\/\/klisef.com.tr\/wp-content\/uploads\/2022\/03\/turbulansli-difizor-150x150.png 150w\" alt=\"\" width=\"216\" height=\"214\" \/><\/strong><\/p><p>Y\u00fcksek tavan uygulamalar\u0131 i\u00e7in, y\u00fcksekli\u011fi en az 3,8 m olan mekanlarda \u00fcfleme ama\u00e7l\u0131 olarak kullan\u0131l\u0131rlar. Kanatlar\u0131 ayarlanabilir yap\u0131s\u0131ndan dolay\u0131, yatay (so\u011futma) ve d\u00fc\u015fey (\u0131s\u0131tma) at\u0131\u015flara uygundur. Dif\u00fcz\u00f6r\u00fcn \u00e7er\u00e7evesi ve kanatlar\u0131 ekstr\u00fczyon y\u00f6ntemi ile imal edilmi\u015f al\u00fcminyum profildendir. \u00dcr\u00fcn elektrostatik toz boya ile istenilen bir renge boyanmaktad\u0131r. Hava debisini ayarlamak i\u00e7in \u00e7er\u00e7eve bo\u011faz\u0131na damper ilavesi yap\u0131lmaktad\u0131r. \u0130stek \u00fczerine iki konumlu veya oransal servomotor konulmaktad\u0131r.<\/p><\/td><\/tr><\/tbody><\/table><p>\u00a0<\/p><\/div><\/div><\/div><\/div><\/div>\t\t\t\t\t\t<\/div>\n\t\t\t\t<\/div>\n\t\t\t\t<div class=\"elementor-element elementor-element-e22b81c elementor-align-left elementor-widget elementor-widget-ld_icon_box\" data-id=\"e22b81c\" data-element_type=\"widget\" data-widget_type=\"ld_icon_box.default\">\n\t\t\t\t<div class=\"elementor-widget-container\">\n\t\t\t\n\t\t\t<div id=\"ld_icon_box_e22b81c\" class=\"iconbox d-flex flex-grow-1 pos-rel flex-wrap align-items-center iconbox-inline iconbox-icon-shaped iconbox-square\"   >\n\t\t\t\t\n\t\t\t\t\t\n\t\t\t\t\n\t\t\t\t<div class=\"iconbox-icon-wrap  \"><div class=\"iconbox-icon-container d-inline-flex pos-rel z-index-1 \"><i aria-hidden=\"true\" class=\"far fa-clone\"><\/i><\/div><\/div>\t\t\t\t\n\t\t\t\t<h3 class=\"lqd-iconbox-heading \" >\u00dcR\u00dcN KATALO\u011eUNU \u0130ND\u0130RMEK \u0130\u00c7\u0130N TIKLAYINIZ <\/h3>\t\t\t\t\n\t\t\t\t\t\t\t\t\n\t\t\t\t\t\t\t\t\n\t\t\t\t\t\t\t\t<p><\/p>\n\t\t\t\t\t\t\t\t\n\t\t\t\t\t\t\t\t\n\t\t\t\t<a href=\"https:\/\/klisef.com.tr\/yeni\/wp-content\/uploads\/2023\/03\/Klisef-Havalandirma-Ekipmanlari.pdf\" class=\"lqd-overlay z-index-2\" target=\"_blank&quot;\" rel=\"nofollow\"><\/a>\n\t\t\t<\/div>\n\n\t\t\t\t<\/div>\n\t\t\t\t<\/div>\n\t\t\t\t\t<\/div>\n\t\t<\/div>\n\t\t\t\t\t\t\t<\/div>\n\t\t<\/section>\n\t\t\t\t\t\t\t<\/div>\n\t\t","protected":false},"excerpt":{"rendered":"<p>\u00dcr\u00fcn Gruplar\u0131m\u0131z Klima Santralleri Is\u0131 Geri Kazan\u0131m \u00dcnt. Rooftop So\u011futma Gruplar\u0131 Ekipmanlar \u0130leti\u015fim Formu \u0130leti\u015fim +90 312 395 14 50 HAVALADIRMA EK\u0130PMANLARI Difiz\u00f6rler 1. DA\u0130RESEL D\u0130F\u00dcZ\u00d6R\u00a0 Tavan uygulamalar\u0131 i\u00e7in tasarlanm\u0131\u015flard\u0131r. Uygulama gereksinimlerine ba\u011fl\u0131 olarak hava debisini ayarlamak ve hava da\u011f\u0131l\u0131m\u0131n\u0131 optimize etmek i\u00e7in aksesuarlar\u0131 ile birlikte da\u011f\u0131t\u0131c\u0131 ve toplay\u0131c\u0131 sistemlerde kullan\u0131l\u0131rlar. Sabit ve e\u011fri kanatl\u0131 [&hellip;]<\/p>\n","protected":false},"author":1,"featured_media":0,"parent":9101,"menu_order":0,"comment_status":"closed","ping_status":"closed","template":"","meta":{"footnotes":""},"class_list":["post-11024","page","type-page","status-publish","hentry"],"_links":{"self":[{"href":"https:\/\/klisef.com.tr\/yeni\/wp-json\/wp\/v2\/pages\/11024","targetHints":{"allow":["GET"]}}],"collection":[{"href":"https:\/\/klisef.com.tr\/yeni\/wp-json\/wp\/v2\/pages"}],"about":[{"href":"https:\/\/klisef.com.tr\/yeni\/wp-json\/wp\/v2\/types\/page"}],"author":[{"embeddable":true,"href":"https:\/\/klisef.com.tr\/yeni\/wp-json\/wp\/v2\/users\/1"}],"replies":[{"embeddable":true,"href":"https:\/\/klisef.com.tr\/yeni\/wp-json\/wp\/v2\/comments?post=11024"}],"version-history":[{"count":10,"href":"https:\/\/klisef.com.tr\/yeni\/wp-json\/wp\/v2\/pages\/11024\/revisions"}],"predecessor-version":[{"id":11526,"href":"https:\/\/klisef.com.tr\/yeni\/wp-json\/wp\/v2\/pages\/11024\/revisions\/11526"}],"up":[{"embeddable":true,"href":"https:\/\/klisef.com.tr\/yeni\/wp-json\/wp\/v2\/pages\/9101"}],"wp:attachment":[{"href":"https:\/\/klisef.com.tr\/yeni\/wp-json\/wp\/v2\/media?parent=11024"}],"curies":[{"name":"wp","href":"https:\/\/api.w.org\/{rel}","templated":true}]}}