{"id":11010,"date":"2023-03-01T00:24:18","date_gmt":"2023-02-28T21:24:18","guid":{"rendered":"https:\/\/klisef.com.tr\/yeni\/?page_id=11010"},"modified":"2023-03-04T17:34:26","modified_gmt":"2023-03-04T14:34:26","slug":"damperler","status":"publish","type":"page","link":"https:\/\/klisef.com.tr\/yeni\/urunlerimiz\/damperler\/","title":{"rendered":"Damperler"},"content":{"rendered":"\t\t<div data-elementor-type=\"wp-page\" data-elementor-id=\"11010\" class=\"elementor elementor-11010\">\n\t\t\t\t\t\t\t\t\t<section class=\"elementor-section elementor-top-section elementor-element elementor-element-ebf2625 elementor-reverse-tablet elementor-reverse-mobile elementor-section-boxed elementor-section-height-default elementor-section-height-default\" data-id=\"ebf2625\" data-element_type=\"section\">\n\t\t\t\t\t\t<div class=\"elementor-container elementor-column-gap-default\">\n\t\t\t\t\t<div class=\"lqd-css-sticky-column elementor-column elementor-col-50 elementor-top-column elementor-element elementor-element-a6f0c9b\" style=\"--lqd-sticky-offset:30px\" data-id=\"a6f0c9b\" data-element_type=\"column\">\n\t\t\t<div class=\"elementor-widget-wrap elementor-element-populated\">\n\t\t\t\t\t\t\t\t<div class=\"elementor-element elementor-element-116d0a3 elementor-widget elementor-widget-hub_fancy_heading\" data-id=\"116d0a3\" data-element_type=\"widget\" data-widget_type=\"hub_fancy_heading.default\">\n\t\t\t\t<div class=\"elementor-widget-container\">\n\t\t\t\n\t\t<div id=\"ld-fancy-heading-69f0c2512a2f7\" class=\"ld-fancy-heading pos-rel\">\n\t\t\t<h4 class=\"ld-fh-element d-inline-block pos-rel  elementor-heading-title lqd-highlight-classic lqd-highlight-grow-left h4\"  > \u00dcr\u00fcn Gruplar\u0131m\u0131z<\/h4>\t\t<\/div>\n\n\t\t\t\t<\/div>\n\t\t\t\t<\/div>\n\t\t\t\t<div class=\"elementor-element elementor-element-e652e82 elementor-widget elementor-widget-ld_custom_menu\" data-id=\"e652e82\" data-element_type=\"widget\" data-widget_type=\"ld_custom_menu.default\">\n\t\t\t\t<div class=\"elementor-widget-container\">\n\t\t\t\n\t\t\t<div  \n\t\t\t\tclass=\"lqd-fancy-menu lqd-custom-menu pos-rel menu-items-has-fill center lqd-menu-td-none\"\n\t\t\t\t\t\t\t>\n\t\t\t\n\t\t\t\t\t\t<ul id=\"e652e82\" class=\"reset-ul   \" itemtype=\"http:\/\/schema.org\/SiteNavigationElement\" itemscope=\"itemscope\"><li id=\"menu-item-10826\" class=\"menu-item menu-item-type-post_type menu-item-object-page menu-item-10826\"><a href=\"https:\/\/klisef.com.tr\/yeni\/klima-santralleri\/\">Klima Santralleri<\/a><\/li>\n<li id=\"menu-item-10828\" class=\"menu-item menu-item-type-post_type menu-item-object-page menu-item-10828\"><a href=\"https:\/\/klisef.com.tr\/yeni\/isi-geri-kazanim-unt\/\">Is\u0131 Geri Kazan\u0131m \u00dcnt.<\/a><\/li>\n<li id=\"menu-item-10827\" class=\"menu-item menu-item-type-post_type menu-item-object-page menu-item-10827\"><a href=\"https:\/\/klisef.com.tr\/yeni\/rooftop\/\">Rooftop<\/a><\/li>\n<li id=\"menu-item-11079\" class=\"menu-item menu-item-type-post_type menu-item-object-page menu-item-11079\"><a href=\"https:\/\/klisef.com.tr\/yeni\/sogutma-gruplari\/\">So\u011futma Gruplar\u0131<\/a><\/li>\n<li id=\"menu-item-11080\" class=\"menu-item menu-item-type-post_type menu-item-object-page menu-item-11080\"><a href=\"https:\/\/klisef.com.tr\/yeni\/havalandirma-ekipmanlari\/\">Ekipmanlar<\/a><\/li>\n<\/ul>\t\t\t\t\t\t\t\t\t<\/div>\n\t\t\t\t<\/div>\n\t\t\t\t<\/div>\n\t\t\t\t<section class=\"elementor-section elementor-inner-section elementor-element elementor-element-de4d133 elementor-section-boxed elementor-section-height-default elementor-section-height-default\" data-id=\"de4d133\" data-element_type=\"section\">\n\t\t\t\t\t\t<div class=\"elementor-container elementor-column-gap-default\">\n\t\t\t\t\t<div class=\"elementor-column elementor-col-100 elementor-inner-column elementor-element elementor-element-6a40fdc\" data-id=\"6a40fdc\" data-element_type=\"column\" data-settings=\"{&quot;background_background&quot;:&quot;classic&quot;}\">\n\t\t\t<div class=\"elementor-widget-wrap elementor-element-populated\">\n\t\t\t\t\t\t\t\t<div class=\"elementor-element elementor-element-c3c5580 elementor-widget elementor-widget-hub_fancy_heading\" data-id=\"c3c5580\" data-element_type=\"widget\" data-widget_type=\"hub_fancy_heading.default\">\n\t\t\t\t<div class=\"elementor-widget-container\">\n\t\t\t\n\t\t<div id=\"ld-fancy-heading-69f0c2512df52\" class=\"ld-fancy-heading pos-rel\">\n\t\t\t<h4 class=\"ld-fh-element d-inline-block pos-rel  elementor-heading-title lqd-highlight-classic lqd-highlight-grow-left h4\"  > \u0130leti\u015fim Formu<\/h4>\t\t<\/div>\n\n\t\t\t\t<\/div>\n\t\t\t\t<\/div>\n\t\t\t\t<div class=\"elementor-element elementor-element-6c950d4 elementor-widget elementor-widget-ld_cf722\" data-id=\"6c950d4\" data-element_type=\"widget\" data-widget_type=\"ld_cf722.default\">\n\t\t\t\t<div class=\"elementor-widget-container\">\n\t\t\t\n\t<div class=\"lqd-contact-form lqd-contact-form-inputs-filled lqd-contact-form-inputs-round lqd-contact-form-button-block\" >\n\t\t<div role=\"form\" class=\"wpcf7\" id=\"wpcf7-f259-o1\" lang=\"en-GB\" dir=\"ltr\">\n<div class=\"screen-reader-response\"><p role=\"status\" aria-live=\"polite\" aria-atomic=\"true\"><\/p> <ul><\/ul><\/div>\n<form action=\"\/yeni\/wp-json\/wp\/v2\/pages\/11010#wpcf7-f259-o1\" method=\"post\" class=\"wpcf7-form init\" novalidate=\"novalidate\" data-status=\"init\">\n<div style=\"display: none;\">\n<input type=\"hidden\" name=\"_wpcf7\" value=\"259\" \/>\n<input type=\"hidden\" name=\"_wpcf7_version\" value=\"5.6.4\" \/>\n<input type=\"hidden\" name=\"_wpcf7_locale\" value=\"en_GB\" \/>\n<input type=\"hidden\" name=\"_wpcf7_unit_tag\" value=\"wpcf7-f259-o1\" \/>\n<input type=\"hidden\" name=\"_wpcf7_container_post\" value=\"0\" \/>\n<input type=\"hidden\" name=\"_wpcf7_posted_data_hash\" value=\"\" \/>\n<\/div>\n<p><span class=\"wpcf7-form-control-wrap\" data-name=\"text-775\"><input type=\"text\" name=\"text-775\" value=\"\" size=\"40\" class=\"wpcf7-form-control wpcf7-text wpcf7-validates-as-required\" aria-required=\"true\" aria-invalid=\"false\" placeholder=\"Ad-Soyad\" \/><\/span><span class=\"wpcf7-form-control-wrap\" data-name=\"email-550\"><input type=\"email\" name=\"email-550\" value=\"\" size=\"40\" class=\"wpcf7-form-control wpcf7-text wpcf7-email wpcf7-validates-as-required wpcf7-validates-as-email\" aria-required=\"true\" aria-invalid=\"false\" placeholder=\"E-Posta\" \/><\/span><span class=\"wpcf7-form-control-wrap\" data-name=\"phone-550\"><input type=\"text\" name=\"phone-550\" value=\"\" size=\"40\" class=\"wpcf7-form-control wpcf7-text wpcf7-validates-as-required\" aria-required=\"true\" aria-invalid=\"false\" placeholder=\"Telefon\" \/><\/span><span class=\"wpcf7-form-control-wrap\" data-name=\"textarea-138\"><textarea name=\"textarea-138\" cols=\"10\" rows=\"4\" class=\"wpcf7-form-control wpcf7-textarea wpcf7-validates-as-required\" aria-required=\"true\" aria-invalid=\"false\" placeholder=\"Mesaj\u0131n\u0131z\"><\/textarea><\/span><input type=\"submit\" value=\"G\u00f6nder\" class=\"wpcf7-form-control has-spinner wpcf7-submit\" \/><\/p>\n<div class=\"wpcf7-response-output\" aria-hidden=\"true\"><\/div><\/form><\/div>\t<\/div>\n\n\t\t\t<\/div>\n\t\t\t\t<\/div>\n\t\t\t\t\t<\/div>\n\t\t<\/div>\n\t\t\t\t\t\t\t<\/div>\n\t\t<\/section>\n\t\t\t\t<div class=\"elementor-element elementor-element-2c03d76 elementor-align-left elementor-widget elementor-widget-ld_icon_box\" data-id=\"2c03d76\" data-element_type=\"widget\" data-widget_type=\"ld_icon_box.default\">\n\t\t\t\t<div class=\"elementor-widget-container\">\n\t\t\t\n\t\t\t<div id=\"ld_icon_box_2c03d76\" class=\"iconbox d-flex flex-grow-1 pos-rel align-items-center iconbox-side iconbox-icon-shaped iconbox-circle\"   >\n\t\t\t\t\n\t\t\t\t\t\n\t\t\t\t\n\t\t\t\t<div class=\"iconbox-icon-wrap  \"><div class=\"iconbox-icon-container d-inline-flex pos-rel z-index-1 border-radius-circle\"><i aria-hidden=\"true\" class=\"fas fa-phone-alt\"><\/i><\/div><\/div>\t\t\t\t\n\t\t\t\t\t\t\t\t\n\t\t\t\t<div class=\"contents \">\t\t\t\t\n\t\t\t\t\t\t\t\t\n\t\t\t\t<h3 class=\"lqd-iconbox-heading \" >\u0130leti\u015fim <\/h3>\t\t\t\t<p><span style=\"font-size: 20px;color: #292929\">+90 312 395 14 50<\/span><\/p>\n\t\t\t\t\t\t\t\t\n\t\t\t\t<\/div>\t\t\t\t\n\t\t\t\t\n\t\t\t<\/div>\n\n\t\t\t\t<\/div>\n\t\t\t\t<\/div>\n\t\t\t\t\t<\/div>\n\t\t<\/div>\n\t\t\t\t<div class=\"elementor-column elementor-col-50 elementor-top-column elementor-element elementor-element-81bea27\" data-id=\"81bea27\" data-element_type=\"column\">\n\t\t\t<div class=\"elementor-widget-wrap elementor-element-populated\">\n\t\t\t\t\t\t\t\t<div class=\"elementor-element elementor-element-4f4c611 elementor-widget elementor-widget-ld_content_box\" data-id=\"4f4c611\" data-element_type=\"widget\" data-widget_type=\"ld_content_box.default\">\n\t\t\t\t<div class=\"elementor-widget-container\">\n\t\t\t \n\n\t\t<div class=\"lqd-fb pos-rel lqd-fb-style-8\"  >\n\t\t\t\t\t<div class=\"lqd-fb-inner\">\n\n\t\t\t\t<div\n\t\t\t\tclass=\"lqd-fb-img border-radius-4 overflow-hidden\"\n\t\t\t\tdata-custom-animations=\"true\"\n\t\t\t\tdata-ca-options='{ \"triggerHandler\": \"inview\", \"animationTarget\": \"figure\", \"duration\": 1200, \"initValues\": { \"scale\": 1.075, \"opacity\": 0 }, \"animations\": { \"scale\": 1, \"opacity\": 1 } }'>\n\t\t\t\t\t<figure class=\"w-100\">\n\t\t\t\t\t\t\t<img decoding=\"async\" class=\"w-100\" src=\"https:\/\/klisef.com.tr\/yeni\/wp-content\/uploads\/2023\/02\/yangin-damperi.png\">\t\t\t\t\t\t\t\t\t\t\t\t<\/figure>\n\t\t\t\t<\/div>\n\n\t\t\t\t<div class=\"lqd-fb-content border-radius-4 pos-rel w-50\">\n\t\t\t\t\t<div class=\"lqd-fb-content-inner d-flex flex-wrap align-items-center justify-content-between pos-rel border-radius-4 pt-4 pb-4 ps-5 pe-5\">\n\t\t\t\t\t\t<div class=\"lqd-overlay\" data-reveal=\"true\" data-reveal-options='{ \"direction\": \"bt\", \"delay\": 150, \"duration\": 500, \"coverArea\": 100 }'>\n\t\t\t\t\t\t\t<div class=\"lqd-fb-bg lqd-overlay\"><\/div>\n\t\t\t\t\t\t<\/div>\n\t\t\t\t\t\t\t\t\t\t\t\t<div\n\t\t\t\t\t\tclass=\"lqd-fb-content-holder lqd-fb-content-left w-70 pos-rel\"\n\t\t\t\t\t\tdata-custom-animations=\"true\"\n\t\t\t\t\t\tdata-ca-options='{ \"triggerHandler\": \"inview\", \"animationTarget\": \"all-childs\", \"duration\": 1200, \"delay\": 120,  \"startDelay\": 800, \"initValues\": { \"y\": 30, \"opacity\": 0 }, \"animations\": { \"y\": 0, \"opacity\": 1 } }'>\n\t\t\t\t\t\t\t<h2 class=\"lqd-fb__title mt-0 mb-0 \" data-split-text=\"true\" data-split-options='{ \"type\": \"lines\" }'>HAVALADIRMA EK\u0130PMANLARI<\/h2>\t\t\t\t\t\t<\/div>\n\t\t\t\t\t\t\t\t\t\t\t\t<div\n\t\t\t\t\t\tclass=\"lqd-fb-content-holder lqd-fb-content-right d-flex justify-content-end w-20 pos-rel\"\n\t\t\t\t\t\tdata-custom-animations=\"true\"\n\t\t\t\t\t\tdata-ca-options='{ \"triggerHandler\": \"inview\", \"animationTarget\": \"all-childs\", \"duration\": 1100, \"delay\": 120,  \"startDelay\": 950, \"initValues\": { \"y\": 30, \"opacity\": 0 }, \"animations\": { \"y\": 0, \"opacity\": 1 } }'>\n\t\t\t\t\t\t\t<i aria-hidden=\"true\" class=\"fa fa-star\"><\/i>\t\t\t\t\t\t<\/div>\n\t\t\t\t\t<\/div>\n\t\t\t\t\n\t\t\t\t\t<a  class=\"lqd-overlay\"><\/a>\n\t\t\t\t<\/div>\n\n\t\t\t\t<a  class=\"lqd-overlay\"><\/a>\n\n\t\t\t<\/div>\n\t\t\t \n\t\t<\/div>\n\t\t\t\t<\/div>\n\t\t\t\t<\/div>\n\t\t\t\t<div class=\"elementor-element elementor-element-0220578 elementor-widget elementor-widget-hub_fancy_heading\" data-id=\"0220578\" data-element_type=\"widget\" data-widget_type=\"hub_fancy_heading.default\">\n\t\t\t\t<div class=\"elementor-widget-container\">\n\t\t\t\n\t\t<div id=\"ld-fancy-heading-69f0c251353dd\" class=\"ld-fancy-heading pos-rel\">\n\t\t\t<h3 class=\"ld-fh-element d-inline-block pos-rel  elementor-heading-title lqd-highlight-classic lqd-highlight-grow-left h3\"  > Damperler<\/h3>\t\t<\/div>\n\n\t\t\t\t<\/div>\n\t\t\t\t<\/div>\n\t\t\t\t<div class=\"elementor-element elementor-element-26fe870 elementor-widget elementor-widget-text-editor\" data-id=\"26fe870\" data-element_type=\"widget\" data-widget_type=\"text-editor.default\">\n\t\t\t\t<div class=\"elementor-widget-container\">\n\t\t\t<style>\/*! elementor - v3.8.1 - 13-11-2022 *\/\n.elementor-widget-text-editor.elementor-drop-cap-view-stacked .elementor-drop-cap{background-color:#818a91;color:#fff}.elementor-widget-text-editor.elementor-drop-cap-view-framed .elementor-drop-cap{color:#818a91;border:3px solid;background-color:transparent}.elementor-widget-text-editor:not(.elementor-drop-cap-view-default) .elementor-drop-cap{margin-top:8px}.elementor-widget-text-editor:not(.elementor-drop-cap-view-default) .elementor-drop-cap-letter{width:1em;height:1em}.elementor-widget-text-editor .elementor-drop-cap{float:left;text-align:center;line-height:1;font-size:50px}.elementor-widget-text-editor .elementor-drop-cap-letter{display:inline-block}<\/style>\t\t\t\t<div class=\"elementor-text-editor elementor-clearfix\"><div class=\"mainHeading\"><div class=\"mainHeading\"><div id=\"breadcrumb\"><div id=\"crumbs\"><table width=\"100%\"><tbody><tr><td><p><strong>1. DE\u011e\u0130\u015eKEN DEB\u0130L\u0130 HAVA AYAR DAMPERLER\u0130 (VAV)<\/strong><\/p><p>D\u00f6rtgen veya yuvarlak kanal i\u00e7indeki hava ak\u0131\u015flar\u0131n\u0131 de\u011fi\u015fken olarak d\u00fczenlemek \u00fczere tasarlanm\u0131\u015flard\u0131r. Da\u011f\u0131t\u0131c\u0131 veya toplay\u0131c\u0131 sistemlerde kullan\u0131l\u0131rlar. De\u011fi\u015fken debi ayar damperi, damper motoru ve dinamik tip sens\u00f6rl\u00fc de\u011fi\u015fken hava debi d\u00fczenleyicisinden olu\u015fmaktad\u0131r. \u00dcniteleri istenilen ko\u015fullarda \u00e7al\u0131\u015facak \u015fekilde kalibrasyonlar\u0131 yap\u0131larak teslim edilmektedir. Hava debisi d\u00fczenleyici \u00fcniteler \u0131s\u0131 yal\u0131t\u0131ml\u0131 veya \u0131s\u0131 yal\u0131t\u0131ms\u0131z olarak ikiye ayr\u0131l\u0131rlar.<\/p><p><img decoding=\"async\" class=\"wp-image-755 size-full aligncenter\" src=\"https:\/\/klisef.com.tr\/wp-content\/uploads\/2022\/04\/degisken-debili-hava-ayar-damperleri.png\" sizes=\"(max-width: 788px) 100vw, 788px\" srcset=\"https:\/\/klisef.com.tr\/wp-content\/uploads\/2022\/04\/degisken-debili-hava-ayar-damperleri.png 788w, https:\/\/klisef.com.tr\/wp-content\/uploads\/2022\/04\/degisken-debili-hava-ayar-damperleri-300x128.png 300w, https:\/\/klisef.com.tr\/wp-content\/uploads\/2022\/04\/degisken-debili-hava-ayar-damperleri-768x327.png 768w\" alt=\"\" width=\"788\" height=\"336\" \/><\/p><\/td><\/tr><\/tbody><\/table><\/div><\/div><\/div><div class=\"reading\"><table width=\"100%\"><tbody><tr><td><p><strong>2. SAB\u0130T DEB\u0130L\u0130 HAVA AYAR DAMPERLER\u0130 (CAV)<\/strong><\/p><p>Sabit debili hava ayar damperleri, mekanik olarak bir yay arac\u0131l\u0131\u011f\u0131yla ve haricen bir g\u00fc\u00e7 kayna\u011f\u0131 kullanmaks\u0131z\u0131n hava debisini istenen de\u011ferde tutarlar. Kendi kontrol\u00fcn\u00fc kendisi temin ederek \u00e7al\u0131\u015f\u0131rlar. Kanaldaki bas\u0131nc\u0131n herhangi bir nedenle y\u00fckselmesi durumunda yay kumandal\u0131 kanat\u00e7\u0131k kalkarak artma e\u011filimi g\u00f6steren hava h\u0131z\u0131 kar\u015f\u0131s\u0131nda bas\u0131n\u00e7 kayb\u0131n\u0131 artt\u0131rarak hava debisinin art\u0131\u015f\u0131na engel olur. Motor olmad\u0131\u011f\u0131 i\u00e7in motorlu tiplere g\u00f6re daha ekonomiklerdir. G\u00f6vde galvaniz sacdan, kanatlar ise \u00f6zel olarak haddelenmi\u015f al\u00fcminyum sacdan imal edilmektedir.<\/p><p><img decoding=\"async\" class=\"wp-image-756 size-full aligncenter\" src=\"https:\/\/klisef.com.tr\/wp-content\/uploads\/2022\/04\/sabit-debili-dampler.png\" sizes=\"(max-width: 804px) 100vw, 804px\" srcset=\"https:\/\/klisef.com.tr\/wp-content\/uploads\/2022\/04\/sabit-debili-dampler.png 804w, https:\/\/klisef.com.tr\/wp-content\/uploads\/2022\/04\/sabit-debili-dampler-300x126.png 300w, https:\/\/klisef.com.tr\/wp-content\/uploads\/2022\/04\/sabit-debili-dampler-768x324.png 768w\" alt=\"\" width=\"804\" height=\"339\" \/><\/p><\/td><\/tr><\/tbody><\/table><table width=\"100%\"><tbody><tr><td><p><strong>3. PR\u0130ZMAT\u0130K HAVA AYAR DAMPERLER\u0130\u00a0<img decoding=\"async\" class=\"size-full wp-image-757 alignright\" src=\"https:\/\/klisef.com.tr\/wp-content\/uploads\/2022\/04\/prizmatik-hava-ayar-damperi.png\" alt=\"\" width=\"216\" height=\"195\" \/><\/strong><\/p><p>Damper kesiti \u00fczerine yerle\u015ftirilmi\u015f ve birbirine z\u0131t y\u00f6nde hareket eden kanatlar, d\u00fc\u015f\u00fck diren\u00e7 ve g\u00fc\u00e7 seviyesi i\u00e7in tasarlanm\u0131\u015f aerodinamik yap\u0131dad\u0131r. G\u00f6vde galvanizli sacdan \u015fekillendirilerek, kanatlar ise al\u00fcminyum ekstr\u00fczyon profilden \u00fcretilmektedir. Di\u015fli mekanizma par\u00e7alar\u0131 a\u015f\u0131nmaya dayan\u0131kl\u0131 sert plastiktendir. S\u0131zd\u0131rmazl\u0131k contas\u0131 neoprenden \u00fcretilmi\u015ftir.<strong>\u00a0<\/strong><\/p><\/td><\/tr><\/tbody><\/table><table width=\"100%\"><tbody><tr><td><p><strong>4. YUVARLAK HAVA AYAR DAMPERLER\u0130<img decoding=\"async\" class=\"size-full wp-image-758 alignright\" src=\"https:\/\/klisef.com.tr\/wp-content\/uploads\/2022\/04\/yuvarlak-damper.png\" alt=\"\" width=\"218\" height=\"202\" \/><\/strong><\/p><p>Debi ayar\u0131 klape kolu ve servo motor ile yap\u0131lmaktad\u0131r. Klape kolu \u00fczerinde damperin a\u00e7\u0131k-kapal\u0131 ve ara de\u011fer konumunu g\u00f6steren i\u015faretler bulunur. Dairesel kanallarda do\u011frudan montaj i\u00e7in flan\u015f uygulamas\u0131 yap\u0131lmaktad\u0131r. Esnek kanallarda kullan\u0131lmas\u0131 i\u00e7in \u00fcr\u00fcn\u00fcn iki taraf\u0131na kordon \u00e7ekilmektedir. G\u00f6vde, klape ve klape kolu galvanizli sacdan imal edilmektedir.<strong>\u00a0<\/strong><\/p><\/td><\/tr><\/tbody><\/table><table width=\"100%\"><tbody><tr><td><p><strong>5. GER\u0130 D\u00d6N\u00dc\u015eS\u00dcZ DAMPERLER<img decoding=\"async\" class=\"size-full wp-image-760 alignright\" src=\"https:\/\/klisef.com.tr\/wp-content\/uploads\/2022\/04\/geri-donusum-damperi.png\" alt=\"\" width=\"218\" height=\"202\" \/><\/strong><\/p><p>Geri d\u00f6n\u00fc\u015fs\u00fcz damperler d\u00f6rtgen kanallarda havan\u0131n tek y\u00f6nl\u00fc hareketini sa\u011flamak i\u00e7in tasarlanm\u0131\u015flard\u0131r. Damper kesiti \u00fczerine birbirine paralel y\u00f6nde hareket eden kanatlar, d\u00fc\u015f\u00fck diren\u00e7 ve g\u00fc\u00e7 seviyesi i\u00e7in tasarlanm\u0131\u015f aerodinamik yap\u0131dad\u0131r. Kanatlar aras\u0131nda neopren s\u0131zd\u0131rmazl\u0131k contas\u0131 bulunmaktad\u0131r. \u00dcr\u00fcn kanatlar\u0131 yere paralel olmal\u0131d\u0131r. G\u00f6vde galvanizli sacdan \u015fekillendirilmi\u015ftir. Kanatlar al\u00fcminyum ekstr\u00fczyon profilden, s\u0131zd\u0131rmazl\u0131k contas\u0131 ise neoprenden \u00fcretilmi\u015ftir.<strong>\u00a0<\/strong><\/p><\/td><\/tr><\/tbody><\/table><table width=\"100%\"><tbody><tr><td><p><strong>6. YANGIN DAMPERLER\u0130<img decoding=\"async\" class=\"size-full wp-image-762 alignright\" src=\"https:\/\/klisef.com.tr\/wp-content\/uploads\/2022\/04\/yangin-damperi.png\" alt=\"\" width=\"213\" height=\"200\" \/><\/strong><\/p><p>Kasa galvaniz sac ve kanatlar galvaniz sac kapl\u0131 ta\u015f y\u00fcn\u00fc izolelidir. Yang\u0131n esnas\u0131nda, hava ge\u00e7i\u015fini kapatarak yang\u0131n\u0131n kom\u015fu mahallere s\u0131\u00e7ramas\u0131n\u0131 engellemek amac\u0131yla kullan\u0131lmaktad\u0131r. S\u0131cakl\u0131k 72 \u00b0C\u2019ye ula\u015ft\u0131\u011f\u0131nda sigorta erir ve mekanizma damperin kanad\u0131n\u0131 kapat\u0131r. Motorlu tipte ise motora gelen herhangi bir uyar\u0131 sinyali ile motorun kanad\u0131 kapatmas\u0131 sa\u011flan\u0131r.<\/p><\/td><\/tr><\/tbody><\/table><table width=\"100%\"><tbody><tr><td><p><strong>7. DUMAN TAHL\u0130YE DAMPERLER\u0130<img decoding=\"async\" class=\"size-full wp-image-763 alignright\" src=\"https:\/\/klisef.com.tr\/wp-content\/uploads\/2022\/04\/duman-tahliye-damperi.png\" alt=\"\" width=\"226\" height=\"212\" \/><\/strong><\/p><p>D\u00f6rtgen hava kanallar\u0131nda yang\u0131n\u0131n \u00f6nlenmesi i\u00e7in tasarlanm\u0131\u015ft\u0131r. Kanatlar hava ka\u00e7a\u011f\u0131n\u0131 en aza indirgeyecek \u015fekilde tasarlanm\u0131\u015f olup, \u00e7elik bir mil \u00fcst\u00fcnde paralel hareket ile \u00e7al\u0131\u015f\u0131rlar. Damper g\u00f6vdesi kendinden flan\u015fl\u0131 galvanizli sacdan mamul olup, servo motor ba\u011flant\u0131 aya\u011f\u0131 da g\u00f6vde ile birliktedir. Kanatlar \u00e7elik bir mil \u00fcst\u00fcnde ya\u011flama gerektirmeyen bronz yataklar i\u00e7inde \u00e7al\u0131\u015fmaktad\u0131r.<strong>\u00a0<\/strong><\/p><\/td><\/tr><\/tbody><\/table><\/div><\/div><\/div>\t\t\t\t\t\t<\/div>\n\t\t\t\t<\/div>\n\t\t\t\t<div class=\"elementor-element elementor-element-f2f5faf elementor-align-left elementor-widget elementor-widget-ld_icon_box\" data-id=\"f2f5faf\" data-element_type=\"widget\" data-widget_type=\"ld_icon_box.default\">\n\t\t\t\t<div class=\"elementor-widget-container\">\n\t\t\t\n\t\t\t<div id=\"ld_icon_box_f2f5faf\" class=\"iconbox d-flex flex-grow-1 pos-rel flex-wrap align-items-center iconbox-inline iconbox-icon-shaped iconbox-square\"   >\n\t\t\t\t\n\t\t\t\t\t\n\t\t\t\t\n\t\t\t\t<div class=\"iconbox-icon-wrap  \"><div class=\"iconbox-icon-container d-inline-flex pos-rel z-index-1 \"><i aria-hidden=\"true\" class=\"far fa-clone\"><\/i><\/div><\/div>\t\t\t\t\n\t\t\t\t<h3 class=\"lqd-iconbox-heading \" >\u00dcR\u00dcN KATALO\u011eUNU \u0130ND\u0130RMEK \u0130\u00c7\u0130N TIKLAYINIZ <\/h3>\t\t\t\t\n\t\t\t\t\t\t\t\t\n\t\t\t\t\t\t\t\t\n\t\t\t\t\t\t\t\t<p><\/p>\n\t\t\t\t\t\t\t\t\n\t\t\t\t\t\t\t\t\n\t\t\t\t<a href=\"https:\/\/klisef.com.tr\/yeni\/wp-content\/uploads\/2023\/03\/Klisef-Havalandirma-Ekipmanlari.pdf\" class=\"lqd-overlay z-index-2\" target=\"_blank&quot;\" rel=\"nofollow\"><\/a>\n\t\t\t<\/div>\n\n\t\t\t\t<\/div>\n\t\t\t\t<\/div>\n\t\t\t\t\t<\/div>\n\t\t<\/div>\n\t\t\t\t\t\t\t<\/div>\n\t\t<\/section>\n\t\t\t\t\t\t\t<\/div>\n\t\t","protected":false},"excerpt":{"rendered":"<p>\u00dcr\u00fcn Gruplar\u0131m\u0131z Klima Santralleri Is\u0131 Geri Kazan\u0131m \u00dcnt. Rooftop So\u011futma Gruplar\u0131 Ekipmanlar \u0130leti\u015fim Formu \u0130leti\u015fim +90 312 395 14 50 HAVALADIRMA EK\u0130PMANLARI Damperler 1. DE\u011e\u0130\u015eKEN DEB\u0130L\u0130 HAVA AYAR DAMPERLER\u0130 (VAV) D\u00f6rtgen veya yuvarlak kanal i\u00e7indeki hava ak\u0131\u015flar\u0131n\u0131 de\u011fi\u015fken olarak d\u00fczenlemek \u00fczere tasarlanm\u0131\u015flard\u0131r. Da\u011f\u0131t\u0131c\u0131 veya toplay\u0131c\u0131 sistemlerde kullan\u0131l\u0131rlar. De\u011fi\u015fken debi ayar damperi, damper motoru ve dinamik [&hellip;]<\/p>\n","protected":false},"author":1,"featured_media":0,"parent":9101,"menu_order":0,"comment_status":"closed","ping_status":"closed","template":"","meta":{"footnotes":""},"class_list":["post-11010","page","type-page","status-publish","hentry"],"_links":{"self":[{"href":"https:\/\/klisef.com.tr\/yeni\/wp-json\/wp\/v2\/pages\/11010","targetHints":{"allow":["GET"]}}],"collection":[{"href":"https:\/\/klisef.com.tr\/yeni\/wp-json\/wp\/v2\/pages"}],"about":[{"href":"https:\/\/klisef.com.tr\/yeni\/wp-json\/wp\/v2\/types\/page"}],"author":[{"embeddable":true,"href":"https:\/\/klisef.com.tr\/yeni\/wp-json\/wp\/v2\/users\/1"}],"replies":[{"embeddable":true,"href":"https:\/\/klisef.com.tr\/yeni\/wp-json\/wp\/v2\/comments?post=11010"}],"version-history":[{"count":17,"href":"https:\/\/klisef.com.tr\/yeni\/wp-json\/wp\/v2\/pages\/11010\/revisions"}],"predecessor-version":[{"id":11523,"href":"https:\/\/klisef.com.tr\/yeni\/wp-json\/wp\/v2\/pages\/11010\/revisions\/11523"}],"up":[{"embeddable":true,"href":"https:\/\/klisef.com.tr\/yeni\/wp-json\/wp\/v2\/pages\/9101"}],"wp:attachment":[{"href":"https:\/\/klisef.com.tr\/yeni\/wp-json\/wp\/v2\/media?parent=11010"}],"curies":[{"name":"wp","href":"https:\/\/api.w.org\/{rel}","templated":true}]}}