{"id":10954,"date":"2023-02-28T23:56:53","date_gmt":"2023-02-28T20:56:53","guid":{"rendered":"https:\/\/klisef.com.tr\/yeni\/?page_id=10954"},"modified":"2023-03-04T17:36:13","modified_gmt":"2023-03-04T14:36:13","slug":"khrv-serisi-isi-geri-kazanim-cihazlari","status":"publish","type":"page","link":"https:\/\/klisef.com.tr\/yeni\/urunlerimiz\/khrv-serisi-isi-geri-kazanim-cihazlari\/","title":{"rendered":"KHRV Serisi Is\u0131 Geri Kazan\u0131m Cihazlar\u0131"},"content":{"rendered":"\t\t<div data-elementor-type=\"wp-page\" data-elementor-id=\"10954\" class=\"elementor elementor-10954\">\n\t\t\t\t\t\t\t\t\t<section class=\"elementor-section elementor-top-section elementor-element elementor-element-ebf2625 elementor-reverse-tablet elementor-reverse-mobile elementor-section-boxed elementor-section-height-default elementor-section-height-default\" data-id=\"ebf2625\" data-element_type=\"section\">\n\t\t\t\t\t\t<div class=\"elementor-container elementor-column-gap-default\">\n\t\t\t\t\t<div class=\"lqd-css-sticky-column elementor-column elementor-col-50 elementor-top-column elementor-element elementor-element-a6f0c9b\" style=\"--lqd-sticky-offset:30px\" data-id=\"a6f0c9b\" data-element_type=\"column\">\n\t\t\t<div class=\"elementor-widget-wrap elementor-element-populated\">\n\t\t\t\t\t\t\t\t<div class=\"elementor-element elementor-element-116d0a3 elementor-widget elementor-widget-hub_fancy_heading\" data-id=\"116d0a3\" data-element_type=\"widget\" data-widget_type=\"hub_fancy_heading.default\">\n\t\t\t\t<div class=\"elementor-widget-container\">\n\t\t\t\n\t\t<div id=\"ld-fancy-heading-69f0c2ac63051\" class=\"ld-fancy-heading pos-rel\">\n\t\t\t<h4 class=\"ld-fh-element d-inline-block pos-rel  elementor-heading-title lqd-highlight-classic lqd-highlight-grow-left h4\"  > \u00dcr\u00fcn Gruplar\u0131m\u0131z<\/h4>\t\t<\/div>\n\n\t\t\t\t<\/div>\n\t\t\t\t<\/div>\n\t\t\t\t<div class=\"elementor-element elementor-element-e652e82 elementor-widget elementor-widget-ld_custom_menu\" data-id=\"e652e82\" data-element_type=\"widget\" data-widget_type=\"ld_custom_menu.default\">\n\t\t\t\t<div class=\"elementor-widget-container\">\n\t\t\t\n\t\t\t<div  \n\t\t\t\tclass=\"lqd-fancy-menu lqd-custom-menu pos-rel menu-items-has-fill center lqd-menu-td-none\"\n\t\t\t\t\t\t\t>\n\t\t\t\n\t\t\t\t\t\t<ul id=\"e652e82\" class=\"reset-ul   \" itemtype=\"http:\/\/schema.org\/SiteNavigationElement\" itemscope=\"itemscope\"><li id=\"menu-item-10826\" class=\"menu-item menu-item-type-post_type menu-item-object-page menu-item-10826\"><a href=\"https:\/\/klisef.com.tr\/yeni\/klima-santralleri\/\">Klima Santralleri<\/a><\/li>\n<li id=\"menu-item-10828\" class=\"menu-item menu-item-type-post_type menu-item-object-page menu-item-10828\"><a href=\"https:\/\/klisef.com.tr\/yeni\/isi-geri-kazanim-unt\/\">Is\u0131 Geri Kazan\u0131m \u00dcnt.<\/a><\/li>\n<li id=\"menu-item-10827\" class=\"menu-item menu-item-type-post_type menu-item-object-page menu-item-10827\"><a href=\"https:\/\/klisef.com.tr\/yeni\/rooftop\/\">Rooftop<\/a><\/li>\n<li id=\"menu-item-11079\" class=\"menu-item menu-item-type-post_type menu-item-object-page menu-item-11079\"><a href=\"https:\/\/klisef.com.tr\/yeni\/sogutma-gruplari\/\">So\u011futma Gruplar\u0131<\/a><\/li>\n<li id=\"menu-item-11080\" class=\"menu-item menu-item-type-post_type menu-item-object-page menu-item-11080\"><a href=\"https:\/\/klisef.com.tr\/yeni\/havalandirma-ekipmanlari\/\">Ekipmanlar<\/a><\/li>\n<\/ul>\t\t\t\t\t\t\t\t\t<\/div>\n\t\t\t\t<\/div>\n\t\t\t\t<\/div>\n\t\t\t\t<section class=\"elementor-section elementor-inner-section elementor-element elementor-element-de4d133 elementor-section-boxed elementor-section-height-default elementor-section-height-default\" data-id=\"de4d133\" data-element_type=\"section\">\n\t\t\t\t\t\t<div class=\"elementor-container elementor-column-gap-default\">\n\t\t\t\t\t<div class=\"elementor-column elementor-col-100 elementor-inner-column elementor-element elementor-element-6a40fdc\" data-id=\"6a40fdc\" data-element_type=\"column\" data-settings=\"{&quot;background_background&quot;:&quot;classic&quot;}\">\n\t\t\t<div class=\"elementor-widget-wrap elementor-element-populated\">\n\t\t\t\t\t\t\t\t<div class=\"elementor-element elementor-element-c3c5580 elementor-widget elementor-widget-hub_fancy_heading\" data-id=\"c3c5580\" data-element_type=\"widget\" data-widget_type=\"hub_fancy_heading.default\">\n\t\t\t\t<div class=\"elementor-widget-container\">\n\t\t\t\n\t\t<div id=\"ld-fancy-heading-69f0c2ac6803e\" class=\"ld-fancy-heading pos-rel\">\n\t\t\t<h4 class=\"ld-fh-element d-inline-block pos-rel  elementor-heading-title lqd-highlight-classic lqd-highlight-grow-left h4\"  > \u0130leti\u015fim Formu<\/h4>\t\t<\/div>\n\n\t\t\t\t<\/div>\n\t\t\t\t<\/div>\n\t\t\t\t<div class=\"elementor-element elementor-element-6c950d4 elementor-widget elementor-widget-ld_cf722\" data-id=\"6c950d4\" data-element_type=\"widget\" data-widget_type=\"ld_cf722.default\">\n\t\t\t\t<div class=\"elementor-widget-container\">\n\t\t\t\n\t<div class=\"lqd-contact-form lqd-contact-form-inputs-filled lqd-contact-form-inputs-round lqd-contact-form-button-block\" >\n\t\t<div role=\"form\" class=\"wpcf7\" id=\"wpcf7-f259-o1\" lang=\"en-GB\" dir=\"ltr\">\n<div class=\"screen-reader-response\"><p role=\"status\" aria-live=\"polite\" aria-atomic=\"true\"><\/p> <ul><\/ul><\/div>\n<form action=\"\/yeni\/wp-json\/wp\/v2\/pages\/10954#wpcf7-f259-o1\" method=\"post\" class=\"wpcf7-form init\" novalidate=\"novalidate\" data-status=\"init\">\n<div style=\"display: none;\">\n<input type=\"hidden\" name=\"_wpcf7\" value=\"259\" \/>\n<input type=\"hidden\" name=\"_wpcf7_version\" value=\"5.6.4\" \/>\n<input type=\"hidden\" name=\"_wpcf7_locale\" value=\"en_GB\" \/>\n<input type=\"hidden\" name=\"_wpcf7_unit_tag\" value=\"wpcf7-f259-o1\" \/>\n<input type=\"hidden\" name=\"_wpcf7_container_post\" value=\"0\" \/>\n<input type=\"hidden\" name=\"_wpcf7_posted_data_hash\" value=\"\" \/>\n<\/div>\n<p><span class=\"wpcf7-form-control-wrap\" data-name=\"text-775\"><input type=\"text\" name=\"text-775\" value=\"\" size=\"40\" class=\"wpcf7-form-control wpcf7-text wpcf7-validates-as-required\" aria-required=\"true\" aria-invalid=\"false\" placeholder=\"Ad-Soyad\" \/><\/span><span class=\"wpcf7-form-control-wrap\" data-name=\"email-550\"><input type=\"email\" name=\"email-550\" value=\"\" size=\"40\" class=\"wpcf7-form-control wpcf7-text wpcf7-email wpcf7-validates-as-required wpcf7-validates-as-email\" aria-required=\"true\" aria-invalid=\"false\" placeholder=\"E-Posta\" \/><\/span><span class=\"wpcf7-form-control-wrap\" data-name=\"phone-550\"><input type=\"text\" name=\"phone-550\" value=\"\" size=\"40\" class=\"wpcf7-form-control wpcf7-text wpcf7-validates-as-required\" aria-required=\"true\" aria-invalid=\"false\" placeholder=\"Telefon\" \/><\/span><span class=\"wpcf7-form-control-wrap\" data-name=\"textarea-138\"><textarea name=\"textarea-138\" cols=\"10\" rows=\"4\" class=\"wpcf7-form-control wpcf7-textarea wpcf7-validates-as-required\" aria-required=\"true\" aria-invalid=\"false\" placeholder=\"Mesaj\u0131n\u0131z\"><\/textarea><\/span><input type=\"submit\" value=\"G\u00f6nder\" class=\"wpcf7-form-control has-spinner wpcf7-submit\" \/><\/p>\n<div class=\"wpcf7-response-output\" aria-hidden=\"true\"><\/div><\/form><\/div>\t<\/div>\n\n\t\t\t<\/div>\n\t\t\t\t<\/div>\n\t\t\t\t\t<\/div>\n\t\t<\/div>\n\t\t\t\t\t\t\t<\/div>\n\t\t<\/section>\n\t\t\t\t<div class=\"elementor-element elementor-element-2c03d76 elementor-align-left elementor-widget elementor-widget-ld_icon_box\" data-id=\"2c03d76\" data-element_type=\"widget\" data-widget_type=\"ld_icon_box.default\">\n\t\t\t\t<div class=\"elementor-widget-container\">\n\t\t\t\n\t\t\t<div id=\"ld_icon_box_2c03d76\" class=\"iconbox d-flex flex-grow-1 pos-rel align-items-center iconbox-side iconbox-icon-shaped iconbox-circle\"   >\n\t\t\t\t\n\t\t\t\t\t\n\t\t\t\t\n\t\t\t\t<div class=\"iconbox-icon-wrap  \"><div class=\"iconbox-icon-container d-inline-flex pos-rel z-index-1 border-radius-circle\"><i aria-hidden=\"true\" class=\"fas fa-phone-alt\"><\/i><\/div><\/div>\t\t\t\t\n\t\t\t\t\t\t\t\t\n\t\t\t\t<div class=\"contents \">\t\t\t\t\n\t\t\t\t\t\t\t\t\n\t\t\t\t<h3 class=\"lqd-iconbox-heading \" >\u0130leti\u015fim <\/h3>\t\t\t\t<p><span style=\"font-size: 20px;color: #292929\">+90 312 395 14 50<\/span><\/p>\n\t\t\t\t\t\t\t\t\n\t\t\t\t<\/div>\t\t\t\t\n\t\t\t\t\n\t\t\t<\/div>\n\n\t\t\t\t<\/div>\n\t\t\t\t<\/div>\n\t\t\t\t\t<\/div>\n\t\t<\/div>\n\t\t\t\t<div class=\"elementor-column elementor-col-50 elementor-top-column elementor-element elementor-element-81bea27\" data-id=\"81bea27\" data-element_type=\"column\">\n\t\t\t<div class=\"elementor-widget-wrap elementor-element-populated\">\n\t\t\t\t\t\t\t\t<div class=\"elementor-element elementor-element-4f4c611 elementor-widget elementor-widget-ld_content_box\" data-id=\"4f4c611\" data-element_type=\"widget\" data-widget_type=\"ld_content_box.default\">\n\t\t\t\t<div class=\"elementor-widget-container\">\n\t\t\t \n\n\t\t<div class=\"lqd-fb pos-rel lqd-fb-style-8\"  >\n\t\t\t\t\t<div class=\"lqd-fb-inner\">\n\n\t\t\t\t<div\n\t\t\t\tclass=\"lqd-fb-img border-radius-4 overflow-hidden\"\n\t\t\t\tdata-custom-animations=\"true\"\n\t\t\t\tdata-ca-options='{ \"triggerHandler\": \"inview\", \"animationTarget\": \"figure\", \"duration\": 1200, \"initValues\": { \"scale\": 1.075, \"opacity\": 0 }, \"animations\": { \"scale\": 1, \"opacity\": 1 } }'>\n\t\t\t\t\t<figure class=\"w-100\">\n\t\t\t\t\t\t\t<img decoding=\"async\" class=\"w-100\" src=\"https:\/\/klisef.com.tr\/yeni\/wp-content\/uploads\/2023\/02\/555-removebg-preview-300x254-1.png\">\t\t\t\t\t\t\t\t\t\t\t\t<\/figure>\n\t\t\t\t<\/div>\n\n\t\t\t\t<div class=\"lqd-fb-content border-radius-4 pos-rel w-60\">\n\t\t\t\t\t<div class=\"lqd-fb-content-inner d-flex flex-wrap align-items-center justify-content-between pos-rel border-radius-4 pt-4 pb-4 ps-5 pe-5\">\n\t\t\t\t\t\t<div class=\"lqd-overlay\" data-reveal=\"true\" data-reveal-options='{ \"direction\": \"bt\", \"delay\": 150, \"duration\": 500, \"coverArea\": 100 }'>\n\t\t\t\t\t\t\t<div class=\"lqd-fb-bg lqd-overlay\"><\/div>\n\t\t\t\t\t\t<\/div>\n\t\t\t\t\t\t\t\t\t\t\t\t<div\n\t\t\t\t\t\tclass=\"lqd-fb-content-holder lqd-fb-content-left w-70 pos-rel\"\n\t\t\t\t\t\tdata-custom-animations=\"true\"\n\t\t\t\t\t\tdata-ca-options='{ \"triggerHandler\": \"inview\", \"animationTarget\": \"all-childs\", \"duration\": 1200, \"delay\": 120,  \"startDelay\": 800, \"initValues\": { \"y\": 30, \"opacity\": 0 }, \"animations\": { \"y\": 0, \"opacity\": 1 } }'>\n\t\t\t\t\t\t\t<h2 class=\"lqd-fb__title mt-0 mb-0 \" data-split-text=\"true\" data-split-options='{ \"type\": \"lines\" }'>ISI GER\u0130 KAZANIM \u00dcNT.<\/h2>\t\t\t\t\t\t<\/div>\n\t\t\t\t\t\t\t\t\t\t\t\t<div\n\t\t\t\t\t\tclass=\"lqd-fb-content-holder lqd-fb-content-right d-flex justify-content-end w-20 pos-rel\"\n\t\t\t\t\t\tdata-custom-animations=\"true\"\n\t\t\t\t\t\tdata-ca-options='{ \"triggerHandler\": \"inview\", \"animationTarget\": \"all-childs\", \"duration\": 1100, \"delay\": 120,  \"startDelay\": 950, \"initValues\": { \"y\": 30, \"opacity\": 0 }, \"animations\": { \"y\": 0, \"opacity\": 1 } }'>\n\t\t\t\t\t\t\t<i aria-hidden=\"true\" class=\"fa fa-star\"><\/i>\t\t\t\t\t\t<\/div>\n\t\t\t\t\t<\/div>\n\t\t\t\t\n\t\t\t\t\t<a  class=\"lqd-overlay\"><\/a>\n\t\t\t\t<\/div>\n\n\t\t\t\t<a  class=\"lqd-overlay\"><\/a>\n\n\t\t\t<\/div>\n\t\t\t \n\t\t<\/div>\n\t\t\t\t<\/div>\n\t\t\t\t<\/div>\n\t\t\t\t<div class=\"elementor-element elementor-element-0220578 elementor-widget elementor-widget-hub_fancy_heading\" data-id=\"0220578\" data-element_type=\"widget\" data-widget_type=\"hub_fancy_heading.default\">\n\t\t\t\t<div class=\"elementor-widget-container\">\n\t\t\t\n\t\t<div id=\"ld-fancy-heading-69f0c2ac6fe76\" class=\"ld-fancy-heading pos-rel\">\n\t\t\t<h3 class=\"ld-fh-element d-inline-block pos-rel  elementor-heading-title lqd-highlight-classic lqd-highlight-grow-left h3\"  > KHRV Serisi Is\u0131 Geri Kazan\u0131m Cihazlar\u0131\n<\/h3>\t\t<\/div>\n\n\t\t\t\t<\/div>\n\t\t\t\t<\/div>\n\t\t\t\t<div class=\"elementor-element elementor-element-f28c22f elementor-widget elementor-widget-text-editor\" data-id=\"f28c22f\" data-element_type=\"widget\" data-widget_type=\"text-editor.default\">\n\t\t\t\t<div class=\"elementor-widget-container\">\n\t\t\t<style>\/*! elementor - v3.8.1 - 13-11-2022 *\/\n.elementor-widget-text-editor.elementor-drop-cap-view-stacked .elementor-drop-cap{background-color:#818a91;color:#fff}.elementor-widget-text-editor.elementor-drop-cap-view-framed .elementor-drop-cap{color:#818a91;border:3px solid;background-color:transparent}.elementor-widget-text-editor:not(.elementor-drop-cap-view-default) .elementor-drop-cap{margin-top:8px}.elementor-widget-text-editor:not(.elementor-drop-cap-view-default) .elementor-drop-cap-letter{width:1em;height:1em}.elementor-widget-text-editor .elementor-drop-cap{float:left;text-align:center;line-height:1;font-size:50px}.elementor-widget-text-editor .elementor-drop-cap-letter{display:inline-block}<\/style>\t\t\t\t<div class=\"elementor-text-editor elementor-clearfix\"><p>Is\u0131 geri kazan\u0131m cihazlar\u0131 kapal\u0131 mekanlardaki taze hava \u00a0ihtiyac\u0131n\u0131 kar\u015f\u0131lamak amac\u0131 ile tasarlanm\u0131\u015f,\u00a0\u00f6zel plakal\u0131 e\u015fanj\u00f6rler sayesinde i\u00e7inde bulunan fanlar yard\u0131m\u0131yla,\u00a0egzoz havas\u0131 ile taze havay\u0131 birbirine kar\u0131\u015ft\u0131rmadan, \u0131s\u0131 enerjisini geri kazanarak enerji tasarrufu sa\u011flayan cihazlard\u0131r. \u0130\u015f yerleri, bankalar, ofisler, oteller, finans kurulu\u015f merkezleri, zincir ma\u011fazalar, fuar-sergi alanlar\u0131, sinemalar, restoranlar, okullar, spor salonlar\u0131 gibi uygulama alanlar\u0131 bak\u0131m\u0131ndan \u00e7ok fonksiyonel binalara hitap etmektedir. Klisef Is\u0131 Geri Kazan\u0131m Cihazlar\u0131, enerji tasarrufu sa\u011flaman\u0131n yan\u0131nda, y\u00fcksek i\u00e7 hava kalitesi elde etmek i\u00e7in dizayn edilmi\u015ftir.<\/p><\/div>\t\t\t\t\t\t<\/div>\n\t\t\t\t<\/div>\n\t\t\t\t<div class=\"elementor-element elementor-element-15f16e3 elementor-widget elementor-widget-hub_fancy_heading\" data-id=\"15f16e3\" data-element_type=\"widget\" data-widget_type=\"hub_fancy_heading.default\">\n\t\t\t\t<div class=\"elementor-widget-container\">\n\t\t\t\n\t\t<div id=\"ld-fancy-heading-69f0c2ac71226\" class=\"ld-fancy-heading pos-rel\">\n\t\t\t<h4 class=\"ld-fh-element d-inline-block pos-rel  elementor-heading-title lqd-highlight-classic lqd-highlight-grow-left h4\"  > Genel \u00d6zellikler                                       \n<\/h4>\t\t<\/div>\n\n\t\t\t\t<\/div>\n\t\t\t\t<\/div>\n\t\t\t\t<div class=\"elementor-element elementor-element-26fe870 elementor-widget elementor-widget-text-editor\" data-id=\"26fe870\" data-element_type=\"widget\" data-widget_type=\"text-editor.default\">\n\t\t\t\t<div class=\"elementor-widget-container\">\n\t\t\t\t\t\t\t<div class=\"elementor-text-editor elementor-clearfix\"><p>\u25cf Korozyona kar\u015f\u0131 dayan\u0131kl\u0131 elektrostatik toz boyal\u0131 galvaniz sac<\/p><p>\u25cf Aerodinamik geriye e\u011fimli kanatlara sahip y\u00fcksek verimli plug fanlar ve radyal fanlar<\/p><p>\u25cf \u0130letkenli\u011fi ve performans\u0131 y\u00fcksek, \u00e7apraz ak\u0131ml\u0131 al\u00fcminyum plakal\u0131 \u0131s\u0131 geri kazan\u0131m e\u015fanj\u00f6r\u00fc<strong>\u00a0<\/strong><\/p><p>\u25cf Y\u00fcksek kaliteli G4 s\u0131n\u0131f\u0131 sentetik elyaf filtreler<\/p><p>\u25cf Kompakt yap\u0131, t\u00fcm sistem ayn\u0131 g\u00f6vde i\u00e7erisinde<\/p><p>\u25cf \u00d6zel izole edilmi\u015f \u0131s\u0131 ve ses izolasyonu<\/p><p>\u25cf Korozyona dayan\u0131kl\u0131 galvaniz sacdan imal edilmi\u015f elektrostatik toz boyal\u0131 drenaj tavas\u0131<\/p><p>\u25cf Kolay montaj ve bak\u0131m imk\u00e2n\u0131 sa\u011flayan tasar\u0131m<\/p><p>\u25cf Bina otomasyon sistemine (BMS) ba\u011flanabilme imk\u00e2n\u0131<\/p><p>\u00a0<\/p><\/div>\t\t\t\t\t\t<\/div>\n\t\t\t\t<\/div>\n\t\t\t\t<div class=\"elementor-element elementor-element-cc041f7 elementor-align-left elementor-widget elementor-widget-ld_icon_box\" data-id=\"cc041f7\" data-element_type=\"widget\" data-widget_type=\"ld_icon_box.default\">\n\t\t\t\t<div class=\"elementor-widget-container\">\n\t\t\t\n\t\t\t<div id=\"ld_icon_box_cc041f7\" class=\"iconbox d-flex flex-grow-1 pos-rel flex-wrap align-items-center iconbox-inline iconbox-icon-shaped iconbox-square\"   >\n\t\t\t\t\n\t\t\t\t\t\n\t\t\t\t\n\t\t\t\t<div class=\"iconbox-icon-wrap  \"><div class=\"iconbox-icon-container d-inline-flex pos-rel z-index-1 \"><i aria-hidden=\"true\" class=\"far fa-clone\"><\/i><\/div><\/div>\t\t\t\t\n\t\t\t\t<h3 class=\"lqd-iconbox-heading \" >\u00dcR\u00dcN KATALO\u011eUNU \u0130ND\u0130RMEK \u0130\u00c7\u0130N TIKLAYINIZ <\/h3>\t\t\t\t\n\t\t\t\t\t\t\t\t\n\t\t\t\t\t\t\t\t\n\t\t\t\t\t\t\t\t<p><\/p>\n\t\t\t\t\t\t\t\t\n\t\t\t\t\t\t\t\t\n\t\t\t\t<a href=\"https:\/\/klisef.com.tr\/yeni\/wp-content\/uploads\/2023\/03\/KHRV-Serisi-Isi-Geri-Kazanim-Cihazlari.pdf\" class=\"lqd-overlay z-index-2\" target=\"_blank&quot;\" rel=\"nofollow\"><\/a>\n\t\t\t<\/div>\n\n\t\t\t\t<\/div>\n\t\t\t\t<\/div>\n\t\t\t\t<div class=\"elementor-element elementor-element-cbb915e elementor-widget elementor-widget-hub_fancy_heading\" data-id=\"cbb915e\" data-element_type=\"widget\" data-widget_type=\"hub_fancy_heading.default\">\n\t\t\t\t<div class=\"elementor-widget-container\">\n\t\t\t\n\t\t<div id=\"ld-fancy-heading-69f0c2ac749bb\" class=\"ld-fancy-heading pos-rel\">\n\t\t\t<h4 class=\"ld-fh-element d-inline-block pos-rel  elementor-heading-title lqd-highlight-classic lqd-highlight-grow-left h4\"  > Versiyonlar\n<\/h4>\t\t<\/div>\n\n\t\t\t\t<\/div>\n\t\t\t\t<\/div>\n\t\t\t\t<div class=\"elementor-element elementor-element-dd124e6 elementor-widget elementor-widget-text-editor\" data-id=\"dd124e6\" data-element_type=\"widget\" data-widget_type=\"text-editor.default\">\n\t\t\t\t<div class=\"elementor-widget-container\">\n\t\t\t\t\t\t\t<div class=\"elementor-text-editor elementor-clearfix\"><p>\u25cf KHRV Serisi<\/p><\/div>\t\t\t\t\t\t<\/div>\n\t\t\t\t<\/div>\n\t\t\t\t<div class=\"elementor-element elementor-element-bd81a97 elementor-widget elementor-widget-hub_fancy_heading\" data-id=\"bd81a97\" data-element_type=\"widget\" data-widget_type=\"hub_fancy_heading.default\">\n\t\t\t\t<div class=\"elementor-widget-container\">\n\t\t\t\n\t\t<div id=\"ld-fancy-heading-69f0c2ac7593d\" class=\"ld-fancy-heading pos-rel\">\n\t\t\t<h4 class=\"ld-fh-element d-inline-block pos-rel  elementor-heading-title lqd-highlight-classic lqd-highlight-grow-left h4\"  > Opsiyonlar<\/h4>\t\t<\/div>\n\n\t\t\t\t<\/div>\n\t\t\t\t<\/div>\n\t\t\t\t<div class=\"elementor-element elementor-element-e9a4b95 elementor-widget elementor-widget-text-editor\" data-id=\"e9a4b95\" data-element_type=\"widget\" data-widget_type=\"text-editor.default\">\n\t\t\t\t<div class=\"elementor-widget-container\">\n\t\t\t\t\t\t\t<div class=\"elementor-text-editor elementor-clearfix\"><p>\u25cf Taze Hava Damperi<\/p><p>\u25cf Egzoz Hava Damperi<\/p><p>\u25cf Kanal Tipi Elektrikli Is\u0131t\u0131c\u0131<\/p><p>\u25cf Debi Kontrol\u00fc<\/p><p>\u25cf H\u0131z Anahtar\u0131<\/p><p>\u25cf By-Pass Damperi<\/p><p>\u25cf Sulu veya DX Is\u0131tma\/So\u011futma Bataryas\u0131<\/p><p><strong>\u25cf\u00a0<\/strong>Kanal Tipi Susturucu<\/p><p><strong>\u25cf\u00a0<\/strong>Damla Tutucu<\/p><p><strong>\u25cf\u00a0<\/strong>Nem Sens\u00f6r\u00fc<\/p><p><strong>\u25cf\u00a0<\/strong>Kirli Filtre \u0130kaz\u0131<\/p><p><strong>\u25cf\u00a0<\/strong>Taze Hava Kalite Sens\u00f6r\u00fc<\/p><p><strong>\u25cf\u00a0<\/strong>Plakal\u0131 E\u015fanj\u00f6r Don Korumas\u0131<\/p><p><strong>\u25cf\u00a0<\/strong>Taze Hava \u00dcfleme S\u0131cakl\u0131\u011f\u0131 Limitleme<\/p><p><strong>\u25cf\u00a0<\/strong>Sulu Batarya Don Korumas\u0131<\/p><p><strong>\u25cf\u00a0<\/strong>\u00d6zel Projelere Uygun Tasar\u0131m ve \u00dcretimde Esneklik<\/p><p><strong>\u25cf\u00a0<\/strong>3 Yollu Vana ve Motoru<\/p><\/div>\t\t\t\t\t\t<\/div>\n\t\t\t\t<\/div>\n\t\t\t\t\t<\/div>\n\t\t<\/div>\n\t\t\t\t\t\t\t<\/div>\n\t\t<\/section>\n\t\t\t\t\t\t\t<\/div>\n\t\t","protected":false},"excerpt":{"rendered":"<p>\u00dcr\u00fcn Gruplar\u0131m\u0131z Klima Santralleri Is\u0131 Geri Kazan\u0131m \u00dcnt. Rooftop So\u011futma Gruplar\u0131 Ekipmanlar \u0130leti\u015fim Formu \u0130leti\u015fim +90 312 395 14 50 ISI GER\u0130 KAZANIM \u00dcNT. KHRV Serisi Is\u0131 Geri Kazan\u0131m Cihazlar\u0131 Is\u0131 geri kazan\u0131m cihazlar\u0131 kapal\u0131 mekanlardaki taze hava \u00a0ihtiyac\u0131n\u0131 kar\u015f\u0131lamak amac\u0131 ile tasarlanm\u0131\u015f,\u00a0\u00f6zel plakal\u0131 e\u015fanj\u00f6rler sayesinde i\u00e7inde bulunan fanlar yard\u0131m\u0131yla,\u00a0egzoz havas\u0131 ile taze havay\u0131 birbirine [&hellip;]<\/p>\n","protected":false},"author":1,"featured_media":0,"parent":9101,"menu_order":0,"comment_status":"closed","ping_status":"closed","template":"","meta":{"footnotes":""},"class_list":["post-10954","page","type-page","status-publish","hentry"],"_links":{"self":[{"href":"https:\/\/klisef.com.tr\/yeni\/wp-json\/wp\/v2\/pages\/10954","targetHints":{"allow":["GET"]}}],"collection":[{"href":"https:\/\/klisef.com.tr\/yeni\/wp-json\/wp\/v2\/pages"}],"about":[{"href":"https:\/\/klisef.com.tr\/yeni\/wp-json\/wp\/v2\/types\/page"}],"author":[{"embeddable":true,"href":"https:\/\/klisef.com.tr\/yeni\/wp-json\/wp\/v2\/users\/1"}],"replies":[{"embeddable":true,"href":"https:\/\/klisef.com.tr\/yeni\/wp-json\/wp\/v2\/comments?post=10954"}],"version-history":[{"count":16,"href":"https:\/\/klisef.com.tr\/yeni\/wp-json\/wp\/v2\/pages\/10954\/revisions"}],"predecessor-version":[{"id":11547,"href":"https:\/\/klisef.com.tr\/yeni\/wp-json\/wp\/v2\/pages\/10954\/revisions\/11547"}],"up":[{"embeddable":true,"href":"https:\/\/klisef.com.tr\/yeni\/wp-json\/wp\/v2\/pages\/9101"}],"wp:attachment":[{"href":"https:\/\/klisef.com.tr\/yeni\/wp-json\/wp\/v2\/media?parent=10954"}],"curies":[{"name":"wp","href":"https:\/\/api.w.org\/{rel}","templated":true}]}}