{"id":10938,"date":"2023-02-28T23:24:41","date_gmt":"2023-02-28T20:24:41","guid":{"rendered":"https:\/\/klisef.com.tr\/yeni\/?page_id=10938"},"modified":"2023-03-04T17:35:11","modified_gmt":"2023-03-04T14:35:11","slug":"hava-sogutmali-inrow","status":"publish","type":"page","link":"https:\/\/klisef.com.tr\/yeni\/urunlerimiz\/hava-sogutmali-inrow\/","title":{"rendered":"Hava So\u011futmal\u0131 INROW"},"content":{"rendered":"\t\t<div data-elementor-type=\"wp-page\" data-elementor-id=\"10938\" class=\"elementor elementor-10938\">\n\t\t\t\t\t\t\t\t\t<section class=\"elementor-section elementor-top-section elementor-element elementor-element-ebf2625 elementor-reverse-tablet elementor-reverse-mobile elementor-section-boxed elementor-section-height-default elementor-section-height-default\" data-id=\"ebf2625\" data-element_type=\"section\">\n\t\t\t\t\t\t<div class=\"elementor-container elementor-column-gap-default\">\n\t\t\t\t\t<div class=\"lqd-css-sticky-column elementor-column elementor-col-50 elementor-top-column elementor-element elementor-element-a6f0c9b\" style=\"--lqd-sticky-offset:30px\" data-id=\"a6f0c9b\" data-element_type=\"column\">\n\t\t\t<div class=\"elementor-widget-wrap elementor-element-populated\">\n\t\t\t\t\t\t\t\t<div class=\"elementor-element elementor-element-116d0a3 elementor-widget elementor-widget-hub_fancy_heading\" data-id=\"116d0a3\" data-element_type=\"widget\" data-widget_type=\"hub_fancy_heading.default\">\n\t\t\t\t<div class=\"elementor-widget-container\">\n\t\t\t\n\t\t<div id=\"ld-fancy-heading-69f0f34682abc\" class=\"ld-fancy-heading pos-rel\">\n\t\t\t<h4 class=\"ld-fh-element d-inline-block pos-rel  elementor-heading-title lqd-highlight-classic lqd-highlight-grow-left h4\"  > \u00dcr\u00fcn Gruplar\u0131m\u0131z<\/h4>\t\t<\/div>\n\n\t\t\t\t<\/div>\n\t\t\t\t<\/div>\n\t\t\t\t<div class=\"elementor-element elementor-element-e652e82 elementor-widget elementor-widget-ld_custom_menu\" data-id=\"e652e82\" data-element_type=\"widget\" data-widget_type=\"ld_custom_menu.default\">\n\t\t\t\t<div class=\"elementor-widget-container\">\n\t\t\t\n\t\t\t<div  \n\t\t\t\tclass=\"lqd-fancy-menu lqd-custom-menu pos-rel menu-items-has-fill center lqd-menu-td-none\"\n\t\t\t\t\t\t\t>\n\t\t\t\n\t\t\t\t\t\t<ul id=\"e652e82\" class=\"reset-ul   \" itemtype=\"http:\/\/schema.org\/SiteNavigationElement\" itemscope=\"itemscope\"><li id=\"menu-item-10826\" class=\"menu-item menu-item-type-post_type menu-item-object-page menu-item-10826\"><a href=\"https:\/\/klisef.com.tr\/yeni\/klima-santralleri\/\">Klima Santralleri<\/a><\/li>\n<li id=\"menu-item-10828\" class=\"menu-item menu-item-type-post_type menu-item-object-page menu-item-10828\"><a href=\"https:\/\/klisef.com.tr\/yeni\/isi-geri-kazanim-unt\/\">Is\u0131 Geri Kazan\u0131m \u00dcnt.<\/a><\/li>\n<li id=\"menu-item-10827\" class=\"menu-item menu-item-type-post_type menu-item-object-page menu-item-10827\"><a href=\"https:\/\/klisef.com.tr\/yeni\/rooftop\/\">Rooftop<\/a><\/li>\n<li id=\"menu-item-11079\" class=\"menu-item menu-item-type-post_type menu-item-object-page menu-item-11079\"><a href=\"https:\/\/klisef.com.tr\/yeni\/sogutma-gruplari\/\">So\u011futma Gruplar\u0131<\/a><\/li>\n<li id=\"menu-item-11080\" class=\"menu-item menu-item-type-post_type menu-item-object-page menu-item-11080\"><a href=\"https:\/\/klisef.com.tr\/yeni\/havalandirma-ekipmanlari\/\">Ekipmanlar<\/a><\/li>\n<\/ul>\t\t\t\t\t\t\t\t\t<\/div>\n\t\t\t\t<\/div>\n\t\t\t\t<\/div>\n\t\t\t\t<section class=\"elementor-section elementor-inner-section elementor-element elementor-element-de4d133 elementor-section-boxed elementor-section-height-default elementor-section-height-default\" data-id=\"de4d133\" data-element_type=\"section\">\n\t\t\t\t\t\t<div class=\"elementor-container elementor-column-gap-default\">\n\t\t\t\t\t<div class=\"elementor-column elementor-col-100 elementor-inner-column elementor-element elementor-element-6a40fdc\" data-id=\"6a40fdc\" data-element_type=\"column\" data-settings=\"{&quot;background_background&quot;:&quot;classic&quot;}\">\n\t\t\t<div class=\"elementor-widget-wrap elementor-element-populated\">\n\t\t\t\t\t\t\t\t<div class=\"elementor-element elementor-element-c3c5580 elementor-widget elementor-widget-hub_fancy_heading\" data-id=\"c3c5580\" data-element_type=\"widget\" data-widget_type=\"hub_fancy_heading.default\">\n\t\t\t\t<div class=\"elementor-widget-container\">\n\t\t\t\n\t\t<div id=\"ld-fancy-heading-69f0f34688187\" class=\"ld-fancy-heading pos-rel\">\n\t\t\t<h4 class=\"ld-fh-element d-inline-block pos-rel  elementor-heading-title lqd-highlight-classic lqd-highlight-grow-left h4\"  > \u0130leti\u015fim Formu<\/h4>\t\t<\/div>\n\n\t\t\t\t<\/div>\n\t\t\t\t<\/div>\n\t\t\t\t<div class=\"elementor-element elementor-element-6c950d4 elementor-widget elementor-widget-ld_cf722\" data-id=\"6c950d4\" data-element_type=\"widget\" data-widget_type=\"ld_cf722.default\">\n\t\t\t\t<div class=\"elementor-widget-container\">\n\t\t\t\n\t<div class=\"lqd-contact-form lqd-contact-form-inputs-filled lqd-contact-form-inputs-round lqd-contact-form-button-block\" >\n\t\t<div role=\"form\" class=\"wpcf7\" id=\"wpcf7-f259-o1\" lang=\"en-GB\" dir=\"ltr\">\n<div class=\"screen-reader-response\"><p role=\"status\" aria-live=\"polite\" aria-atomic=\"true\"><\/p> <ul><\/ul><\/div>\n<form action=\"\/yeni\/wp-json\/wp\/v2\/pages\/10938#wpcf7-f259-o1\" method=\"post\" class=\"wpcf7-form init\" novalidate=\"novalidate\" data-status=\"init\">\n<div style=\"display: none;\">\n<input type=\"hidden\" name=\"_wpcf7\" value=\"259\" \/>\n<input type=\"hidden\" name=\"_wpcf7_version\" value=\"5.6.4\" \/>\n<input type=\"hidden\" name=\"_wpcf7_locale\" value=\"en_GB\" \/>\n<input type=\"hidden\" name=\"_wpcf7_unit_tag\" value=\"wpcf7-f259-o1\" \/>\n<input type=\"hidden\" name=\"_wpcf7_container_post\" value=\"0\" \/>\n<input type=\"hidden\" name=\"_wpcf7_posted_data_hash\" value=\"\" \/>\n<\/div>\n<p><span class=\"wpcf7-form-control-wrap\" data-name=\"text-775\"><input type=\"text\" name=\"text-775\" value=\"\" size=\"40\" class=\"wpcf7-form-control wpcf7-text wpcf7-validates-as-required\" aria-required=\"true\" aria-invalid=\"false\" placeholder=\"Ad-Soyad\" \/><\/span><span class=\"wpcf7-form-control-wrap\" data-name=\"email-550\"><input type=\"email\" name=\"email-550\" value=\"\" size=\"40\" class=\"wpcf7-form-control wpcf7-text wpcf7-email wpcf7-validates-as-required wpcf7-validates-as-email\" aria-required=\"true\" aria-invalid=\"false\" placeholder=\"E-Posta\" \/><\/span><span class=\"wpcf7-form-control-wrap\" data-name=\"phone-550\"><input type=\"text\" name=\"phone-550\" value=\"\" size=\"40\" class=\"wpcf7-form-control wpcf7-text wpcf7-validates-as-required\" aria-required=\"true\" aria-invalid=\"false\" placeholder=\"Telefon\" \/><\/span><span class=\"wpcf7-form-control-wrap\" data-name=\"textarea-138\"><textarea name=\"textarea-138\" cols=\"10\" rows=\"4\" class=\"wpcf7-form-control wpcf7-textarea wpcf7-validates-as-required\" aria-required=\"true\" aria-invalid=\"false\" placeholder=\"Mesaj\u0131n\u0131z\"><\/textarea><\/span><input type=\"submit\" value=\"G\u00f6nder\" class=\"wpcf7-form-control has-spinner wpcf7-submit\" \/><\/p>\n<div class=\"wpcf7-response-output\" aria-hidden=\"true\"><\/div><\/form><\/div>\t<\/div>\n\n\t\t\t<\/div>\n\t\t\t\t<\/div>\n\t\t\t\t\t<\/div>\n\t\t<\/div>\n\t\t\t\t\t\t\t<\/div>\n\t\t<\/section>\n\t\t\t\t<div class=\"elementor-element elementor-element-2c03d76 elementor-align-left elementor-widget elementor-widget-ld_icon_box\" data-id=\"2c03d76\" data-element_type=\"widget\" data-widget_type=\"ld_icon_box.default\">\n\t\t\t\t<div class=\"elementor-widget-container\">\n\t\t\t\n\t\t\t<div id=\"ld_icon_box_2c03d76\" class=\"iconbox d-flex flex-grow-1 pos-rel align-items-center iconbox-side iconbox-icon-shaped iconbox-circle\"   >\n\t\t\t\t\n\t\t\t\t\t\n\t\t\t\t\n\t\t\t\t<div class=\"iconbox-icon-wrap  \"><div class=\"iconbox-icon-container d-inline-flex pos-rel z-index-1 border-radius-circle\"><i aria-hidden=\"true\" class=\"fas fa-phone-alt\"><\/i><\/div><\/div>\t\t\t\t\n\t\t\t\t\t\t\t\t\n\t\t\t\t<div class=\"contents \">\t\t\t\t\n\t\t\t\t\t\t\t\t\n\t\t\t\t<h3 class=\"lqd-iconbox-heading \" >\u0130leti\u015fim <\/h3>\t\t\t\t<p><span style=\"font-size: 20px;color: #292929\">+90 312 395 14 50<\/span><\/p>\n\t\t\t\t\t\t\t\t\n\t\t\t\t<\/div>\t\t\t\t\n\t\t\t\t\n\t\t\t<\/div>\n\n\t\t\t\t<\/div>\n\t\t\t\t<\/div>\n\t\t\t\t\t<\/div>\n\t\t<\/div>\n\t\t\t\t<div class=\"elementor-column elementor-col-50 elementor-top-column elementor-element elementor-element-81bea27\" data-id=\"81bea27\" data-element_type=\"column\">\n\t\t\t<div class=\"elementor-widget-wrap elementor-element-populated\">\n\t\t\t\t\t\t\t\t<div class=\"elementor-element elementor-element-4f4c611 elementor-widget elementor-widget-ld_content_box\" data-id=\"4f4c611\" data-element_type=\"widget\" data-widget_type=\"ld_content_box.default\">\n\t\t\t\t<div class=\"elementor-widget-container\">\n\t\t\t \n\n\t\t<div class=\"lqd-fb pos-rel lqd-fb-style-8\"  >\n\t\t\t\t\t<div class=\"lqd-fb-inner\">\n\n\t\t\t\t<div\n\t\t\t\tclass=\"lqd-fb-img border-radius-4 overflow-hidden\"\n\t\t\t\tdata-custom-animations=\"true\"\n\t\t\t\tdata-ca-options='{ \"triggerHandler\": \"inview\", \"animationTarget\": \"figure\", \"duration\": 1200, \"initValues\": { \"scale\": 1.075, \"opacity\": 0 }, \"animations\": { \"scale\": 1, \"opacity\": 1 } }'>\n\t\t\t\t\t<figure class=\"w-100\">\n\t\t\t\t\t\t\t<img decoding=\"async\" class=\"w-100\" src=\"https:\/\/klisef.com.tr\/yeni\/wp-content\/uploads\/2023\/02\/IRDXi-1.png\">\t\t\t\t\t\t\t\t\t\t\t\t<\/figure>\n\t\t\t\t<\/div>\n\n\t\t\t\t<div class=\"lqd-fb-content border-radius-4 pos-rel w-60\">\n\t\t\t\t\t<div class=\"lqd-fb-content-inner d-flex flex-wrap align-items-center justify-content-between pos-rel border-radius-4 pt-4 pb-4 ps-5 pe-5\">\n\t\t\t\t\t\t<div class=\"lqd-overlay\" data-reveal=\"true\" data-reveal-options='{ \"direction\": \"bt\", \"delay\": 150, \"duration\": 500, \"coverArea\": 100 }'>\n\t\t\t\t\t\t\t<div class=\"lqd-fb-bg lqd-overlay\"><\/div>\n\t\t\t\t\t\t<\/div>\n\t\t\t\t\t\t\t\t\t\t\t\t<div\n\t\t\t\t\t\tclass=\"lqd-fb-content-holder lqd-fb-content-left w-70 pos-rel\"\n\t\t\t\t\t\tdata-custom-animations=\"true\"\n\t\t\t\t\t\tdata-ca-options='{ \"triggerHandler\": \"inview\", \"animationTarget\": \"all-childs\", \"duration\": 1200, \"delay\": 120,  \"startDelay\": 800, \"initValues\": { \"y\": 30, \"opacity\": 0 }, \"animations\": { \"y\": 0, \"opacity\": 1 } }'>\n\t\t\t\t\t\t\t<h2 class=\"lqd-fb__title mt-0 mb-0 \" data-split-text=\"true\" data-split-options='{ \"type\": \"lines\" }'>Klima Santralleri<\/h2>\t\t\t\t\t\t<\/div>\n\t\t\t\t\t\t\t\t\t\t\t\t<div\n\t\t\t\t\t\tclass=\"lqd-fb-content-holder lqd-fb-content-right d-flex justify-content-end w-20 pos-rel\"\n\t\t\t\t\t\tdata-custom-animations=\"true\"\n\t\t\t\t\t\tdata-ca-options='{ \"triggerHandler\": \"inview\", \"animationTarget\": \"all-childs\", \"duration\": 1100, \"delay\": 120,  \"startDelay\": 950, \"initValues\": { \"y\": 30, \"opacity\": 0 }, \"animations\": { \"y\": 0, \"opacity\": 1 } }'>\n\t\t\t\t\t\t\t<i aria-hidden=\"true\" class=\"fa fa-star\"><\/i>\t\t\t\t\t\t<\/div>\n\t\t\t\t\t<\/div>\n\t\t\t\t\n\t\t\t\t\t<a  class=\"lqd-overlay\"><\/a>\n\t\t\t\t<\/div>\n\n\t\t\t\t<a  class=\"lqd-overlay\"><\/a>\n\n\t\t\t<\/div>\n\t\t\t \n\t\t<\/div>\n\t\t\t\t<\/div>\n\t\t\t\t<\/div>\n\t\t\t\t<div class=\"elementor-element elementor-element-0220578 elementor-widget elementor-widget-hub_fancy_heading\" data-id=\"0220578\" data-element_type=\"widget\" data-widget_type=\"hub_fancy_heading.default\">\n\t\t\t\t<div class=\"elementor-widget-container\">\n\t\t\t\n\t\t<div id=\"ld-fancy-heading-69f0f34690998\" class=\"ld-fancy-heading pos-rel\">\n\t\t\t<h3 class=\"ld-fh-element d-inline-block pos-rel  elementor-heading-title lqd-highlight-classic lqd-highlight-grow-left h3\"  > Hava So\u011futmal\u0131 INROW<\/h3>\t\t<\/div>\n\n\t\t\t\t<\/div>\n\t\t\t\t<\/div>\n\t\t\t\t<div class=\"elementor-element elementor-element-f28c22f elementor-widget elementor-widget-text-editor\" data-id=\"f28c22f\" data-element_type=\"widget\" data-widget_type=\"text-editor.default\">\n\t\t\t\t<div class=\"elementor-widget-container\">\n\t\t\t<style>\/*! elementor - v3.8.1 - 13-11-2022 *\/\n.elementor-widget-text-editor.elementor-drop-cap-view-stacked .elementor-drop-cap{background-color:#818a91;color:#fff}.elementor-widget-text-editor.elementor-drop-cap-view-framed .elementor-drop-cap{color:#818a91;border:3px solid;background-color:transparent}.elementor-widget-text-editor:not(.elementor-drop-cap-view-default) .elementor-drop-cap{margin-top:8px}.elementor-widget-text-editor:not(.elementor-drop-cap-view-default) .elementor-drop-cap-letter{width:1em;height:1em}.elementor-widget-text-editor .elementor-drop-cap{float:left;text-align:center;line-height:1;font-size:50px}.elementor-widget-text-editor .elementor-drop-cap-letter{display:inline-block}<\/style>\t\t\t\t<div class=\"reading\"><div class=\"elementor-element elementor-element-0ac9cb1 elementor-widget elementor-widget-text-editor\" data-id=\"0ac9cb1\" data-element_type=\"widget\" data-widget_type=\"text-editor.default\"><div class=\"elementor-widget-container\"><div class=\"elementor-element elementor-element-08b1d16 elementor-blockquote--skin-border elementor-blockquote--button-color-official elementor-widget elementor-widget-blockquote\" data-id=\"08b1d16\" data-element_type=\"widget\" data-widget_type=\"blockquote.default\"><div class=\"elementor-widget-container\"><blockquote><p class=\"elementor-blockquote__content\"><strong>S\u0130STEM ODALARI \u0130\u00c7\u0130N \u00d6ZEL OLARAK TASARLANMI\u015e HASSAS KONTROLL\u00dc KL\u0130MA \u00dcN\u0130TELER\u0130 TERMAL Y\u00dcKLER\u0130 KONTROL ALTINA ALMAK \u0130\u00c7\u0130N D\u0130ZYN ED\u0130LD\u0130.<\/strong><\/p><\/blockquote><\/div><\/div><div class=\"elementor-text-editor elementor-clearfix\"><p>Emibyte IRUW InRow serisi 300 mm veya 600 mm geni\u015flikte g\u00f6vde yap\u0131s\u0131yla 10 kW\u2019dan 60 kW\u2019a kadar so\u011futma kapasitesi sa\u011flayabilen DX bataryal\u0131 Inrow tip hassas kontroll\u00fc klima \u00fcniteleridir.<br \/>Bu \u00fcniteler, yo\u011fun termal y\u00fckleri kontrol alt\u0131na almak i\u00e7in IT uygulamalar\u0131 i\u00e7in tasarlanm\u0131\u015ft\u0131r.<\/p><p>K\u00fc\u00e7\u00fck boyutlu Veri Merkezleri i\u00e7in tasarlanm\u0131\u015ft\u0131r, fakat mod\u00fcler yap\u0131s\u0131 altyap\u0131 b\u00fcy\u00fcd\u00fck\u00e7e sistemi daha y\u00fcksek bir so\u011futma kapasitesine y\u00fckseltmek i\u00e7in ilave mod\u00fcller eklemeye elveri\u015flidir. InRow \u00fcniteleri, geleneksel bir \u00fcniteler g\u00f6re azalt\u0131lm\u0131\u015f ses seviyelerine ve daha y\u00fcksek verime sahiptir.<\/p><p>Emibyte InRow birimleri \u015funlar\u0131 sa\u011flar:<br \/>\u2013 Hassas nem ve s\u0131cakl\u0131k kontrol\u00fc<br \/>\u2013 EC fanlar\u0131 ve Inverter Scroll kompres\u00f6rleri ile d\u00fc\u015f\u00fck<br \/>\u2013 Dif\u00fcz\u00f6rlerin sahada d\u00fczenlenmesi sayesinde optimize edilmi\u015f so\u011futma ile maksimum enerji tasarrufu sa\u011flar<\/p><p><strong>DX INROW IRDX.i<\/strong><br \/><strong>10 \u2013 60 Kw<\/strong><\/p><\/div><\/div><\/div><\/div><div id=\"page-links\">\u00a0<\/div><div class=\"safirShare\">\u00a0<\/div>\t\t\t\t\t\t<\/div>\n\t\t\t\t<\/div>\n\t\t\t\t<div class=\"elementor-element elementor-element-a08d0fb elementor-align-left elementor-widget elementor-widget-ld_icon_box\" data-id=\"a08d0fb\" data-element_type=\"widget\" data-widget_type=\"ld_icon_box.default\">\n\t\t\t\t<div class=\"elementor-widget-container\">\n\t\t\t\n\t\t\t<div id=\"ld_icon_box_a08d0fb\" class=\"iconbox d-flex flex-grow-1 pos-rel flex-wrap align-items-center iconbox-inline iconbox-icon-shaped iconbox-square\"   >\n\t\t\t\t\n\t\t\t\t\t\n\t\t\t\t\n\t\t\t\t<div class=\"iconbox-icon-wrap  \"><div class=\"iconbox-icon-container d-inline-flex pos-rel z-index-1 \"><i aria-hidden=\"true\" class=\"far fa-clone\"><\/i><\/div><\/div>\t\t\t\t\n\t\t\t\t<h3 class=\"lqd-iconbox-heading \" >\u00dcR\u00dcN KATALO\u011eUNU \u0130ND\u0130RMEK \u0130\u00c7\u0130N TIKLAYINIZ <\/h3>\t\t\t\t\n\t\t\t\t\t\t\t\t\n\t\t\t\t\t\t\t\t\n\t\t\t\t\t\t\t\t<p><\/p>\n\t\t\t\t\t\t\t\t\n\t\t\t\t\t\t\t\t\n\t\t\t\t<a href=\"https:\/\/klisef.com.tr\/yeni\/wp-content\/uploads\/2023\/03\/Product-overview-EMICON-ENG.pdf\" class=\"lqd-overlay z-index-2\" target=\"_blank&quot;\" rel=\"nofollow\"><\/a>\n\t\t\t<\/div>\n\n\t\t\t\t<\/div>\n\t\t\t\t<\/div>\n\t\t\t\t\t<\/div>\n\t\t<\/div>\n\t\t\t\t\t\t\t<\/div>\n\t\t<\/section>\n\t\t\t\t\t\t\t<\/div>\n\t\t","protected":false},"excerpt":{"rendered":"<p>\u00dcr\u00fcn Gruplar\u0131m\u0131z Klima Santralleri Is\u0131 Geri Kazan\u0131m \u00dcnt. Rooftop So\u011futma Gruplar\u0131 Ekipmanlar \u0130leti\u015fim Formu \u0130leti\u015fim +90 312 395 14 50 Klima Santralleri Hava So\u011futmal\u0131 INROW S\u0130STEM ODALARI \u0130\u00c7\u0130N \u00d6ZEL OLARAK TASARLANMI\u015e HASSAS KONTROLL\u00dc KL\u0130MA \u00dcN\u0130TELER\u0130 TERMAL Y\u00dcKLER\u0130 KONTROL ALTINA ALMAK \u0130\u00c7\u0130N D\u0130ZYN ED\u0130LD\u0130. Emibyte IRUW InRow serisi 300 mm veya 600 mm geni\u015flikte g\u00f6vde yap\u0131s\u0131yla [&hellip;]<\/p>\n","protected":false},"author":1,"featured_media":0,"parent":9101,"menu_order":0,"comment_status":"closed","ping_status":"closed","template":"","meta":{"footnotes":""},"class_list":["post-10938","page","type-page","status-publish","hentry"],"_links":{"self":[{"href":"https:\/\/klisef.com.tr\/yeni\/wp-json\/wp\/v2\/pages\/10938","targetHints":{"allow":["GET"]}}],"collection":[{"href":"https:\/\/klisef.com.tr\/yeni\/wp-json\/wp\/v2\/pages"}],"about":[{"href":"https:\/\/klisef.com.tr\/yeni\/wp-json\/wp\/v2\/types\/page"}],"author":[{"embeddable":true,"href":"https:\/\/klisef.com.tr\/yeni\/wp-json\/wp\/v2\/users\/1"}],"replies":[{"embeddable":true,"href":"https:\/\/klisef.com.tr\/yeni\/wp-json\/wp\/v2\/comments?post=10938"}],"version-history":[{"count":16,"href":"https:\/\/klisef.com.tr\/yeni\/wp-json\/wp\/v2\/pages\/10938\/revisions"}],"predecessor-version":[{"id":11532,"href":"https:\/\/klisef.com.tr\/yeni\/wp-json\/wp\/v2\/pages\/10938\/revisions\/11532"}],"up":[{"embeddable":true,"href":"https:\/\/klisef.com.tr\/yeni\/wp-json\/wp\/v2\/pages\/9101"}],"wp:attachment":[{"href":"https:\/\/klisef.com.tr\/yeni\/wp-json\/wp\/v2\/media?parent=10938"}],"curies":[{"name":"wp","href":"https:\/\/api.w.org\/{rel}","templated":true}]}}