{"id":10859,"date":"2023-02-28T21:05:27","date_gmt":"2023-02-28T18:05:27","guid":{"rendered":"https:\/\/klisef.com.tr\/yeni\/?page_id=10859"},"modified":"2023-03-04T16:08:35","modified_gmt":"2023-03-04T13:08:35","slug":"hassas-klima-santralleri","status":"publish","type":"page","link":"https:\/\/klisef.com.tr\/yeni\/hassas-klima-santralleri\/","title":{"rendered":"Hassas Klima Santralleri"},"content":{"rendered":"\t\t<div data-elementor-type=\"wp-page\" data-elementor-id=\"10859\" class=\"elementor elementor-10859\">\n\t\t\t\t\t\t\t\t\t<section class=\"elementor-section elementor-top-section elementor-element elementor-element-98661a0 elementor-section-boxed elementor-section-height-default elementor-section-height-default\" data-id=\"98661a0\" data-element_type=\"section\" data-settings=\"{&quot;background_background&quot;:&quot;classic&quot;}\">\n\t\t\t\t\t\t<div class=\"elementor-container elementor-column-gap-default\">\n\t\t\t\t\t<div class=\"elementor-column elementor-col-33 elementor-top-column elementor-element elementor-element-b7fc095\" data-id=\"b7fc095\" data-element_type=\"column\">\n\t\t\t<div class=\"elementor-widget-wrap elementor-element-populated\">\n\t\t\t\t\t\t\t\t<div class=\"elementor-element elementor-element-c4cc953 elementor-widget elementor-widget-image\" data-id=\"c4cc953\" data-element_type=\"widget\" data-widget_type=\"image.default\">\n\t\t\t\t<div class=\"elementor-widget-container\">\n\t\t\t<style>\/*! elementor - v3.8.1 - 13-11-2022 *\/\n.elementor-widget-image{text-align:center}.elementor-widget-image a{display:inline-block}.elementor-widget-image a img[src$=\".svg\"]{width:48px}.elementor-widget-image img{vertical-align:middle;display:inline-block}<\/style>\t\t\t\t\t\t\t\t\t\t\t\t\t<a href=\"https:\/\/klisef.com.tr\/yeni\/emybyte-dx-serisi\/\">\n\t\t\t\t\t\t\t<img decoding=\"async\" width=\"720\" height=\"480\" src=\"https:\/\/klisef.com.tr\/yeni\/wp-content\/uploads\/2023\/02\/dx-720x480.png\" class=\"attachment-liquid-style21-lb size-liquid-style21-lb\" alt=\"\" srcset=\"https:\/\/klisef.com.tr\/yeni\/wp-content\/uploads\/2023\/02\/dx-720x480.png 720w, https:\/\/klisef.com.tr\/yeni\/wp-content\/uploads\/2023\/02\/dx-748x500.png 748w\" sizes=\"(max-width: 720px) 100vw, 720px\" \/>\t\t\t\t\t\t\t\t<\/a>\n\t\t\t\t\t\t\t\t\t\t\t\t\t\t\t<\/div>\n\t\t\t\t<\/div>\n\t\t\t\t<section class=\"elementor-section elementor-inner-section elementor-element elementor-element-c61d556 elementor-section-boxed elementor-section-height-default elementor-section-height-default\" data-id=\"c61d556\" data-element_type=\"section\">\n\t\t\t\t\t\t<div class=\"elementor-container elementor-column-gap-default\">\n\t\t\t\t\t<div class=\"elementor-column elementor-col-100 elementor-inner-column elementor-element elementor-element-2246184\" data-id=\"2246184\" data-element_type=\"column\" data-settings=\"{&quot;background_background&quot;:&quot;classic&quot;}\">\n\t\t\t<div class=\"elementor-widget-wrap elementor-element-populated\">\n\t\t\t\t\t\t\t\t<div class=\"elementor-element elementor-element-ee012a2 elementor-widget elementor-widget-hub_fancy_heading\" data-id=\"ee012a2\" data-element_type=\"widget\" data-widget_type=\"hub_fancy_heading.default\">\n\t\t\t\t<div class=\"elementor-widget-container\">\n\t\t\t\n\t\t<div id=\"ld-fancy-heading-69f0c2ace1a85\" class=\"ld-fancy-heading pos-rel\">\n\t\t\t<h2 class=\"ld-fh-element d-inline-block pos-rel  elementor-heading-title lqd-highlight-classic lqd-highlight-grow-left h2\"  > EMBYTE DX SER\u0130S\u0130<\/h2>\t\t<\/div>\n\n\t\t\t\t<\/div>\n\t\t\t\t<\/div>\n\t\t\t\t\t<\/div>\n\t\t<\/div>\n\t\t\t\t\t\t\t<\/div>\n\t\t<\/section>\n\t\t\t\t\t<\/div>\n\t\t<\/div>\n\t\t\t\t<div class=\"elementor-column elementor-col-33 elementor-top-column elementor-element elementor-element-f902e83\" data-id=\"f902e83\" data-element_type=\"column\">\n\t\t\t<div class=\"elementor-widget-wrap elementor-element-populated\">\n\t\t\t\t\t\t\t\t<div class=\"elementor-element elementor-element-ec0d863 elementor-widget elementor-widget-image\" data-id=\"ec0d863\" data-element_type=\"widget\" data-widget_type=\"image.default\">\n\t\t\t\t<div class=\"elementor-widget-container\">\n\t\t\t\t\t\t\t\t\t\t\t\t\t\t\t\t<a href=\"https:\/\/klisef.com.tr\/yeni\/inrow-serisi\/\">\n\t\t\t\t\t\t\t<img decoding=\"async\" width=\"720\" height=\"480\" src=\"data:image\/svg+xml,%3Csvg xmlns=&#039;http:\/\/www.w3.org\/2000\/svg&#039; viewBox=&#039;0 0 720 480&#039;%3E%3C\/svg%3E\" class=\"attachment-liquid-style21-lb size-liquid-style21-lb ld-lazyload\" alt=\"\" data-src=\"https:\/\/klisef.com.tr\/yeni\/wp-content\/uploads\/2023\/02\/IRDXi-720x480.png\" data-srcset=\"https:\/\/klisef.com.tr\/yeni\/wp-content\/uploads\/2023\/02\/IRDXi-720x480.png 720w, https:\/\/klisef.com.tr\/yeni\/wp-content\/uploads\/2023\/02\/IRDXi-748x500.png 748w\" data-sizes=\"(max-width: 720px) 100vw, 720px\" data-aspect=\"1.5\" \/>\t\t\t\t\t\t\t\t<\/a>\n\t\t\t\t\t\t\t\t\t\t\t\t\t\t\t<\/div>\n\t\t\t\t<\/div>\n\t\t\t\t<section class=\"elementor-section elementor-inner-section elementor-element elementor-element-88d6cd3 elementor-section-boxed elementor-section-height-default elementor-section-height-default\" data-id=\"88d6cd3\" data-element_type=\"section\">\n\t\t\t\t\t\t<div class=\"elementor-container elementor-column-gap-default\">\n\t\t\t\t\t<div class=\"elementor-column elementor-col-100 elementor-inner-column elementor-element elementor-element-a4a2418\" data-id=\"a4a2418\" data-element_type=\"column\" data-settings=\"{&quot;background_background&quot;:&quot;classic&quot;}\">\n\t\t\t<div class=\"elementor-widget-wrap elementor-element-populated\">\n\t\t\t\t\t\t\t\t<div class=\"elementor-element elementor-element-d663d76 elementor-widget elementor-widget-hub_fancy_heading\" data-id=\"d663d76\" data-element_type=\"widget\" data-widget_type=\"hub_fancy_heading.default\">\n\t\t\t\t<div class=\"elementor-widget-container\">\n\t\t\t\n\t\t<div id=\"ld-fancy-heading-69f0c2aceef38\" class=\"ld-fancy-heading pos-rel\">\n\t\t\t<h2 class=\"ld-fh-element d-inline-block pos-rel  elementor-heading-title lqd-highlight-classic lqd-highlight-grow-left h2\"  > INROW SER\u0130S\u0130<\/h2>\t\t<\/div>\n\n\t\t\t\t<\/div>\n\t\t\t\t<\/div>\n\t\t\t\t\t<\/div>\n\t\t<\/div>\n\t\t\t\t\t\t\t<\/div>\n\t\t<\/section>\n\t\t\t\t\t<\/div>\n\t\t<\/div>\n\t\t\t\t<div class=\"elementor-column elementor-col-33 elementor-top-column elementor-element elementor-element-1bbc4c8\" data-id=\"1bbc4c8\" data-element_type=\"column\">\n\t\t\t<div class=\"elementor-widget-wrap\">\n\t\t\t\t\t\t\t\t\t<\/div>\n\t\t<\/div>\n\t\t\t\t\t\t\t<\/div>\n\t\t<\/section>\n\t\t\t\t\t\t\t<\/div>\n\t\t","protected":false},"excerpt":{"rendered":"<p>EMBYTE DX SER\u0130S\u0130 INROW SER\u0130S\u0130<\/p>\n","protected":false},"author":1,"featured_media":0,"parent":0,"menu_order":0,"comment_status":"closed","ping_status":"closed","template":"","meta":{"footnotes":""},"class_list":["post-10859","page","type-page","status-publish","hentry"],"_links":{"self":[{"href":"https:\/\/klisef.com.tr\/yeni\/wp-json\/wp\/v2\/pages\/10859","targetHints":{"allow":["GET"]}}],"collection":[{"href":"https:\/\/klisef.com.tr\/yeni\/wp-json\/wp\/v2\/pages"}],"about":[{"href":"https:\/\/klisef.com.tr\/yeni\/wp-json\/wp\/v2\/types\/page"}],"author":[{"embeddable":true,"href":"https:\/\/klisef.com.tr\/yeni\/wp-json\/wp\/v2\/users\/1"}],"replies":[{"embeddable":true,"href":"https:\/\/klisef.com.tr\/yeni\/wp-json\/wp\/v2\/comments?post=10859"}],"version-history":[{"count":10,"href":"https:\/\/klisef.com.tr\/yeni\/wp-json\/wp\/v2\/pages\/10859\/revisions"}],"predecessor-version":[{"id":11384,"href":"https:\/\/klisef.com.tr\/yeni\/wp-json\/wp\/v2\/pages\/10859\/revisions\/11384"}],"wp:attachment":[{"href":"https:\/\/klisef.com.tr\/yeni\/wp-json\/wp\/v2\/media?parent=10859"}],"curies":[{"name":"wp","href":"https:\/\/api.w.org\/{rel}","templated":true}]}}