{"id":10801,"date":"2023-02-26T03:23:21","date_gmt":"2023-02-26T00:23:21","guid":{"rendered":"https:\/\/klisef.com.tr\/yeni\/?page_id=10801"},"modified":"2023-03-10T21:06:25","modified_gmt":"2023-03-10T18:06:25","slug":"klima-santralleri","status":"publish","type":"page","link":"https:\/\/klisef.com.tr\/yeni\/klima-santralleri\/","title":{"rendered":"Klima Santralleri"},"content":{"rendered":"\t\t<div data-elementor-type=\"wp-page\" data-elementor-id=\"10801\" class=\"elementor elementor-10801\">\n\t\t\t\t\t\t\t\t\t<section class=\"elementor-section elementor-top-section elementor-element elementor-element-98661a0 elementor-section-boxed elementor-section-height-default elementor-section-height-default\" data-id=\"98661a0\" data-element_type=\"section\" data-settings=\"{&quot;background_background&quot;:&quot;classic&quot;}\">\n\t\t\t\t\t\t<div class=\"elementor-container elementor-column-gap-default\">\n\t\t\t\t\t<div class=\"elementor-column elementor-col-33 elementor-top-column elementor-element elementor-element-b7fc095\" data-id=\"b7fc095\" data-element_type=\"column\">\n\t\t\t<div class=\"elementor-widget-wrap elementor-element-populated\">\n\t\t\t\t\t\t\t\t<div class=\"elementor-element elementor-element-c4cc953 elementor-widget elementor-widget-image\" data-id=\"c4cc953\" data-element_type=\"widget\" data-widget_type=\"image.default\">\n\t\t\t\t<div class=\"elementor-widget-container\">\n\t\t\t<style>\/*! elementor - v3.8.1 - 13-11-2022 *\/\n.elementor-widget-image{text-align:center}.elementor-widget-image a{display:inline-block}.elementor-widget-image a img[src$=\".svg\"]{width:48px}.elementor-widget-image img{vertical-align:middle;display:inline-block}<\/style>\t\t\t\t\t\t\t\t\t\t\t\t\t<a href=\"https:\/\/klisef.com.tr\/yeni\/hassas-klima-santralleri\/\">\n\t\t\t\t\t\t\t<img decoding=\"async\" width=\"720\" height=\"480\" src=\"https:\/\/klisef.com.tr\/yeni\/wp-content\/uploads\/2023\/02\/wu-720x480.png\" class=\"attachment-liquid-style21-lb size-liquid-style21-lb\" alt=\"\" srcset=\"https:\/\/klisef.com.tr\/yeni\/wp-content\/uploads\/2023\/02\/wu-720x480.png 720w, https:\/\/klisef.com.tr\/yeni\/wp-content\/uploads\/2023\/02\/wu-748x500.png 748w\" sizes=\"(max-width: 720px) 100vw, 720px\" \/>\t\t\t\t\t\t\t\t<\/a>\n\t\t\t\t\t\t\t\t\t\t\t\t\t\t\t<\/div>\n\t\t\t\t<\/div>\n\t\t\t\t<section class=\"elementor-section elementor-inner-section elementor-element elementor-element-c61d556 elementor-section-boxed elementor-section-height-default elementor-section-height-default\" data-id=\"c61d556\" data-element_type=\"section\">\n\t\t\t\t\t\t<div class=\"elementor-container elementor-column-gap-default\">\n\t\t\t\t\t<div class=\"elementor-column elementor-col-100 elementor-inner-column elementor-element elementor-element-2246184\" data-id=\"2246184\" data-element_type=\"column\" data-settings=\"{&quot;background_background&quot;:&quot;classic&quot;}\">\n\t\t\t<div class=\"elementor-widget-wrap elementor-element-populated\">\n\t\t\t\t\t\t\t\t<div class=\"elementor-element elementor-element-ee012a2 elementor-widget elementor-widget-hub_fancy_heading\" data-id=\"ee012a2\" data-element_type=\"widget\" data-widget_type=\"hub_fancy_heading.default\">\n\t\t\t\t<div class=\"elementor-widget-container\">\n\t\t\t\n\t\t<div id=\"ld-fancy-heading-69f0a64e811f2\" class=\"ld-fancy-heading pos-rel\">\n\t\t\t<h2 class=\"ld-fh-element d-inline-block pos-rel  elementor-heading-title lqd-highlight-classic lqd-highlight-grow-left h2\"  > HASSAS KL\u0130MA SANTRALLER\u0130<\/h2>\t\t<\/div>\n\n\t\t\t\t<\/div>\n\t\t\t\t<\/div>\n\t\t\t\t\t<\/div>\n\t\t<\/div>\n\t\t\t\t\t\t\t<\/div>\n\t\t<\/section>\n\t\t\t\t\t<\/div>\n\t\t<\/div>\n\t\t\t\t<div class=\"elementor-column elementor-col-33 elementor-top-column elementor-element elementor-element-f902e83\" data-id=\"f902e83\" data-element_type=\"column\">\n\t\t\t<div class=\"elementor-widget-wrap elementor-element-populated\">\n\t\t\t\t\t\t\t\t<div class=\"elementor-element elementor-element-ec0d863 elementor-widget elementor-widget-image\" data-id=\"ec0d863\" data-element_type=\"widget\" data-widget_type=\"image.default\">\n\t\t\t\t<div class=\"elementor-widget-container\">\n\t\t\t\t\t\t\t\t\t\t\t\t\t\t\t\t<a href=\"https:\/\/klisef.com.tr\/yeni\/havuz-nem-alma-santralleri\/\">\n\t\t\t\t\t\t\t<img decoding=\"async\" width=\"525\" height=\"380\" src=\"data:image\/svg+xml,%3Csvg xmlns=&#039;http:\/\/www.w3.org\/2000\/svg&#039; viewBox=&#039;0 0 525 380&#039;%3E%3C\/svg%3E\" class=\"attachment-liquid-style21-lb size-liquid-style21-lb ld-lazyload\" alt=\"\" data-src=\"https:\/\/klisef.com.tr\/yeni\/wp-content\/uploads\/2023\/02\/khns-havuz-nem-alma.png\" data-srcset=\"https:\/\/klisef.com.tr\/yeni\/wp-content\/uploads\/2023\/02\/khns-havuz-nem-alma.png 525w, https:\/\/klisef.com.tr\/yeni\/wp-content\/uploads\/2023\/02\/khns-havuz-nem-alma-300x217.png 300w\" data-sizes=\"(max-width: 525px) 100vw, 525px\" data-aspect=\"1.3815789473684\" \/>\t\t\t\t\t\t\t\t<\/a>\n\t\t\t\t\t\t\t\t\t\t\t\t\t\t\t<\/div>\n\t\t\t\t<\/div>\n\t\t\t\t<section class=\"elementor-section elementor-inner-section elementor-element elementor-element-88d6cd3 elementor-section-boxed elementor-section-height-default elementor-section-height-default\" data-id=\"88d6cd3\" data-element_type=\"section\">\n\t\t\t\t\t\t<div class=\"elementor-container elementor-column-gap-default\">\n\t\t\t\t\t<div class=\"elementor-column elementor-col-100 elementor-inner-column elementor-element elementor-element-a4a2418\" data-id=\"a4a2418\" data-element_type=\"column\" data-settings=\"{&quot;background_background&quot;:&quot;classic&quot;}\">\n\t\t\t<div class=\"elementor-widget-wrap elementor-element-populated\">\n\t\t\t\t\t\t\t\t<div class=\"elementor-element elementor-element-d663d76 elementor-widget elementor-widget-hub_fancy_heading\" data-id=\"d663d76\" data-element_type=\"widget\" data-widget_type=\"hub_fancy_heading.default\">\n\t\t\t\t<div class=\"elementor-widget-container\">\n\t\t\t\n\t\t<div id=\"ld-fancy-heading-69f0a64e8fe9b\" class=\"ld-fancy-heading pos-rel\">\n\t\t\t<h2 class=\"ld-fh-element d-inline-block pos-rel  elementor-heading-title lqd-highlight-classic lqd-highlight-grow-left h2\"  > HAVUZ NEM ALMA SANTRALLER\u0130<\/h2>\t\t<\/div>\n\n\t\t\t\t<\/div>\n\t\t\t\t<\/div>\n\t\t\t\t\t<\/div>\n\t\t<\/div>\n\t\t\t\t\t\t\t<\/div>\n\t\t<\/section>\n\t\t\t\t\t<\/div>\n\t\t<\/div>\n\t\t\t\t<div class=\"elementor-column elementor-col-33 elementor-top-column elementor-element elementor-element-4b04dd4\" data-id=\"4b04dd4\" data-element_type=\"column\">\n\t\t\t<div class=\"elementor-widget-wrap elementor-element-populated\">\n\t\t\t\t\t\t\t\t<div class=\"elementor-element elementor-element-1becee0 elementor-widget elementor-widget-image\" data-id=\"1becee0\" data-element_type=\"widget\" data-widget_type=\"image.default\">\n\t\t\t\t<div class=\"elementor-widget-container\">\n\t\t\t\t\t\t\t\t\t\t\t\t\t\t\t\t<a href=\"https:\/\/klisef.com.tr\/yeni\/hijyenik-klima-santralleri\/\">\n\t\t\t\t\t\t\t<img decoding=\"async\" width=\"668\" height=\"373\" src=\"data:image\/svg+xml,%3Csvg xmlns=&#039;http:\/\/www.w3.org\/2000\/svg&#039; viewBox=&#039;0 0 668 373&#039;%3E%3C\/svg%3E\" class=\"attachment-liquid-style21-lb size-liquid-style21-lb ld-lazyload\" alt=\"\" data-src=\"https:\/\/klisef.com.tr\/yeni\/wp-content\/uploads\/2023\/03\/IMG-20220806-WA0016-removebg-preview-1-1.png\" data-srcset=\"https:\/\/klisef.com.tr\/yeni\/wp-content\/uploads\/2023\/03\/IMG-20220806-WA0016-removebg-preview-1-1.png 668w, https:\/\/klisef.com.tr\/yeni\/wp-content\/uploads\/2023\/03\/IMG-20220806-WA0016-removebg-preview-1-1-300x168.png 300w\" data-sizes=\"(max-width: 668px) 100vw, 668px\" data-aspect=\"1.7908847184987\" \/>\t\t\t\t\t\t\t\t<\/a>\n\t\t\t\t\t\t\t\t\t\t\t\t\t\t\t<\/div>\n\t\t\t\t<\/div>\n\t\t\t\t<section class=\"elementor-section elementor-inner-section elementor-element elementor-element-c85239e elementor-section-boxed elementor-section-height-default elementor-section-height-default\" data-id=\"c85239e\" data-element_type=\"section\">\n\t\t\t\t\t\t<div class=\"elementor-container elementor-column-gap-default\">\n\t\t\t\t\t<div class=\"elementor-column elementor-col-100 elementor-inner-column elementor-element elementor-element-e112859\" data-id=\"e112859\" data-element_type=\"column\" data-settings=\"{&quot;background_background&quot;:&quot;classic&quot;}\">\n\t\t\t<div class=\"elementor-widget-wrap elementor-element-populated\">\n\t\t\t\t\t\t\t\t<div class=\"elementor-element elementor-element-1e65df4 elementor-widget elementor-widget-hub_fancy_heading\" data-id=\"1e65df4\" data-element_type=\"widget\" data-widget_type=\"hub_fancy_heading.default\">\n\t\t\t\t<div class=\"elementor-widget-container\">\n\t\t\t\n\t\t<div id=\"ld-fancy-heading-69f0a64e9f553\" class=\"ld-fancy-heading pos-rel\">\n\t\t\t<h2 class=\"ld-fh-element d-inline-block pos-rel  elementor-heading-title lqd-highlight-classic lqd-highlight-grow-left h2\"  > H\u0130JYEN\u0130K KL\u0130MA SANTRALLER\u0130<\/h2>\t\t<\/div>\n\n\t\t\t\t<\/div>\n\t\t\t\t<\/div>\n\t\t\t\t\t<\/div>\n\t\t<\/div>\n\t\t\t\t\t\t\t<\/div>\n\t\t<\/section>\n\t\t\t\t\t<\/div>\n\t\t<\/div>\n\t\t\t\t\t\t\t<\/div>\n\t\t<\/section>\n\t\t\t\t\t\t\t<\/div>\n\t\t","protected":false},"excerpt":{"rendered":"<p>HASSAS KL\u0130MA SANTRALLER\u0130 HAVUZ NEM ALMA SANTRALLER\u0130 H\u0130JYEN\u0130K KL\u0130MA SANTRALLER\u0130<\/p>\n","protected":false},"author":1,"featured_media":0,"parent":0,"menu_order":0,"comment_status":"closed","ping_status":"closed","template":"","meta":{"footnotes":""},"class_list":["post-10801","page","type-page","status-publish","hentry"],"_links":{"self":[{"href":"https:\/\/klisef.com.tr\/yeni\/wp-json\/wp\/v2\/pages\/10801","targetHints":{"allow":["GET"]}}],"collection":[{"href":"https:\/\/klisef.com.tr\/yeni\/wp-json\/wp\/v2\/pages"}],"about":[{"href":"https:\/\/klisef.com.tr\/yeni\/wp-json\/wp\/v2\/types\/page"}],"author":[{"embeddable":true,"href":"https:\/\/klisef.com.tr\/yeni\/wp-json\/wp\/v2\/users\/1"}],"replies":[{"embeddable":true,"href":"https:\/\/klisef.com.tr\/yeni\/wp-json\/wp\/v2\/comments?post=10801"}],"version-history":[{"count":16,"href":"https:\/\/klisef.com.tr\/yeni\/wp-json\/wp\/v2\/pages\/10801\/revisions"}],"predecessor-version":[{"id":11599,"href":"https:\/\/klisef.com.tr\/yeni\/wp-json\/wp\/v2\/pages\/10801\/revisions\/11599"}],"wp:attachment":[{"href":"https:\/\/klisef.com.tr\/yeni\/wp-json\/wp\/v2\/media?parent=10801"}],"curies":[{"name":"wp","href":"https:\/\/api.w.org\/{rel}","templated":true}]}}